{"id":2007,"date":"2022-02-10T15:51:04","date_gmt":"2022-02-10T14:51:04","guid":{"rendered":"https:\/\/sport-goslar.de\/verein-shop\/?post_type=product&#038;p=2007"},"modified":"2023-02-28T20:35:10","modified_gmt":"2023-02-28T19:35:10","slug":"kinder-polyhose-classico","status":"publish","type":"product","link":"https:\/\/sport-goslar.de\/verein-shop\/produkt\/kinder-polyhose-classico\/","title":{"rendered":"Kinder Polyhose Classico"},"content":{"rendered":"","protected":false},"excerpt":{"rendered":"<p><strong>Kinder Polyhose Classico<\/strong><\/p>\n<p>Die klassische Fu\u00dfballhose, im Design auf das Wesentliche fokussiert und mit allen Funktionen ausgestattet, die Du auf dem Platz ben\u00f6tigst. Das Textilmaterial aus Polyester ist leicht und trocknet schnell. Der Beinabschluss ist mit einem Rei\u00dfverschluss und Rippeinsatz ausgestattet: Dadurch l\u00e4sst sich die Hose einfach anziehen und liegt angenehm am Bein. Der elastische Bund mit Kordelzug l\u00e4sst sich individuell einstellen und verleiht so einen optimalen Sitz an der H\u00fcfte. Bei Bedarf lassen sich in den Seitentaschen Alltagsgegenst\u00e4nde verstauen. Auch geeignet als Teil eines Jogginganzug. Sie ist in den Gr\u00f6\u00dfen 116 \u2013 164 f\u00fcr Kinder, in den Gr\u00f6\u00dfen S \u2013 4XL f\u00fcr Herren, im Damenschnitt von 34 \u2013 48 f\u00fcr Frauen, in den Kurzgr\u00f6\u00dfen 24 \u2013 30 und den Langgr\u00f6\u00dfen 94 \u2013 110 verf\u00fcgbar. Gern beraten wir euch auch \u00fcber den optimale Textildruck mit Nummern, Vereinswappen, Initalien, Sponsorenlogos.<\/p>\n<p>Gr\u00f6\u00dfe\u00a0 104-164<\/p>\n<p>Lieferzeit: ca 5 &#8211; 10 Tage<\/p>\n<table border=\"1\" cellspacing=\"0\" cellpadding=\"0\">\n<tbody>\n<tr>\n<td><strong>Menge<\/strong><\/td>\n<td><strong>Preis<\/strong><\/td>\n<\/tr>\n<tr>\n<td>1 &#8211; 2<\/td>\n<td>\u00a016,99 \u20ac<\/td>\n<\/tr>\n<tr>\n<td>3 &#8211; 9<\/td>\n<td>\u00a014,99 \u20ac<\/td>\n<\/tr>\n<tr>\n<td>10-50<\/td>\n<td>\u00a013,99 \u20ac<\/td>\n<\/tr>\n<\/tbody>\n<\/table>\n<p>&nbsp;<\/p>\n","protected":false},"featured_media":2006,"template":"","meta":[],"product_brand":[],"product_cat":[343,352,371,388,242],"product_tag":[],"class_list":{"0":"post-2007","1":"product","2":"type-product","3":"status-publish","4":"has-post-thumbnail","6":"product_cat-short-hosen-sv-yurdumspor-88-lehrte","7":"product_cat-short-hosen-tsv-eintracht-essinghausen","8":"product_cat-short-hosen-ssv-stederdorf","9":"product_cat-short-hosen","10":"product_cat-short-und-hosen-jako","11":"description-off","13":"first","14":"instock","15":"sale","16":"taxable","17":"shipping-taxable","18":"purchasable","19":"product-type-variable"},"_links":{"self":[{"href":"https:\/\/sport-goslar.de\/verein-shop\/wp-json\/wp\/v2\/product\/2007","targetHints":{"allow":["GET"]}}],"collection":[{"href":"https:\/\/sport-goslar.de\/verein-shop\/wp-json\/wp\/v2\/product"}],"about":[{"href":"https:\/\/sport-goslar.de\/verein-shop\/wp-json\/wp\/v2\/types\/product"}],"wp:featuredmedia":[{"embeddable":true,"href":"https:\/\/sport-goslar.de\/verein-shop\/wp-json\/wp\/v2\/media\/2006"}],"wp:attachment":[{"href":"https:\/\/sport-goslar.de\/verein-shop\/wp-json\/wp\/v2\/media?parent=2007"}],"wp:term":[{"taxonomy":"product_brand","embeddable":true,"href":"https:\/\/sport-goslar.de\/verein-shop\/wp-json\/wp\/v2\/product_brand?post=2007"},{"taxonomy":"product_cat","embeddable":true,"href":"https:\/\/sport-goslar.de\/verein-shop\/wp-json\/wp\/v2\/product_cat?post=2007"},{"taxonomy":"product_tag","embeddable":true,"href":"https:\/\/sport-goslar.de\/verein-shop\/wp-json\/wp\/v2\/product_tag?post=2007"}],"curies":[{"name":"wp","href":"https:\/\/api.w.org\/{rel}","templated":true}]}}