{"id":1982,"date":"2022-02-10T12:32:25","date_gmt":"2022-02-10T11:32:25","guid":{"rendered":"https:\/\/sport-goslar.de\/verein-shop\/?post_type=product&#038;p=1982"},"modified":"2022-02-17T17:36:36","modified_gmt":"2022-02-17T16:36:36","slug":"ssv-polyjacke-inklusive-vereinswappen","status":"publish","type":"product","link":"https:\/\/sport-goslar.de\/verein-shop\/produkt\/ssv-polyjacke-inklusive-vereinswappen\/","title":{"rendered":"SSV Polyjacke inklusive Vereinswappen"},"content":{"rendered":"<p>Bitte beachtet das es sich bei individualisierten Artikeln die mit Namen, Nummern oder Sponsorenlogos versehen sind um Sonderanfertigungen handelt. Diese Artikel k\u00f6nnen leider nicht umgetauscht werden.<\/p>\n","protected":false},"excerpt":{"rendered":"<p><strong>SSV Polyjacke mit Vereinswappen auf der Brust<\/strong><\/p>\n<div class=\"woocommerce-product-details__short-description\">\n<p>Die Jako Polyesterjacke Challenge ist vor, w\u00e4hrend und nach dem Sport dein optimaler Begleiter. Diese Sportbekleidung \u00fcberzeugt durch ihre funktionellen Eigenschaften. Die Seitentaschen mit Rei\u00dfverschluss bieten Platz f\u00fcr allerlei Gegenst\u00e4nde des Alltags. Jacken und \u00c4rmelabschluss sind mit einem Ripp-Element ausgestattet.<\/p>\n<\/div>\n<p>UVP 44,99 \u20ac + Druckkosten<\/p>\n<p>Fb 201 = gr\u00fcn<\/p>\n<p>Gr\u00f6\u00dfe\u00a0 S &#8211; 4XL<\/p>\n<p>Lieferzeit: ca 2 &#8211; 4 Wochen<\/p>\n<table border=\"1\" cellspacing=\"0\" cellpadding=\"0\">\n<tbody>\n<tr>\n<td><strong>Menge<\/strong><\/td>\n<td><strong>Preis<\/strong><\/td>\n<\/tr>\n<tr>\n<td>1 &#8211;\u00a0 4<\/td>\n<td>37,99 \u20ac<\/td>\n<\/tr>\n<tr>\n<td>5 &#8211;\u00a0 9<\/td>\n<td>33,99 \u20ac<\/td>\n<\/tr>\n<tr>\n<td>10-50<\/td>\n<td>32,99 \u20ac<\/td>\n<\/tr>\n<\/tbody>\n<\/table>\n<p>&nbsp;<\/p>\n","protected":false},"featured_media":1827,"template":"","meta":[],"product_brand":[],"product_cat":[370,15],"product_tag":[],"class_list":{"0":"post-1982","1":"product","2":"type-product","3":"status-publish","4":"has-post-thumbnail","6":"product_cat-jacken-oberteile-stederdorf","7":"product_cat-vereine","8":"description-off","10":"first","11":"instock","12":"sale","13":"taxable","14":"shipping-taxable","15":"purchasable","16":"product-type-variable"},"_links":{"self":[{"href":"https:\/\/sport-goslar.de\/verein-shop\/wp-json\/wp\/v2\/product\/1982","targetHints":{"allow":["GET"]}}],"collection":[{"href":"https:\/\/sport-goslar.de\/verein-shop\/wp-json\/wp\/v2\/product"}],"about":[{"href":"https:\/\/sport-goslar.de\/verein-shop\/wp-json\/wp\/v2\/types\/product"}],"wp:featuredmedia":[{"embeddable":true,"href":"https:\/\/sport-goslar.de\/verein-shop\/wp-json\/wp\/v2\/media\/1827"}],"wp:attachment":[{"href":"https:\/\/sport-goslar.de\/verein-shop\/wp-json\/wp\/v2\/media?parent=1982"}],"wp:term":[{"taxonomy":"product_brand","embeddable":true,"href":"https:\/\/sport-goslar.de\/verein-shop\/wp-json\/wp\/v2\/product_brand?post=1982"},{"taxonomy":"product_cat","embeddable":true,"href":"https:\/\/sport-goslar.de\/verein-shop\/wp-json\/wp\/v2\/product_cat?post=1982"},{"taxonomy":"product_tag","embeddable":true,"href":"https:\/\/sport-goslar.de\/verein-shop\/wp-json\/wp\/v2\/product_tag?post=1982"}],"curies":[{"name":"wp","href":"https:\/\/api.w.org\/{rel}","templated":true}]}}