{"id":1978,"date":"2022-02-10T12:21:53","date_gmt":"2022-02-10T11:21:53","guid":{"rendered":"https:\/\/sport-goslar.de\/verein-shop\/?post_type=product&#038;p=1978"},"modified":"2022-02-17T17:36:28","modified_gmt":"2022-02-17T16:36:28","slug":"ssv-freizeitjacke-kapuze-inklusive-vereinswappen","status":"publish","type":"product","link":"https:\/\/sport-goslar.de\/verein-shop\/produkt\/ssv-freizeitjacke-kapuze-inklusive-vereinswappen\/","title":{"rendered":"SSV Freizeitjacke Kapuze inklusive Vereinswappen"},"content":{"rendered":"<p>Bitte beachtet das es sich bei individualisierten Artikeln die mit Namen, Nummern oder Sponsorenlogos versehen sind um Sonderanfertigungen handelt. Diese Artikel k\u00f6nnen leider nicht umgetauscht werden.<\/p>\n","protected":false},"excerpt":{"rendered":"<p><strong>SSV Freizeitjacke Kapuze mit Vereinswappen auf der Brust<\/strong><\/p>\n<div class=\"woocommerce-product-details__short-description\">\n<p>Jako Challenge ist eine klassische Teamline im typischen JAKO Design. Auch auf der Freizeitjacke ist der f\u00fcr die Linie typische Kontraststreifen an den Seiten zu sehen. Der modische Stehkragen verleiht dem Style einen sportlichen Look und pr\u00e4gt. Die zahlreichen Details wie das Kontrast \u2013 Tape an der Schulter, der zweifarbige Rei\u00dfverschlussanh\u00e4nger und die Zippergarage pr\u00e4gen den Stil der Jacke. Das Oberteil ist aus dem angenehmen Material Double Knit-Polyester gefertigt. Erh\u00e4ltlich in zehn Farbvarianten und in Gr\u00f6\u00dfen von S \u2013 4XL sowie im Damenschnitt von 34 \u2013 44 passt es garantiert in die pers\u00f6nliche Sportkollektion jedes Athleten.<\/p>\n<\/div>\n<p>UVP 79,99 \u20ac + Druckkosten<\/p>\n<p>Fb 503 = schwarz\/gr\u00fcn<\/p>\n<p>Gr\u00f6\u00dfe\u00a0 S &#8211; 4XL<\/p>\n<p>Lieferzeit: ca 2 &#8211; 4 Wochen<\/p>\n<table border=\"1\" cellspacing=\"0\" cellpadding=\"0\">\n<tbody>\n<tr>\n<td><strong>Menge<\/strong><\/td>\n<td><strong>Preis<\/strong><\/td>\n<\/tr>\n<tr>\n<td>1 &#8211;\u00a0 4<\/td>\n<td>61,99 \u20ac<\/td>\n<\/tr>\n<tr>\n<td>5 &#8211;\u00a0 9<\/td>\n<td>57,99 \u20ac<\/td>\n<\/tr>\n<tr>\n<td>10-50<\/td>\n<td>55,99 \u20ac<\/td>\n<\/tr>\n<\/tbody>\n<\/table>\n<p>&nbsp;<\/p>\n","protected":false},"featured_media":1828,"template":"","meta":[],"product_brand":[],"product_cat":[370,15],"product_tag":[],"class_list":{"0":"post-1978","1":"product","2":"type-product","3":"status-publish","4":"has-post-thumbnail","6":"product_cat-jacken-oberteile-stederdorf","7":"product_cat-vereine","8":"description-off","10":"first","11":"instock","12":"sale","13":"taxable","14":"shipping-taxable","15":"purchasable","16":"product-type-variable"},"_links":{"self":[{"href":"https:\/\/sport-goslar.de\/verein-shop\/wp-json\/wp\/v2\/product\/1978","targetHints":{"allow":["GET"]}}],"collection":[{"href":"https:\/\/sport-goslar.de\/verein-shop\/wp-json\/wp\/v2\/product"}],"about":[{"href":"https:\/\/sport-goslar.de\/verein-shop\/wp-json\/wp\/v2\/types\/product"}],"wp:featuredmedia":[{"embeddable":true,"href":"https:\/\/sport-goslar.de\/verein-shop\/wp-json\/wp\/v2\/media\/1828"}],"wp:attachment":[{"href":"https:\/\/sport-goslar.de\/verein-shop\/wp-json\/wp\/v2\/media?parent=1978"}],"wp:term":[{"taxonomy":"product_brand","embeddable":true,"href":"https:\/\/sport-goslar.de\/verein-shop\/wp-json\/wp\/v2\/product_brand?post=1978"},{"taxonomy":"product_cat","embeddable":true,"href":"https:\/\/sport-goslar.de\/verein-shop\/wp-json\/wp\/v2\/product_cat?post=1978"},{"taxonomy":"product_tag","embeddable":true,"href":"https:\/\/sport-goslar.de\/verein-shop\/wp-json\/wp\/v2\/product_tag?post=1978"}],"curies":[{"name":"wp","href":"https:\/\/api.w.org\/{rel}","templated":true}]}}