{"id":1942,"date":"2022-02-09T15:26:07","date_gmt":"2022-02-09T14:26:07","guid":{"rendered":"https:\/\/sport-goslar.de\/verein-shop\/?post_type=product&#038;p=1942"},"modified":"2023-02-24T20:32:21","modified_gmt":"2023-02-24T19:32:21","slug":"trikot-team-fuer-erwachsene","status":"publish","type":"product","link":"https:\/\/sport-goslar.de\/verein-shop\/produkt\/trikot-team-fuer-erwachsene\/","title":{"rendered":"Trikot Team f\u00fcr Erwachsene"},"content":{"rendered":"","protected":false},"excerpt":{"rendered":"<div class=\"woocommerce-product-details__short-description\">\n<p>Jako Trikot Team<br \/>\nDas Trikot JAKO Trikot TEAM ist die optimale Wahl f\u00fcr deine Mannschaft. Das Interlockgewebe des deutschen Teamsportspezialisten Jako mit der KEEP DRY Funktion ist atmungsaktiv.Feuchtigkeit wird schnell vom K\u00f6rper weg nach au\u00dfen transportiert. So bleibt das angenehme Tragegef\u00fchl auch bei hoher Belastung bestehen. Das Polyester \u2013 Interlock ist sehr schnelltrocknend und pflegeleicht. Mit diesem Jersey bist Du in jeder Sportsituation passend gekleidet. Perfekt kombiniert wird das Jersey mit der <strong>Sporthose MANCHESTER<\/strong> die ihr f\u00fcr Kinder <strong>schon ab 8,50 \u20ac (<\/strong>Erw.9,50 \u20ac ) bestellen k\u00f6nnt. . Das Trikot hat eine Laufzeit bis 2023<\/p>\n<\/div>\n<p>UVP 17,99<\/p>\n<p>Lieferzeit: ca 5 &#8211; 10 Tage<\/p>\n<table border=\"1\" cellspacing=\"0\" cellpadding=\"0\">\n<tbody>\n<tr>\n<td><strong>Menge<\/strong><\/td>\n<td><strong>Preis<\/strong><\/td>\n<\/tr>\n<tr>\n<td>1 &#8211; 2<\/td>\n<td>\u00a0 13,99 \u20ac<\/td>\n<\/tr>\n<tr>\n<td>3 &#8211; 9<\/td>\n<td>\u00a0 11,99 \u20ac<\/td>\n<\/tr>\n<tr>\n<td>10-50<\/td>\n<td>\u00a0 10,99 \u20ac<\/td>\n<\/tr>\n<\/tbody>\n<\/table>\n<p>&nbsp;<\/p>\n","protected":false},"featured_media":1953,"template":"","meta":[],"product_brand":[],"product_cat":[370,342,374,346,391,355,247],"product_tag":[],"class_list":{"0":"post-1942","1":"product","2":"type-product","3":"status-publish","4":"has-post-thumbnail","6":"product_cat-jacken-oberteile-stederdorf","7":"product_cat-jacken-oberteile-sv-yurdumspor-88-lehrte","8":"product_cat-trikots-shirts-ssv-stederdorf","9":"product_cat-trikots-shirts-sv-yurdumspor-88-lehrte","10":"product_cat-trikots-shirts","11":"product_cat-trikots-shirts-tsv-eintracht-essinghausen","12":"product_cat-trikots-jako","13":"description-off","15":"first","16":"instock","17":"sale","18":"taxable","19":"shipping-taxable","20":"purchasable","21":"product-type-variable"},"_links":{"self":[{"href":"https:\/\/sport-goslar.de\/verein-shop\/wp-json\/wp\/v2\/product\/1942","targetHints":{"allow":["GET"]}}],"collection":[{"href":"https:\/\/sport-goslar.de\/verein-shop\/wp-json\/wp\/v2\/product"}],"about":[{"href":"https:\/\/sport-goslar.de\/verein-shop\/wp-json\/wp\/v2\/types\/product"}],"wp:featuredmedia":[{"embeddable":true,"href":"https:\/\/sport-goslar.de\/verein-shop\/wp-json\/wp\/v2\/media\/1953"}],"wp:attachment":[{"href":"https:\/\/sport-goslar.de\/verein-shop\/wp-json\/wp\/v2\/media?parent=1942"}],"wp:term":[{"taxonomy":"product_brand","embeddable":true,"href":"https:\/\/sport-goslar.de\/verein-shop\/wp-json\/wp\/v2\/product_brand?post=1942"},{"taxonomy":"product_cat","embeddable":true,"href":"https:\/\/sport-goslar.de\/verein-shop\/wp-json\/wp\/v2\/product_cat?post=1942"},{"taxonomy":"product_tag","embeddable":true,"href":"https:\/\/sport-goslar.de\/verein-shop\/wp-json\/wp\/v2\/product_tag?post=1942"}],"curies":[{"name":"wp","href":"https:\/\/api.w.org\/{rel}","templated":true}]}}