{"id":1919,"date":"2022-02-08T17:58:35","date_gmt":"2022-02-08T16:58:35","guid":{"rendered":"https:\/\/sport-goslar.de\/verein-shop\/?post_type=product&#038;p=1919"},"modified":"2023-02-24T20:01:40","modified_gmt":"2023-02-24T19:01:40","slug":"t-shirt-compression-2-0","status":"publish","type":"product","link":"https:\/\/sport-goslar.de\/verein-shop\/produkt\/t-shirt-compression-2-0\/","title":{"rendered":"T-Shirt Compression 2.0"},"content":{"rendered":"","protected":false},"excerpt":{"rendered":"<p>Hochfunktionale Underwear im Stile Deines Vereins. Mit dem T-Shirt COMPRESSION 2.0 bist Du perfekt f\u00fcr den Wettkampf, das Training oder kalte Tage in der Freizeit ausgestattet. Es liegt sprichw\u00f6rtlich wie eine zweite Haut am K\u00f6rper. Das T-Shirt COMPRESSION 2.0 ist aus elastischen Fasern gefertigt, welche durch eine leicht kompressive Wirkung die Durchblutung f\u00f6rdern. Das Fertigungsmaterial Polyester &#8211; Stretch &#8211; Tech setzt sich aus 87% Polyester und 13% Elasthan zusammen, dadurch liegt die Underwear perfekt am K\u00f6rper. Flatlock &#8211; N\u00e4hte verhindern unangenehme Reibungspunkte auf der Haut. Erh\u00e4ltlich ist das T-Shirt in den Farben schwarz und wei\u00df. Es kann von Damen, Herren und Kindern getragen werden, denn das T-Shirt ist in Gr\u00f6\u00dfen von XS &#8211; XXL verf\u00fcgbar.<\/p>\n<p>UVP 34,99<\/p>\n<p>Lieferzeit: ca 5 &#8211; 10 Tage<\/p>\n<table border=\"1\" cellspacing=\"0\" cellpadding=\"0\">\n<tbody>\n<tr>\n<td><strong>Menge<\/strong><\/td>\n<td><strong>Preis<\/strong><\/td>\n<\/tr>\n<tr>\n<td>1 &#8211; 2<\/td>\n<td>25,99 \u20ac<\/td>\n<\/tr>\n<tr>\n<td>3 &#8211; 9<\/td>\n<td>22,99 \u20ac<\/td>\n<\/tr>\n<tr>\n<td>10-50<\/td>\n<td>21,99 \u20ac<\/td>\n<\/tr>\n<\/tbody>\n<\/table>\n<p>&nbsp;<\/p>\n","protected":false},"featured_media":1922,"template":"","meta":[],"product_brand":[],"product_cat":[392,347,356,375,248],"product_tag":[],"class_list":{"0":"post-1919","1":"product","2":"type-product","3":"status-publish","4":"has-post-thumbnail","6":"product_cat-unterwaesche","7":"product_cat-unterwaesche-stutzen-sv-yurdumspor-88-lehrte","8":"product_cat-unterwaesche-stutzen-tsv-eintracht-essinghausen","9":"product_cat-unterwaesche-stutzen-ssv-stederdorf","10":"product_cat-unterwaesche-jako","11":"description-off","13":"first","14":"instock","15":"sale","16":"taxable","17":"shipping-taxable","18":"purchasable","19":"product-type-variable"},"_links":{"self":[{"href":"https:\/\/sport-goslar.de\/verein-shop\/wp-json\/wp\/v2\/product\/1919","targetHints":{"allow":["GET"]}}],"collection":[{"href":"https:\/\/sport-goslar.de\/verein-shop\/wp-json\/wp\/v2\/product"}],"about":[{"href":"https:\/\/sport-goslar.de\/verein-shop\/wp-json\/wp\/v2\/types\/product"}],"wp:featuredmedia":[{"embeddable":true,"href":"https:\/\/sport-goslar.de\/verein-shop\/wp-json\/wp\/v2\/media\/1922"}],"wp:attachment":[{"href":"https:\/\/sport-goslar.de\/verein-shop\/wp-json\/wp\/v2\/media?parent=1919"}],"wp:term":[{"taxonomy":"product_brand","embeddable":true,"href":"https:\/\/sport-goslar.de\/verein-shop\/wp-json\/wp\/v2\/product_brand?post=1919"},{"taxonomy":"product_cat","embeddable":true,"href":"https:\/\/sport-goslar.de\/verein-shop\/wp-json\/wp\/v2\/product_cat?post=1919"},{"taxonomy":"product_tag","embeddable":true,"href":"https:\/\/sport-goslar.de\/verein-shop\/wp-json\/wp\/v2\/product_tag?post=1919"}],"curies":[{"name":"wp","href":"https:\/\/api.w.org\/{rel}","templated":true}]}}