{"id":1901,"date":"2022-02-08T17:26:21","date_gmt":"2022-02-08T16:26:21","guid":{"rendered":"https:\/\/sport-goslar.de\/verein-shop\/?post_type=product&#038;p=1901"},"modified":"2023-02-24T20:02:46","modified_gmt":"2023-02-24T19:02:46","slug":"longsleeve-comfort-2-0","status":"publish","type":"product","link":"https:\/\/sport-goslar.de\/verein-shop\/produkt\/longsleeve-comfort-2-0\/","title":{"rendered":"Longsleeve Comfort 2.0"},"content":{"rendered":"","protected":false},"excerpt":{"rendered":"<p>Komfort trifft auf Funktionalit\u00e4t. Die Underwear ist im Sport ein wichtiger Bestandteil. Ganz egal ob beim Training oder beim Laufen im Park. An kalten und an warmen Tagen bewahrst Du dank der Funktionsunterw\u00e4sche immer ein angenehmes K\u00f6rpergef\u00fchl. Das Longsleeve COMFORT 2.0 ist dein perfekter Begleiter beim Sport. Es ist sehr bequem zu tragen. Das komplette Longsleeve ist seamless verarbeitet. Dies bedeutet, dass dich keine unangenehm Druckstellen beim Sport ablenken. Der Komfort steht bei dem Longsleeve COMFORT 2.0 im Vordergrund. Selbst bei gro\u00dfer Anstrengung bewahrst Du ein angenehmes K\u00f6rpergef\u00fchl. JAKO ist bekannt f\u00fcr eine riesiege Farb- und Gr\u00f6\u00dfenauswahl. In zw\u00f6lf Farben ist das Longsleeve erh\u00e4ltlich. Entdecke jetzt die funkionelle Underwear und \u00fcberzeuge dich selbst.Gr\u00f6\u00dfe XXS bis XXL<\/p>\n<p>UVP 39,99<\/p>\n<p>Lieferzeit: ca 5 &#8211; 10 Tage<\/p>\n<table border=\"1\" cellspacing=\"0\" cellpadding=\"0\">\n<tbody>\n<tr>\n<td><strong>Menge<\/strong><\/td>\n<td><strong>Preis<\/strong><\/td>\n<\/tr>\n<tr>\n<td>1 &#8211; 2<\/td>\n<td>29,99 \u20ac<\/td>\n<\/tr>\n<tr>\n<td>3 &#8211; 9<\/td>\n<td>25,99 \u20ac<\/td>\n<\/tr>\n<tr>\n<td>10-50<\/td>\n<td>24,99 \u20ac<\/td>\n<\/tr>\n<\/tbody>\n<\/table>\n<p>&nbsp;<\/p>\n","protected":false},"featured_media":1903,"template":"","meta":[],"product_brand":[],"product_cat":[392,375,347,356,248],"product_tag":[],"class_list":{"0":"post-1901","1":"product","2":"type-product","3":"status-publish","4":"has-post-thumbnail","6":"product_cat-unterwaesche","7":"product_cat-unterwaesche-stutzen-ssv-stederdorf","8":"product_cat-unterwaesche-stutzen-sv-yurdumspor-88-lehrte","9":"product_cat-unterwaesche-stutzen-tsv-eintracht-essinghausen","10":"product_cat-unterwaesche-jako","11":"description-off","13":"first","14":"instock","15":"sale","16":"taxable","17":"shipping-taxable","18":"purchasable","19":"product-type-variable"},"_links":{"self":[{"href":"https:\/\/sport-goslar.de\/verein-shop\/wp-json\/wp\/v2\/product\/1901","targetHints":{"allow":["GET"]}}],"collection":[{"href":"https:\/\/sport-goslar.de\/verein-shop\/wp-json\/wp\/v2\/product"}],"about":[{"href":"https:\/\/sport-goslar.de\/verein-shop\/wp-json\/wp\/v2\/types\/product"}],"wp:featuredmedia":[{"embeddable":true,"href":"https:\/\/sport-goslar.de\/verein-shop\/wp-json\/wp\/v2\/media\/1903"}],"wp:attachment":[{"href":"https:\/\/sport-goslar.de\/verein-shop\/wp-json\/wp\/v2\/media?parent=1901"}],"wp:term":[{"taxonomy":"product_brand","embeddable":true,"href":"https:\/\/sport-goslar.de\/verein-shop\/wp-json\/wp\/v2\/product_brand?post=1901"},{"taxonomy":"product_cat","embeddable":true,"href":"https:\/\/sport-goslar.de\/verein-shop\/wp-json\/wp\/v2\/product_cat?post=1901"},{"taxonomy":"product_tag","embeddable":true,"href":"https:\/\/sport-goslar.de\/verein-shop\/wp-json\/wp\/v2\/product_tag?post=1901"}],"curies":[{"name":"wp","href":"https:\/\/api.w.org\/{rel}","templated":true}]}}