{"id":1835,"date":"2022-02-09T18:00:25","date_gmt":"2022-02-09T17:00:25","guid":{"rendered":"https:\/\/sport-goslar.de\/verein-shop\/?post_type=product&#038;p=1835"},"modified":"2023-02-24T21:46:46","modified_gmt":"2023-02-24T20:46:46","slug":"ssv-kinder-allwetterjacke-inklusive-vereinswappen","status":"publish","type":"product","link":"https:\/\/sport-goslar.de\/verein-shop\/produkt\/ssv-kinder-allwetterjacke-inklusive-vereinswappen\/","title":{"rendered":"SSV Kinder Allwetterjacke inklusive Vereinswappen"},"content":{"rendered":"<p>Bitte beachtet das es sich bei individualisierten Artikeln die mit Namen, Nummern oder Sponsorenlogos versehen sind um Sonderanfertigungen handelt. Diese Artikel k\u00f6nnen leider nicht umgetauscht werden.<\/p>\n","protected":false},"excerpt":{"rendered":"<p><strong>SSV Kinder Allwetterjacke Team 2.0 mit Vereinswappen auf der Brust<\/strong><\/p>\n<p>Die JAKO Regenjacke Team besteht aus 100 % Polyester. Das wind- und wasserabweisende Obermaterial, die integrierte Kapuze im Kragen sch\u00fctzen dich vor Wind und K\u00e4lte. Die Allwetterjacke Team 2.0 bietet dir Seitentaschen, ein Innenfutter aus Mesh und einen Jackenabschlu\u00df mit Kordelzug und Stoppern. Die getapten N\u00e4hte an Schulterpatie und im Brustbereich und die 1500mm Wassers\u00e4ule lassen dich nicht so schnell im Regen stehen. Gern beraten wir euch auch \u00fcber einen hochwertigen Siebdruck oder wie wir Vereinswappen bzw. Sponsorenlogos auf die Regenjacken f\u00fcr euer Team drucken. Unsere Siebdrucke l\u00f6sen sich auch bei Regenjacken oder Taschen nicht ab!<\/p>\n<p>UVP 39,99 \u20ac + Druckkosten<\/p>\n<p>&nbsp;<\/p>\n<p>Fb 04 = gr\u00fcn<\/p>\n<p>Fb 08 = schwarz<\/p>\n<p>Gr\u00f6\u00dfe 116-164<\/p>\n<p>Lieferzeit: ca 2 &#8211; 4 Wochen<\/p>\n<table border=\"1\" cellspacing=\"0\" cellpadding=\"0\">\n<tbody>\n<tr>\n<td><strong>Menge<\/strong><\/td>\n<td><strong>Preis<\/strong><\/td>\n<\/tr>\n<tr>\n<td>1 &#8211;\u00a0 4<\/td>\n<td>37,99 \u20ac<\/td>\n<\/tr>\n<tr>\n<td>5 &#8211;\u00a0 9<\/td>\n<td>32,99 \u20ac<\/td>\n<\/tr>\n<tr>\n<td>10-50<\/td>\n<td>31,99 \u20ac<\/td>\n<\/tr>\n<\/tbody>\n<\/table>\n<p>&nbsp;<\/p>\n","protected":false},"featured_media":1825,"template":"","meta":[],"product_brand":[],"product_cat":[370,15],"product_tag":[],"class_list":{"0":"post-1835","1":"product","2":"type-product","3":"status-publish","4":"has-post-thumbnail","6":"product_cat-jacken-oberteile-stederdorf","7":"product_cat-vereine","8":"description-off","10":"first","11":"instock","12":"sale","13":"taxable","14":"shipping-taxable","15":"purchasable","16":"product-type-variable"},"_links":{"self":[{"href":"https:\/\/sport-goslar.de\/verein-shop\/wp-json\/wp\/v2\/product\/1835","targetHints":{"allow":["GET"]}}],"collection":[{"href":"https:\/\/sport-goslar.de\/verein-shop\/wp-json\/wp\/v2\/product"}],"about":[{"href":"https:\/\/sport-goslar.de\/verein-shop\/wp-json\/wp\/v2\/types\/product"}],"wp:featuredmedia":[{"embeddable":true,"href":"https:\/\/sport-goslar.de\/verein-shop\/wp-json\/wp\/v2\/media\/1825"}],"wp:attachment":[{"href":"https:\/\/sport-goslar.de\/verein-shop\/wp-json\/wp\/v2\/media?parent=1835"}],"wp:term":[{"taxonomy":"product_brand","embeddable":true,"href":"https:\/\/sport-goslar.de\/verein-shop\/wp-json\/wp\/v2\/product_brand?post=1835"},{"taxonomy":"product_cat","embeddable":true,"href":"https:\/\/sport-goslar.de\/verein-shop\/wp-json\/wp\/v2\/product_cat?post=1835"},{"taxonomy":"product_tag","embeddable":true,"href":"https:\/\/sport-goslar.de\/verein-shop\/wp-json\/wp\/v2\/product_tag?post=1835"}],"curies":[{"name":"wp","href":"https:\/\/api.w.org\/{rel}","templated":true}]}}