{"id":1739,"date":"2021-05-05T10:55:48","date_gmt":"2021-05-05T08:55:48","guid":{"rendered":"https:\/\/sport-goslar.de\/verein-shop\/?post_type=product&#038;p=1739"},"modified":"2021-05-05T11:02:08","modified_gmt":"2021-05-05T09:02:08","slug":"seesack-inklusive-wsv-stm-wappen","status":"publish","type":"product","link":"https:\/\/sport-goslar.de\/verein-shop\/produkt\/seesack-inklusive-wsv-stm-wappen\/","title":{"rendered":"Seesack inklusive WSV StM Wappen"},"content":{"rendered":"<p>Ware die individuell f\u00fcr euch veredelt wird (also z.B. mit Spielernamen, Nummern, Sponsorenlogos, Vereinswappen, Initalien, etc bedruckt\/beflockt wird) gilt als Sonderanfertigung und ist von einem Umtausch leider ausgeschlossen.<\/p>\n","protected":false},"excerpt":{"rendered":"<p><strong>Seerucksack inklusive Vereinswappen<br \/>\n<\/strong><\/p>\n<p>Grosses Hauptfach mit cremefarbenem Kordelzug an Metall-\u00d6sen zum Zuziehen und einem verschlie\u00dfbaren Deckel mit 2-Wege-Rei\u00dfverschluss, aufgesetztes Rei\u00dfverschluss-Fach auf der Front, eine Rei\u00dfverschluss-Tasche seitlich mit Klarsichtfach, ein 2-Wege Rei\u00dfverschluss-Bodenfach, gepolsterter schwarzer Tragegriff an der Seite, ergonomisch geformte, verstellbare und gepolsterte Schultergurte, verst\u00e4rkter Unterboden aus PU, alle Rei\u00dfverschl\u00fcsse in Schwarz, Gummi-Zipp-Puller, 600D Polyester, Ma\u00dfe: 57 x 30 x 30 cm<br \/>\nVolumen ca. 51 Liter<\/p>\n<p>Fb = grau\/schwarz<\/p>\n<p>Lieferzeit: ca 10 \u2013 20 Tage<\/p>\n<table>\n<tbody>\n<tr>\n<td><strong>Menge<\/strong><\/td>\n<td><strong>Preis<\/strong><\/td>\n<\/tr>\n<tr>\n<td>1 &#8211; 2<\/td>\n<td>45,99 \u20ac<\/td>\n<\/tr>\n<tr>\n<td>3 &#8211; 9<\/td>\n<td>39,99 \u20ac<\/td>\n<\/tr>\n<\/tbody>\n<\/table>\n<p>&nbsp;<\/p>\n<p>&nbsp;<\/p>\n","protected":false},"featured_media":1730,"template":"","meta":[],"product_brand":[],"product_cat":[327],"product_tag":[],"class_list":{"0":"post-1739","1":"product","2":"type-product","3":"status-publish","4":"has-post-thumbnail","6":"product_cat-taschen-rucksaecke-wsvstm","7":"description-off","9":"first","10":"instock","11":"sale","12":"taxable","13":"shipping-taxable","14":"purchasable","15":"product-type-variable"},"_links":{"self":[{"href":"https:\/\/sport-goslar.de\/verein-shop\/wp-json\/wp\/v2\/product\/1739","targetHints":{"allow":["GET"]}}],"collection":[{"href":"https:\/\/sport-goslar.de\/verein-shop\/wp-json\/wp\/v2\/product"}],"about":[{"href":"https:\/\/sport-goslar.de\/verein-shop\/wp-json\/wp\/v2\/types\/product"}],"wp:featuredmedia":[{"embeddable":true,"href":"https:\/\/sport-goslar.de\/verein-shop\/wp-json\/wp\/v2\/media\/1730"}],"wp:attachment":[{"href":"https:\/\/sport-goslar.de\/verein-shop\/wp-json\/wp\/v2\/media?parent=1739"}],"wp:term":[{"taxonomy":"product_brand","embeddable":true,"href":"https:\/\/sport-goslar.de\/verein-shop\/wp-json\/wp\/v2\/product_brand?post=1739"},{"taxonomy":"product_cat","embeddable":true,"href":"https:\/\/sport-goslar.de\/verein-shop\/wp-json\/wp\/v2\/product_cat?post=1739"},{"taxonomy":"product_tag","embeddable":true,"href":"https:\/\/sport-goslar.de\/verein-shop\/wp-json\/wp\/v2\/product_tag?post=1739"}],"curies":[{"name":"wp","href":"https:\/\/api.w.org\/{rel}","templated":true}]}}