{"id":1737,"date":"2021-05-05T10:50:59","date_gmt":"2021-05-05T08:50:59","guid":{"rendered":"https:\/\/sport-goslar.de\/verein-shop\/?post_type=product&#038;p=1737"},"modified":"2021-05-05T10:55:43","modified_gmt":"2021-05-05T08:55:43","slug":"erima-rucksack-inklusive-wsv-stm-wappen","status":"publish","type":"product","link":"https:\/\/sport-goslar.de\/verein-shop\/produkt\/erima-rucksack-inklusive-wsv-stm-wappen\/","title":{"rendered":"Erima Rucksack inklusive WSV StM Wappen"},"content":{"rendered":"<p>Ware die individuell f\u00fcr euch veredelt wird (also z.B. mit Spielernamen, Nummern, Sponsorenlogos, Vereinswappen, Initalien, etc bedruckt\/beflockt wird) gilt als Sonderanfertigung und ist von einem Umtausch leider ausgeschlossen.<\/p>\n","protected":false},"excerpt":{"rendered":"<p><strong>Rucksack Erima Squad inklusive Vereinswappen<br \/>\n<\/strong><\/p>\n<p>In unserem Squad Rucksack findet alles seinen Platz: Das ger\u00e4umige Hauptfach bietet viel Stauraum f\u00fcr deine Habseligkeiten \u2013 und kann dank praktischem Doppel-Rei\u00dfverschluss bequem ge\u00f6ffnet und geschlossen werden. Der Rucksack verf\u00fcgt \u00fcber ein integriertes Notebook-Fach, ein Frontfach mit integriertem Organizer-Fach sowie seitliche Taschen aus Mesh-Material, damit jeder Gegenstand seinen Platz hat und sicher aufbewahrt ist. Wenn der Rucksack sehr voll und dadurch etwas schwerer ist, kannst du ihn dank den ergonomischen, gepolsterten Schultergurten dennoch bequem tragen. Super praktisch: F\u00fcr mehr Sicherheit hat die Kordel zus\u00e4tzlich Reflektoren eingearbeitet. Ma\u00dfe: 30 x 18 x 45 cm<\/p>\n<p>Fb = navy\/royalblau<\/p>\n<p>Lieferzeit: ca 10 \u2013\u00a0 20 Tage<\/p>\n<table>\n<tbody>\n<tr>\n<td><strong>Menge<\/strong><\/td>\n<td><strong>Preis<\/strong><\/td>\n<\/tr>\n<tr>\n<td>1 &#8211; 2<\/td>\n<td>34,99 \u20ac<\/td>\n<\/tr>\n<tr>\n<td>3 &#8211; 9<\/td>\n<td>27,99 \u20ac<\/td>\n<\/tr>\n<\/tbody>\n<\/table>\n<p>&nbsp;<\/p>\n<p>&nbsp;<\/p>\n","protected":false},"featured_media":1727,"template":"","meta":[],"product_brand":[],"product_cat":[327],"product_tag":[],"class_list":{"0":"post-1737","1":"product","2":"type-product","3":"status-publish","4":"has-post-thumbnail","6":"product_cat-taschen-rucksaecke-wsvstm","7":"description-off","9":"first","10":"instock","11":"sale","12":"taxable","13":"shipping-taxable","14":"purchasable","15":"product-type-variable"},"_links":{"self":[{"href":"https:\/\/sport-goslar.de\/verein-shop\/wp-json\/wp\/v2\/product\/1737","targetHints":{"allow":["GET"]}}],"collection":[{"href":"https:\/\/sport-goslar.de\/verein-shop\/wp-json\/wp\/v2\/product"}],"about":[{"href":"https:\/\/sport-goslar.de\/verein-shop\/wp-json\/wp\/v2\/types\/product"}],"wp:featuredmedia":[{"embeddable":true,"href":"https:\/\/sport-goslar.de\/verein-shop\/wp-json\/wp\/v2\/media\/1727"}],"wp:attachment":[{"href":"https:\/\/sport-goslar.de\/verein-shop\/wp-json\/wp\/v2\/media?parent=1737"}],"wp:term":[{"taxonomy":"product_brand","embeddable":true,"href":"https:\/\/sport-goslar.de\/verein-shop\/wp-json\/wp\/v2\/product_brand?post=1737"},{"taxonomy":"product_cat","embeddable":true,"href":"https:\/\/sport-goslar.de\/verein-shop\/wp-json\/wp\/v2\/product_cat?post=1737"},{"taxonomy":"product_tag","embeddable":true,"href":"https:\/\/sport-goslar.de\/verein-shop\/wp-json\/wp\/v2\/product_tag?post=1737"}],"curies":[{"name":"wp","href":"https:\/\/api.w.org\/{rel}","templated":true}]}}