{"id":1732,"date":"2021-05-05T10:22:03","date_gmt":"2021-05-05T08:22:03","guid":{"rendered":"https:\/\/sport-goslar.de\/verein-shop\/?post_type=product&#038;p=1732"},"modified":"2021-05-05T10:35:12","modified_gmt":"2021-05-05T08:35:12","slug":"erima-sporttasche-gr-m-inklusive-wsv-stm-wappen","status":"publish","type":"product","link":"https:\/\/sport-goslar.de\/verein-shop\/produkt\/erima-sporttasche-gr-m-inklusive-wsv-stm-wappen\/","title":{"rendered":"Erima Sporttasche Gr. M inklusive WSV StM Wappen"},"content":{"rendered":"<p>Ware die individuell f\u00fcr euch veredelt wird (also z.B. mit Spielernamen, Nummern, Sponsorenlogos, Vereinswappen, Initalien, etc bedruckt\/beflockt wird) gilt als Sonderanfertigung und ist von einem Umtausch leider ausgeschlossen.<\/p>\n","protected":false},"excerpt":{"rendered":"<p><strong>Sporttasche Gr\u00f6\u00dfe M inklusive Vereinswappen<br \/>\n<\/strong><\/p>\n<p>Die ErimaSqaud Sporttasche vereint Funktion und Design: Sie kommt mit einem schlichten, modernen Look und gleichzeitig viel Stauraum f\u00fcr deine Sportsachen. Die vielen praktischen Extras machen sie zu einem wahrem Must-have und zuverl\u00e4ssigen Begleiter, bei allem was du vorhast. Entdecke jetzt die praktische Seitentasche mit integriertem Nassfach, die Tragegurte f\u00fcr ein bequemes Tragen und vieles mehr und \u00fcberzeuge dich selbst von der Sqaud Sporttasche. Ma\u00dfe: 55 x 30 x 30 cm<br \/>\nVolumen: ca. 50 Liter<\/p>\n<p>Fb = navy\/royalblau<\/p>\n<p>Lieferzeit: ca 10 \u2013\u00a0 20 Tage<\/p>\n<table>\n<tbody>\n<tr>\n<td><strong>Menge<\/strong><\/td>\n<td><strong>Preis<\/strong><\/td>\n<\/tr>\n<tr>\n<td>1 &#8211; 2<\/td>\n<td>35,99 \u20ac<\/td>\n<\/tr>\n<tr>\n<td>3 &#8211; 9<\/td>\n<td>29,99 \u20ac<\/td>\n<\/tr>\n<\/tbody>\n<\/table>\n<p>&nbsp;<\/p>\n<p>&nbsp;<\/p>\n","protected":false},"featured_media":1728,"template":"","meta":[],"product_brand":[],"product_cat":[327],"product_tag":[],"class_list":{"0":"post-1732","1":"product","2":"type-product","3":"status-publish","4":"has-post-thumbnail","6":"product_cat-taschen-rucksaecke-wsvstm","7":"description-off","9":"first","10":"instock","11":"sale","12":"taxable","13":"shipping-taxable","14":"purchasable","15":"product-type-variable"},"_links":{"self":[{"href":"https:\/\/sport-goslar.de\/verein-shop\/wp-json\/wp\/v2\/product\/1732","targetHints":{"allow":["GET"]}}],"collection":[{"href":"https:\/\/sport-goslar.de\/verein-shop\/wp-json\/wp\/v2\/product"}],"about":[{"href":"https:\/\/sport-goslar.de\/verein-shop\/wp-json\/wp\/v2\/types\/product"}],"wp:featuredmedia":[{"embeddable":true,"href":"https:\/\/sport-goslar.de\/verein-shop\/wp-json\/wp\/v2\/media\/1728"}],"wp:attachment":[{"href":"https:\/\/sport-goslar.de\/verein-shop\/wp-json\/wp\/v2\/media?parent=1732"}],"wp:term":[{"taxonomy":"product_brand","embeddable":true,"href":"https:\/\/sport-goslar.de\/verein-shop\/wp-json\/wp\/v2\/product_brand?post=1732"},{"taxonomy":"product_cat","embeddable":true,"href":"https:\/\/sport-goslar.de\/verein-shop\/wp-json\/wp\/v2\/product_cat?post=1732"},{"taxonomy":"product_tag","embeddable":true,"href":"https:\/\/sport-goslar.de\/verein-shop\/wp-json\/wp\/v2\/product_tag?post=1732"}],"curies":[{"name":"wp","href":"https:\/\/api.w.org\/{rel}","templated":true}]}}