{"id":1725,"date":"2021-05-05T08:48:50","date_gmt":"2021-05-05T06:48:50","guid":{"rendered":"https:\/\/sport-goslar.de\/verein-shop\/?post_type=product&#038;p=1725"},"modified":"2021-05-05T10:30:38","modified_gmt":"2021-05-05T08:30:38","slug":"shopping-bag-inklusive-wsv-stm-logo","status":"publish","type":"product","link":"https:\/\/sport-goslar.de\/verein-shop\/produkt\/shopping-bag-inklusive-wsv-stm-logo\/","title":{"rendered":"Shopping Bag inklusive WSV StM Wappen"},"content":{"rendered":"<p>Ware die individuell f\u00fcr euch veredelt wird (also z.B. mit Spielernamen, Nummern, Sponsorenlogos, Vereinswappen, Initalien, etc bedruckt\/beflockt wird) gilt als Sonderanfertigung und ist von einem Umtausch leider ausgeschlossen.<\/p>\n","protected":false},"excerpt":{"rendered":"<p><strong>Shopping Bag inklusive Vereinswappen<br \/>\n<\/strong><\/p>\n<p>600D Polyester Beach- und Shopping-Bag f\u00fcr Sport und Freizeit in Grey Melange, ein Hauptfach mit Rei\u00dfverschluss, eine kleine Rei\u00dfverschluss-Tasche auf der Front, eine kleine Rei\u00dfverschluss-Innentasche im Hauptfach, zwei Trageriemen mit Klett-Handgriff, alle Rei\u00dfverschl\u00fcsse in Schwarz, Gummi-Zipp-Puller, 100% Polyester, Ma\u00dfe: 48 x 34 x 12 cm<br \/>\nVolumen: ca. 19,5 Liter<\/p>\n<p>Fb = grau\/schwarz<\/p>\n<p>Lieferzeit: ca 10 \u2013 20 Tage<\/p>\n<table>\n<tbody>\n<tr>\n<td><strong>Menge<\/strong><\/td>\n<td><strong>Preis<\/strong><\/td>\n<\/tr>\n<tr>\n<td>1 &#8211; 2<\/td>\n<td>32,99 \u20ac<\/td>\n<\/tr>\n<tr>\n<td>3 &#8211; 9<\/td>\n<td>25,99 \u20ac<\/td>\n<\/tr>\n<\/tbody>\n<\/table>\n<p>&nbsp;<\/p>\n<p>&nbsp;<\/p>\n","protected":false},"featured_media":1731,"template":"","meta":[],"product_brand":[],"product_cat":[327],"product_tag":[],"class_list":{"0":"post-1725","1":"product","2":"type-product","3":"status-publish","4":"has-post-thumbnail","6":"product_cat-taschen-rucksaecke-wsvstm","7":"description-off","9":"first","10":"instock","11":"sale","12":"taxable","13":"shipping-taxable","14":"purchasable","15":"product-type-variable"},"_links":{"self":[{"href":"https:\/\/sport-goslar.de\/verein-shop\/wp-json\/wp\/v2\/product\/1725","targetHints":{"allow":["GET"]}}],"collection":[{"href":"https:\/\/sport-goslar.de\/verein-shop\/wp-json\/wp\/v2\/product"}],"about":[{"href":"https:\/\/sport-goslar.de\/verein-shop\/wp-json\/wp\/v2\/types\/product"}],"wp:featuredmedia":[{"embeddable":true,"href":"https:\/\/sport-goslar.de\/verein-shop\/wp-json\/wp\/v2\/media\/1731"}],"wp:attachment":[{"href":"https:\/\/sport-goslar.de\/verein-shop\/wp-json\/wp\/v2\/media?parent=1725"}],"wp:term":[{"taxonomy":"product_brand","embeddable":true,"href":"https:\/\/sport-goslar.de\/verein-shop\/wp-json\/wp\/v2\/product_brand?post=1725"},{"taxonomy":"product_cat","embeddable":true,"href":"https:\/\/sport-goslar.de\/verein-shop\/wp-json\/wp\/v2\/product_cat?post=1725"},{"taxonomy":"product_tag","embeddable":true,"href":"https:\/\/sport-goslar.de\/verein-shop\/wp-json\/wp\/v2\/product_tag?post=1725"}],"curies":[{"name":"wp","href":"https:\/\/api.w.org\/{rel}","templated":true}]}}