{"id":1685,"date":"2021-04-08T09:33:13","date_gmt":"2021-04-08T07:33:13","guid":{"rendered":"https:\/\/sport-goslar.de\/verein-shop\/?post_type=product&#038;p=1685"},"modified":"2024-03-13T15:12:22","modified_gmt":"2024-03-13T14:12:22","slug":"damen-cotton-hoodie-lsn-landeskader","status":"publish","type":"product","link":"https:\/\/sport-goslar.de\/verein-shop\/produkt\/damen-cotton-hoodie-lsn-landeskader\/","title":{"rendered":"Damen Cotton Hoodie LSN Landeskader"},"content":{"rendered":"<p>Hey Wassersportler!<\/p>\n<p>&nbsp;<\/p>\n<p>Willkommen im coolen Onlineshop des Landesschwimmverband Niedersachsen \u2013 hier findet ihr alles, was ihr f\u00fcr euer Schwimmtraining braucht und noch viel mehr! Wir haben eine mega Auswahl an Produkten f\u00fcr Schwimmvereine, Wasserballer, Turmspringer, Synchronschwimmer und alle anderen, die das Wasser lieben. Und das Beste: Wir f\u00fchren eine riesige Auswahl an BEKO Artikeln \u2013 die Marke f\u00fcr alle, die in Sachen Schwimmausr\u00fcstung keine Kompromisse machen wollen.<\/p>\n<p>&nbsp;<\/p>\n<p>&nbsp;<\/p>\n<p>Unser Sortiment umfasst eine Vielzahl von hochwertigen Schwimmanz\u00fcgen, Badehosen, Badekappen, Trainingsanz\u00fcgen und anderen Schwimmaccessoires. Alles, was du brauchst, um dich optimal f\u00fcr Trainingseinheiten und Wettk\u00e4mpfe vorzubereiten.<\/p>\n<p>&nbsp;<\/p>\n<p>Bestelle deine offizielle Bekleidung noch heute und zeige deine Zugeh\u00f6rigkeit zum Landeskader Niedersachsen. Mit unseren hochwertigen Produkten kannst du dich voll und ganz auf deine Leistung konzentrieren und deine sportlichen Ziele erreichen. Wir freuen uns darauf, dich auf deinem Weg zu begleiten und dich mit erstklassiger Schwimmausr\u00fcstung auszustatten!<\/p>\n<p>&nbsp;<\/p>\n","protected":false},"excerpt":{"rendered":"<p><strong>Damen Hoodie LSN Landeskader NDS<br \/>\n<\/strong><\/p>\n<p>Diese modische HMLGO COTTONHOODIE hat alles &#8211; einen Roll-Top-Tunnelzugkragen, sportliche Schulterpartien sowie ein subtil gedrucktes hummel\u00ae-Logo. Taillierter Damenschnitt. Kleines LSN + Goslar Logo auf der Brust, Landeskader NDS + Logos auf dem R\u00fccken.Ware die individuell f\u00fcr euch veredelt wird (also z.B. mit Spielernamen, Nummern, Sponsorenlogos, Vereinswappen, Initalien, etc bedruckt\/beflockt wird) gilt als Sonderanfertigung und ist von einem Umtausch leider ausgeschlossen.<\/p>\n<p><strong>WICHTIG; diesen Artikel erhalten nur vom LSN autorisierte Kaderathleten. <\/strong>Bitte lassen sie sich vom LSN eine Bescheinigung ausstellen die sie uns dann bitte <strong>parallel<\/strong> zu der Bestellung zumailen!<\/p>\n<p>FB 7045 = royalblau\/wei\u00df<\/p>\n<p>Gr\u00f6\u00dfe\u00a0 XS \u2013 2XL<\/p>\n<p>Lieferzeit: ca 10 \u2013 20 Tage<\/p>\n<table>\n<tbody>\n<tr>\n<td><strong>Menge<\/strong><\/td>\n<td><strong>Preis<\/strong><\/td>\n<\/tr>\n<tr>\n<td>1 \u2013 2<\/td>\n<td>47,99<\/td>\n<\/tr>\n<tr>\n<td>3 \u2013 9<\/td>\n<td>44,99 \u20ac<\/td>\n<\/tr>\n<tr>\n<td>10 \u2013 19<\/td>\n<td>42,99 \u20ac<\/td>\n<\/tr>\n<tr>\n<td>20 &#8211; 50<\/td>\n<td>41,99 \u20ac<\/td>\n<\/tr>\n<\/tbody>\n<\/table>\n<p>&nbsp;<\/p>\n","protected":false},"featured_media":1719,"template":"","meta":[],"product_brand":[],"product_cat":[253,219],"product_tag":[],"class_list":{"0":"post-1685","1":"product","2":"type-product","3":"status-publish","4":"has-post-thumbnail","6":"product_cat-landeskader-unt-trainerausstattung-lsn","7":"product_cat-lsn-shop","8":"description-off","10":"first","11":"instock","12":"sale","13":"taxable","14":"shipping-taxable","15":"purchasable","16":"product-type-variable"},"_links":{"self":[{"href":"https:\/\/sport-goslar.de\/verein-shop\/wp-json\/wp\/v2\/product\/1685","targetHints":{"allow":["GET"]}}],"collection":[{"href":"https:\/\/sport-goslar.de\/verein-shop\/wp-json\/wp\/v2\/product"}],"about":[{"href":"https:\/\/sport-goslar.de\/verein-shop\/wp-json\/wp\/v2\/types\/product"}],"wp:featuredmedia":[{"embeddable":true,"href":"https:\/\/sport-goslar.de\/verein-shop\/wp-json\/wp\/v2\/media\/1719"}],"wp:attachment":[{"href":"https:\/\/sport-goslar.de\/verein-shop\/wp-json\/wp\/v2\/media?parent=1685"}],"wp:term":[{"taxonomy":"product_brand","embeddable":true,"href":"https:\/\/sport-goslar.de\/verein-shop\/wp-json\/wp\/v2\/product_brand?post=1685"},{"taxonomy":"product_cat","embeddable":true,"href":"https:\/\/sport-goslar.de\/verein-shop\/wp-json\/wp\/v2\/product_cat?post=1685"},{"taxonomy":"product_tag","embeddable":true,"href":"https:\/\/sport-goslar.de\/verein-shop\/wp-json\/wp\/v2\/product_tag?post=1685"}],"curies":[{"name":"wp","href":"https:\/\/api.w.org\/{rel}","templated":true}]}}