{"id":1673,"date":"2021-04-30T17:23:14","date_gmt":"2021-04-30T15:23:14","guid":{"rendered":"https:\/\/sport-goslar.de\/verein-shop\/?post_type=product&#038;p=1673"},"modified":"2024-03-13T12:14:59","modified_gmt":"2024-03-13T11:14:59","slug":"herren-cotton-zip-hoodie-lsn-landeskader","status":"publish","type":"product","link":"https:\/\/sport-goslar.de\/verein-shop\/produkt\/herren-cotton-zip-hoodie-lsn-landeskader\/","title":{"rendered":"Herren Cotton Zip Hoodie LSN Landeskader"},"content":{"rendered":"<p>Willkommen im <strong>Onlineshop des Landes Schwimmverband Niedersachsen<\/strong> \u2013 deine Anlaufstelle f\u00fcr hochwertige Schwimmausr\u00fcstung! Bei uns findest du eine umfangreiche Auswahl an Produkten, speziell f\u00fcr Schwimmvereine, Wasserballer, Turmspringer, Synchronschwimmer und viele weitere Wassersportler.<\/p>\n<p>&nbsp;<\/p>\n<p>Unser besonderes Angebot richtet sich auch an die <strong>Kaderathleten<\/strong> des Landesschwimmverbandes Niedersachsen. Hier k\u00f6nnen sie ihre offizielle Bekleidung zu einem tollen Preis online bestellen und sich so optimal f\u00fcr Trainingseinheiten und Wettk\u00e4mpfe ausstatten.<\/p>\n<p>&nbsp;<\/p>\n<p>Unser Sortiment umfasst eine Vielzahl von Artikeln, darunter Polohemden, Badekappen, T-Shirts, Trainingsanz\u00fcge und vieles mehr. Alle Produkte sind von h\u00f6chster Qualit\u00e4t und bieten maximalen Komfort und Funktionalit\u00e4t im Wasser und am Beckenrand.<\/p>\n<p>&nbsp;<\/p>\n<p>Bestelle noch heute deine offizielle Bekleidung und zeige deine Verbundenheit mit dem <strong>Landeskader Niedersachsen<\/strong>. Wir freuen uns darauf, dich mit hochwertiger Schwimmausr\u00fcstung zu unterst\u00fctzen und dich auf dem Weg zu deinen sportlichen Zielen zu begleiten!<\/p>\n","protected":false},"excerpt":{"rendered":"<p><strong>Herren Kapuzenjacke LSN Landeskader NDS<br \/>\n<\/strong><\/p>\n<p>Diese modische HMLGO\u00a0 COTTON ZIP HOODIE hat alles &#8211; einen Roll-Top-Tunnelzugkragen, einen durchgehenden Rei\u00dfverschluss und sportliche Schulterpartien sowie ein subtil gedrucktes hummel\u00ae-Logo. Unisexschnitt. Kleines LSN + Goslar Logo auf der Brust, Landeskader NDS + Logos auf dem R\u00fccken. Ware die individuell f\u00fcr euch veredelt wird (also z.B. mit Spielernamen, Nummern, Sponsorenlogos, Vereinswappen, Initalien, etc bedruckt\/beflockt wird) gilt als Sonderanfertigung und ist von einem Umtausch leider ausgeschlossen.<\/p>\n<p><strong>WICHTIG; diesen Artikel erhalten nur vom LSN autorisierte Kaderathleten. <\/strong>Bitte lassen sie sich vom LSN eine Bescheinigung ausstellen die sie uns dann bitte <strong>parallel<\/strong> zu der Bestellung zumailen!<\/p>\n<p>FB 7045 = royalblau\/wei\u00df<\/p>\n<p>Gr\u00f6\u00dfe\u00a0 S \u2013 3XL<\/p>\n<p>Lieferzeit: ca 10 \u2013 20 Tage<\/p>\n<table>\n<tbody>\n<tr>\n<td><strong>Menge<\/strong><\/td>\n<td><strong>Preis<\/strong><\/td>\n<\/tr>\n<tr>\n<td>1 \u2013 2<\/td>\n<td>49,99<\/td>\n<\/tr>\n<tr>\n<td>3 \u2013 9<\/td>\n<td>47,99 \u20ac<\/td>\n<\/tr>\n<tr>\n<td>10 \u2013 19<\/td>\n<td>46,99 \u20ac<\/td>\n<\/tr>\n<tr>\n<td>20 &#8211; 50<\/td>\n<td>45,99 \u20ac<\/td>\n<\/tr>\n<\/tbody>\n<\/table>\n<p>&nbsp;<\/p>\n<p>&nbsp;<\/p>\n","protected":false},"featured_media":1720,"template":"","meta":[],"product_brand":[],"product_cat":[253,219],"product_tag":[],"class_list":{"0":"post-1673","1":"product","2":"type-product","3":"status-publish","4":"has-post-thumbnail","6":"product_cat-landeskader-unt-trainerausstattung-lsn","7":"product_cat-lsn-shop","8":"description-off","10":"first","11":"instock","12":"sale","13":"taxable","14":"shipping-taxable","15":"purchasable","16":"product-type-variable"},"_links":{"self":[{"href":"https:\/\/sport-goslar.de\/verein-shop\/wp-json\/wp\/v2\/product\/1673","targetHints":{"allow":["GET"]}}],"collection":[{"href":"https:\/\/sport-goslar.de\/verein-shop\/wp-json\/wp\/v2\/product"}],"about":[{"href":"https:\/\/sport-goslar.de\/verein-shop\/wp-json\/wp\/v2\/types\/product"}],"wp:featuredmedia":[{"embeddable":true,"href":"https:\/\/sport-goslar.de\/verein-shop\/wp-json\/wp\/v2\/media\/1720"}],"wp:attachment":[{"href":"https:\/\/sport-goslar.de\/verein-shop\/wp-json\/wp\/v2\/media?parent=1673"}],"wp:term":[{"taxonomy":"product_brand","embeddable":true,"href":"https:\/\/sport-goslar.de\/verein-shop\/wp-json\/wp\/v2\/product_brand?post=1673"},{"taxonomy":"product_cat","embeddable":true,"href":"https:\/\/sport-goslar.de\/verein-shop\/wp-json\/wp\/v2\/product_cat?post=1673"},{"taxonomy":"product_tag","embeddable":true,"href":"https:\/\/sport-goslar.de\/verein-shop\/wp-json\/wp\/v2\/product_tag?post=1673"}],"curies":[{"name":"wp","href":"https:\/\/api.w.org\/{rel}","templated":true}]}}