{"id":1671,"date":"2021-04-30T17:19:50","date_gmt":"2021-04-30T15:19:50","guid":{"rendered":"https:\/\/sport-goslar.de\/verein-shop\/?post_type=product&#038;p=1671"},"modified":"2024-03-13T12:16:38","modified_gmt":"2024-03-13T11:16:38","slug":"damen-cotton-zip-hoodie-lsn-trainerteam","status":"publish","type":"product","link":"https:\/\/sport-goslar.de\/verein-shop\/produkt\/damen-cotton-zip-hoodie-lsn-trainerteam\/","title":{"rendered":"Damen Cotton Zip Hoodie LSN Trainerteam"},"content":{"rendered":"<p>Willkommen bei Sport Goslar, deinem Experten f\u00fcr hochwertige Vereins- und Mannschaftsausstattung! Bei uns steht Nachhaltigkeit an erster Stelle, sowohl bei den Materialien unserer Produkte als auch bei den Drucktechniken, die wir verwenden. Denn Qualit\u00e4t und Langlebigkeit sind uns wichtig.<\/p>\n<p>&nbsp;<\/p>\n<p>Wir setzen auf moderne Sublimations-, Siebdruck- und Direktdrucktechniken, um sicherzustellen, dass unsere Trikots und Drucke strapazierf\u00e4hig sind und auch nach vielen Eins\u00e4tzen noch wie neu aussehen. Bei uns findest du keine billigen Plotterfolien, die sich nach ein paar W\u00e4schen abl\u00f6sen oder einrei\u00dfen. Unsere Produkte halten, was sie versprechen!<\/p>\n<p>&nbsp;<\/p>\n<p>Au\u00dferdem bieten wir individuelle L\u00f6sungen f\u00fcr deinen Verein an. Wie w\u00e4re es zum Beispiel mit einem ma\u00dfgeschneiderten Onlineshop, in dem ihr eure eigene Vereinskollektion zusammenstellen und anbieten k\u00f6nnt? Das st\u00e4rkt nicht nur den Teamgeist, sondern verleiht eurem Verein auch eine professionelle Note.<\/p>\n<p>&nbsp;<\/p>\n<p>Lasst uns gemeinsam eure Teamkollektion auf ein neues Level bringen! Kontaktiert uns noch heute und erfahrt, wie wir euch helfen k\u00f6nnen, euren eigenen Onlineshop zu erstellen und euer Team professionell auszustatten. Wir sind bereit, mit euch durchzustarten!<\/p>\n<p>&nbsp;<\/p>\n<p>Jetzt Shop einrichten:<\/p>\n<p>Gemeinsam planen wir die perfekte Kollektion f\u00fcr euer Team. In einem pers\u00f6nlichen Gespr\u00e4ch beraten wir euch, welcher Hersteller am besten zu eurem Verein, eurer Firma oder auch zum Verband passt.<\/p>\n<p>&nbsp;<\/p>\n<p>Bestkonditionen und Gratisware sichern:<\/p>\n<p>Wir m\u00f6chten auch euer Team richtig ausr\u00fcsten und gro\u00dfz\u00fcgig unterst\u00fctzen. Als Ausr\u00fcster von verschiedenen Landesverb\u00e4nden haben wir super Kontakte zu den besten Partnern in der Sportartikelindustrie. Holt euch jetzt die besten Konditionen und Sponsoring-Vereinbarungen.<\/p>\n<p>&nbsp;<\/p>\n<p>Deine Kollektion online ohne Zusatzkosten!<\/p>\n<p>F\u00fcr euren Vereinsshop entstehen keine extra Kosten. Wir programmieren den Shop, bef\u00fcllen ihn mit euren Artikeln und \u00fcbernehmen die Pflege \u2013 ganz ohne Zusatzkosten f\u00fcr euch!<\/p>\n<p>&nbsp;<\/p>\n<p>Das \u201eMIA SAN MIA\u201c \u2013 Gef\u00fchl f\u00fcr dein Team!<\/p>\n<p>Durch einen einheitlichen, professionellen Auftritt st\u00e4rken wir das Gemeinschaftsgef\u00fchl in eurem Team. Ob als Sportverein, Fan, Firma oder Landesverband \u2013 DEIN TEAM, DEINE FARBEN!<\/p>\n<p>&nbsp;<\/p>\n<p>Entlastung von Ehrenamtlichen!<\/p>\n<p>Jedes Teammitglied kann sich die Artikel einfach und bequem \u00fcber den individuellen Onlineshop bestellen. Die Verantwortlichen im Verein k\u00f6nnen sich ab sofort auf das Wesentliche konzentrieren.<\/p>\n<p>&nbsp;<\/p>\n<p>Pers\u00f6nliche Betreuung!<\/p>\n<p>Egal wo der Schuh dr\u00fcckt, euer pers\u00f6nlicher Ansprechpartner steht euch bei allen Fragen zur Seite \u2013 von der richtigen Beflockung bis hin zu Lieferterminen.<\/p>\n<p>&nbsp;<\/p>\n<p>&nbsp;<\/p>\n<p>&nbsp;<\/p>\n<p>&nbsp;<\/p>\n<p>&nbsp;<\/p>\n<p>Ware die individuell f\u00fcr euch veredelt wird (also z.B. mit Spielernamen, Nummern, Sponsorenlogos, Vereinswappen, Initalien, etc bedruckt\/beflockt wird) gilt als Sonderanfertigung und ist von einem Umtausch leider ausgeschlossen.<\/p>\n","protected":false},"excerpt":{"rendered":"<p><strong>Damen Kapuzenjacke Trainerteam LSN<\/strong><\/p>\n<p>Diese modische HMLGO COTTON ZIP HOODIE hat alles &#8211; einen Roll-Top-Tunnelzugkragen, einen durchgehenden Rei\u00dfverschluss und sportliche Schulterpartien sowie ein subtil gedrucktes hummel\u00ae-Logo. Unisexschnitt. Kleines LSN + Goslar Logo auf der Brust, Trainerteam + Logos auf dem R\u00fccken. Taillierter Damenschitt.<\/p>\n<p><strong>WICHTIG; diesen Artikel erhalten nur vom LSN autorisierte Trainer f\u00fcr die Kaderathleten. <\/strong>Bitte lassen sie sich vom LSN eine Bescheinigung ausstellen die sie uns dann bitte <strong>parallel<\/strong> zu der Bestellung zumailen!<\/p>\n<p>FB 7045 = royalblau\/wei\u00df<\/p>\n<p>Gr\u00f6\u00dfe\u00a0 XS \u2013 2XL<\/p>\n<p>Lieferzeit: ca 10 \u2013 20 Tage<\/p>\n<table>\n<tbody>\n<tr>\n<td><strong>Menge<\/strong><\/td>\n<td><strong>Preis<\/strong><\/td>\n<\/tr>\n<tr>\n<td>1 \u2013 2<\/td>\n<td>49,99<\/td>\n<\/tr>\n<tr>\n<td>3 \u2013 9<\/td>\n<td>47,99 \u20ac<\/td>\n<\/tr>\n<tr>\n<td>10 \u2013 19<\/td>\n<td>46,99 \u20ac<\/td>\n<\/tr>\n<tr>\n<td>20 &#8211; 50<\/td>\n<td>45,99 \u20ac<\/td>\n<\/tr>\n<\/tbody>\n<\/table>\n<p>&nbsp;<\/p>\n<p>&nbsp;<\/p>\n","protected":false},"featured_media":1689,"template":"","meta":[],"product_brand":[],"product_cat":[253,219],"product_tag":[],"class_list":{"0":"post-1671","1":"product","2":"type-product","3":"status-publish","4":"has-post-thumbnail","6":"product_cat-landeskader-unt-trainerausstattung-lsn","7":"product_cat-lsn-shop","8":"description-off","10":"first","11":"instock","12":"sale","13":"taxable","14":"shipping-taxable","15":"purchasable","16":"product-type-variable"},"_links":{"self":[{"href":"https:\/\/sport-goslar.de\/verein-shop\/wp-json\/wp\/v2\/product\/1671","targetHints":{"allow":["GET"]}}],"collection":[{"href":"https:\/\/sport-goslar.de\/verein-shop\/wp-json\/wp\/v2\/product"}],"about":[{"href":"https:\/\/sport-goslar.de\/verein-shop\/wp-json\/wp\/v2\/types\/product"}],"wp:featuredmedia":[{"embeddable":true,"href":"https:\/\/sport-goslar.de\/verein-shop\/wp-json\/wp\/v2\/media\/1689"}],"wp:attachment":[{"href":"https:\/\/sport-goslar.de\/verein-shop\/wp-json\/wp\/v2\/media?parent=1671"}],"wp:term":[{"taxonomy":"product_brand","embeddable":true,"href":"https:\/\/sport-goslar.de\/verein-shop\/wp-json\/wp\/v2\/product_brand?post=1671"},{"taxonomy":"product_cat","embeddable":true,"href":"https:\/\/sport-goslar.de\/verein-shop\/wp-json\/wp\/v2\/product_cat?post=1671"},{"taxonomy":"product_tag","embeddable":true,"href":"https:\/\/sport-goslar.de\/verein-shop\/wp-json\/wp\/v2\/product_tag?post=1671"}],"curies":[{"name":"wp","href":"https:\/\/api.w.org\/{rel}","templated":true}]}}