{"id":1667,"date":"2021-04-30T16:14:53","date_gmt":"2021-04-30T14:14:53","guid":{"rendered":"https:\/\/sport-goslar.de\/verein-shop\/?post_type=product&#038;p=1667"},"modified":"2024-03-13T12:24:12","modified_gmt":"2024-03-13T11:24:12","slug":"kinder-t-shirt-hml-inklusive-vereinswappen-und-lsn-logo","status":"publish","type":"product","link":"https:\/\/sport-goslar.de\/verein-shop\/produkt\/kinder-t-shirt-hml-inklusive-vereinswappen-und-lsn-logo\/","title":{"rendered":"Kinder T-Shirt HML inklusive Vereinswappen und LSN Logo"},"content":{"rendered":"<p>Willkommen in unserem Onlineshop f\u00fcr den Landes Schwimmverband Niedersachsen, dem Experten f\u00fcr hochwertige Schwimmausr\u00fcstung! Hier findest du eine umfangreiche Auswahl an Produkten, darunter auch eine Vielzahl von BECO Artikeln, die dein Schwimmtraining auf ein ganz neues Level heben.<\/p>\n<p>&nbsp;<\/p>\n<p>Unser Sortiment umfasst eine breite Palette an hochwertigen Schwimmprodukten, darunter:<\/p>\n<p>&nbsp;<\/p>\n<p>&#8211; BECO Sealife Neopren Shorty: Der ideale Begleiter f\u00fcr ein komfortables und flexibles Schwimmtraining.<\/p>\n<p>&#8211; BECO Sealife Schwimmg\u00fcrtel: Ein unverzichtbares Hilfsmittel f\u00fcr Anf\u00e4nger und Fortgeschrittene, um die richtige Wasserlage zu finden.<\/p>\n<p>&#8211; BECO Schwimmbrille: Hochwertige Schwimmbrillen, die perfekten Sitz und klare Sicht im Wasser bieten.<\/p>\n<p>&#8211; BECO Sealife Kickboard: Ein effektives Trainingsger\u00e4t f\u00fcr verbesserte Beintechnik und Ausdauer.<\/p>\n<p>&#8211; BECO Sealife Tauchring: Spa\u00dfiges Spielzeug f\u00fcr Kinder, um das Tauchen zu \u00fcben und die Wasserbewegung zu erleben.<\/p>\n<p>&#8211; BECO Sealife Tauchtier: Bunte und lustige Tauchspielzeuge, die Kinder zum Tauchen animieren und ihre Schwimmf\u00e4higkeiten verbessern.<\/p>\n<p>&nbsp;<\/p>\n<p>Alle diese Artikel sind direkt hier in unserem Onlineshop des Landes Schwimmverband Niedersachsen erh\u00e4ltlich. Wir bieten hochwertige Produkte zu fairen Preisen und garantieren dir ein sicheres und effektives Trainingserlebnis.<\/p>\n<p>&nbsp;<\/p>\n<p>Also, worauf wartest du noch? Tauche ein in unser Sortiment und bestelle noch heute deine neuen Schwimmprodukte!<\/p>\n<p>&nbsp;<\/p>\n<p>&nbsp;<\/p>\n<p>&nbsp;<\/p>\n<p>&nbsp;<\/p>\n<p>Ware die individuell f\u00fcr euch veredelt wird (also z.B. mit Spielernamen, Nummern, Sponsorenlogos, Vereinswappen, Initalien, etc bedruckt\/beflockt wird) gilt als Sonderanfertigung und ist von einem Umtausch leider ausgeschlossen.<\/p>\n","protected":false},"excerpt":{"rendered":"<p><strong>Kinder LSN T-Shirt inklusive Vereinsnamen auf dem R\u00fccken<br \/>\n<\/strong><\/p>\n<p>Das klassische hummel\u00ae HMLGO COTTON ist perfekt f\u00fcr Pr\u00e4sentationzwecke und als Alltagsbekleidung. Das T-Shirt f\u00fcr den MTV Wolfenb\u00fcttel ist aus weicher Baumwolle mit \u00c4rmel-Chevrons und dezentem Logo-Print vereint die heilige Dreifaltigkeit der Fashion S \u2013 sportlich, stylish und super-bequem. Soft-Feel, sportliche \u00c4rmelchevrons subtil gedrucktes Logo,Qualit\u00e4t: 100 % Baumwolle. Unisexschnitt <strong>Ihr bekommt dieses hochwertige T-Shirt inklusive eurem individuellem Vereinsnamen und dem LSN Logo auf dem R\u00fccken. <\/strong><strong><br \/>\n<\/strong><\/p>\n<p>Wichtig; bitte beim Abschlu\u00df der Bestellung in der Bemerkungszeile den Vereinsnamen mit angeben. (Auf Schreibweise achten, da der Name so gedruckt wird wie von euch dort angegeben!)<\/p>\n<p>Fb 2006 = grau<\/p>\n<p>Fb 3062 = rot<\/p>\n<p>Fb 6140 = gr\u00fcn<\/p>\n<p>Fb 2001 = schwarz<\/p>\n<p>Fb 9001 = wei\u00df<\/p>\n<p>Fb 7045 =royalblau<\/p>\n<p>Gr\u00f6\u00dfe\u00a0 116 &#8211; 176<\/p>\n<p>Lieferzeit: ca 10 &#8211; 20 Tage<\/p>\n<p>&nbsp;<\/p>\n<table border=\"1\" cellspacing=\"0\" cellpadding=\"0\">\n<tbody>\n<tr>\n<td><strong>Menge<\/strong><\/td>\n<td><strong>Preis<\/strong><\/td>\n<\/tr>\n<tr>\n<td>1 &#8211; 2<\/td>\n<td>21,99 \u20ac<\/td>\n<\/tr>\n<tr>\n<td>3 &#8211; 9<\/td>\n<td>17,99 \u20ac<\/td>\n<\/tr>\n<tr>\n<td>10-50<\/td>\n<td>15,99 \u20ac<\/td>\n<\/tr>\n<\/tbody>\n<\/table>\n<p>&nbsp;<\/p>\n","protected":false},"featured_media":1709,"template":"","meta":[],"product_brand":[],"product_cat":[326,219],"product_tag":[],"class_list":{"0":"post-1667","1":"product","2":"type-product","3":"status-publish","4":"has-post-thumbnail","6":"product_cat-lsn-kollektion-fuer-vereine","7":"product_cat-lsn-shop","8":"description-off","10":"first","11":"instock","12":"sale","13":"taxable","14":"shipping-taxable","15":"purchasable","16":"product-type-variable"},"_links":{"self":[{"href":"https:\/\/sport-goslar.de\/verein-shop\/wp-json\/wp\/v2\/product\/1667","targetHints":{"allow":["GET"]}}],"collection":[{"href":"https:\/\/sport-goslar.de\/verein-shop\/wp-json\/wp\/v2\/product"}],"about":[{"href":"https:\/\/sport-goslar.de\/verein-shop\/wp-json\/wp\/v2\/types\/product"}],"wp:featuredmedia":[{"embeddable":true,"href":"https:\/\/sport-goslar.de\/verein-shop\/wp-json\/wp\/v2\/media\/1709"}],"wp:attachment":[{"href":"https:\/\/sport-goslar.de\/verein-shop\/wp-json\/wp\/v2\/media?parent=1667"}],"wp:term":[{"taxonomy":"product_brand","embeddable":true,"href":"https:\/\/sport-goslar.de\/verein-shop\/wp-json\/wp\/v2\/product_brand?post=1667"},{"taxonomy":"product_cat","embeddable":true,"href":"https:\/\/sport-goslar.de\/verein-shop\/wp-json\/wp\/v2\/product_cat?post=1667"},{"taxonomy":"product_tag","embeddable":true,"href":"https:\/\/sport-goslar.de\/verein-shop\/wp-json\/wp\/v2\/product_tag?post=1667"}],"curies":[{"name":"wp","href":"https:\/\/api.w.org\/{rel}","templated":true}]}}