{"id":1658,"date":"2021-04-30T11:38:51","date_gmt":"2021-04-30T09:38:51","guid":{"rendered":"https:\/\/sport-goslar.de\/verein-shop\/?post_type=product&#038;p=1658"},"modified":"2024-03-13T12:34:22","modified_gmt":"2024-03-13T11:34:22","slug":"damen-hoodie-hml-inklusive-vereinsname-und-lsn-logo","status":"publish","type":"product","link":"https:\/\/sport-goslar.de\/verein-shop\/produkt\/damen-hoodie-hml-inklusive-vereinsname-und-lsn-logo\/","title":{"rendered":"Damen Hoodie HML inklusive Vereinsname und LSN Logo"},"content":{"rendered":"<p>Hey Sportler, Trainer und Fans!<\/p>\n<p>Seid ihr schon auf unseren topaktuellen Onlineshop f\u00fcr den Landesverband Niedersachsen gesto\u00dfen? Wir sind absolut begeistert, euch die M\u00f6glichkeit zu bieten, eure Schwimmausr\u00fcstung und Vereinskollektionen online zu pr\u00e4sentieren und die besten Produkte f\u00fcr euer Schwimmteam zu ergattern. Doch damit nicht genug \u2013 auch andere Schwimmverb\u00e4nde sollen von dieser Chance profitieren! Unser kompetentes Team steht bereit, um euren Verband individuell zu beraten und den optimalen Onlineshop zu gestalten.<\/p>\n<p>Gemeinsam finden wir die passenden Produkte f\u00fcr euer Team \u2013 und das ohne zus\u00e4tzliche Kosten f\u00fcr euren Verband! Egal, ob ihr Mitglied im Landesverband Niedersachsen seid oder einem anderen Landesverband angeh\u00f6rt, wir unterst\u00fctzen euch alle und tragen dazu bei, dass ihr euer Team mit Stolz repr\u00e4sentieren k\u00f6nnt. Dank unserer engen Beziehungen zu f\u00fchrenden Partnern in der Sportartikelindustrie k\u00f6nnen wir euch exklusive Konditionen und attraktive Sponsoring-Vereinbarungen bieten. Lasst uns gemeinsam euren Teamgeist st\u00e4rken und eure Vereinskollektionen auf ein neues Level heben!<\/p>\n<p>Kontaktiert uns noch heute und erfahrt, wie wir euch helfen k\u00f6nnen, euren eigenen Onlineshop zu erstellen und eure Teams professionell auszustatten. Wir freuen uns darauf, von euch zu h\u00f6ren und gemeinsam mit euch durchzustarten!<\/p>\n<p>&nbsp;<\/p>\n<p>&nbsp;<\/p>\n<p>&nbsp;<\/p>\n<p>&nbsp;<\/p>\n<p>&nbsp;<\/p>\n<p>&nbsp;<\/p>\n<p>&nbsp;<\/p>\n<p>&nbsp;<\/p>\n<p>Ware die individuell f\u00fcr euch veredelt wird (also z.B. mit Spielernamen, Nummern, Sponsorenlogos, Vereinswappen, Initalien, etc bedruckt\/beflockt wird) gilt als Sonderanfertigung und ist von einem Umtausch leider ausgeschlossen.<\/p>\n","protected":false},"excerpt":{"rendered":"<p><strong>Damen LSN Hoodie inklusive Vereinsname auf dem R\u00fccken<\/strong><\/p>\n<p>Nichts geht \u00fcber einen bequemen Hoodie, wenn Sie unterwegs sind. W\u00e4hlen Sie Ihre Farbe aus unserer HMLGO COTTON HOODIE Kollektion und Sie haben Ihren perfekten Partner f\u00fcr den Casual Fr\u00fchlingsstil. Vier unserer typischen Chevrons zieren beide \u00c4rmel. Dieser hummel\u00ae Hoodie verf\u00fcgt \u00fcber ein Mesh-Futter f\u00fcr zus\u00e4tzliche Bel\u00fcftung und einen gerippten Saum und \u00c4rmelb\u00fcndchen, um an frischen Morgenstunden warm zu bleiben! Sweat-Gewebe, Mesh-Futter, Chevrons an den \u00c4rmeln, Kapuze mit Kordelzug, gedrucktes hummel\u00ae-Logo auf der Brust, B\u00fcndchen an \u00c4rmeln und Saum, Qualit\u00e4t: 80 % Baumwolle, 20 % Polyester. <strong>Ihr bekommt dieses hochwertige Kapuzensweat inklusive eurem individuellem Vereinsnamen und dem LSN Logo auf dem R\u00fccken. <\/strong>Taillierter Damenschnitt!<\/p>\n<p>Fb 2006 = grau<\/p>\n<p>Fb 3062 = rot<\/p>\n<p>Fb 6140 = gr\u00fcn<\/p>\n<p>Fb 2001 = schwarz<\/p>\n<p>Fb 9001 = wei\u00df<\/p>\n<p>Fb 7045 =royalblau<\/p>\n<p>Gr\u00f6\u00dfe\u00a0 XS &#8211; 2XL<\/p>\n<p>Lieferzeit: ca 10 &#8211; 20 Tage<\/p>\n<table border=\"1\" cellspacing=\"0\" cellpadding=\"0\">\n<tbody>\n<tr>\n<td><strong>Menge<\/strong><\/td>\n<td><strong>Preis<\/strong><\/td>\n<\/tr>\n<tr>\n<td>1 &#8211; 4<\/td>\n<td>42,99 \u20ac<\/td>\n<\/tr>\n<tr>\n<td>5 &#8211; 9<\/td>\n<td>37,99 \u20ac<\/td>\n<\/tr>\n<tr>\n<td>10-20<\/td>\n<td>35,99 \u20ac<\/td>\n<\/tr>\n<\/tbody>\n<\/table>\n<p>&nbsp;<\/p>\n","protected":false},"featured_media":1717,"template":"","meta":[],"product_brand":[],"product_cat":[326,219],"product_tag":[],"class_list":{"0":"post-1658","1":"product","2":"type-product","3":"status-publish","4":"has-post-thumbnail","6":"product_cat-lsn-kollektion-fuer-vereine","7":"product_cat-lsn-shop","8":"description-off","10":"first","11":"instock","12":"sale","13":"taxable","14":"shipping-taxable","15":"purchasable","16":"product-type-variable"},"_links":{"self":[{"href":"https:\/\/sport-goslar.de\/verein-shop\/wp-json\/wp\/v2\/product\/1658","targetHints":{"allow":["GET"]}}],"collection":[{"href":"https:\/\/sport-goslar.de\/verein-shop\/wp-json\/wp\/v2\/product"}],"about":[{"href":"https:\/\/sport-goslar.de\/verein-shop\/wp-json\/wp\/v2\/types\/product"}],"wp:featuredmedia":[{"embeddable":true,"href":"https:\/\/sport-goslar.de\/verein-shop\/wp-json\/wp\/v2\/media\/1717"}],"wp:attachment":[{"href":"https:\/\/sport-goslar.de\/verein-shop\/wp-json\/wp\/v2\/media?parent=1658"}],"wp:term":[{"taxonomy":"product_brand","embeddable":true,"href":"https:\/\/sport-goslar.de\/verein-shop\/wp-json\/wp\/v2\/product_brand?post=1658"},{"taxonomy":"product_cat","embeddable":true,"href":"https:\/\/sport-goslar.de\/verein-shop\/wp-json\/wp\/v2\/product_cat?post=1658"},{"taxonomy":"product_tag","embeddable":true,"href":"https:\/\/sport-goslar.de\/verein-shop\/wp-json\/wp\/v2\/product_tag?post=1658"}],"curies":[{"name":"wp","href":"https:\/\/api.w.org\/{rel}","templated":true}]}}