{"id":1650,"date":"2021-04-30T12:34:25","date_gmt":"2021-04-30T10:34:25","guid":{"rendered":"https:\/\/sport-goslar.de\/verein-shop\/?post_type=product&#038;p=1650"},"modified":"2024-03-13T12:30:16","modified_gmt":"2024-03-13T11:30:16","slug":"damen-cotton-zip-hoodie-hml-inklusive-brustwappen-lsn","status":"publish","type":"product","link":"https:\/\/sport-goslar.de\/verein-shop\/produkt\/damen-cotton-zip-hoodie-hml-inklusive-brustwappen-lsn\/","title":{"rendered":"Damen Cotton Zip Hoodie HML inklusive Brustwappen LSN"},"content":{"rendered":"<p>Hey Schwimmer, Wasserballer, Syncronschimmer und Turmspringer,<\/p>\n<p>habt ihr schon von unserem neuen Onlineshop f\u00fcr den <strong>Landesschwimmverband Niedersachsen<\/strong> geh\u00f6rt?<\/p>\n<p>Wir sind mega aufgeregt, euch die M\u00f6glichkeit zu geben, eure Schwimmkollektionen online zu pr\u00e4sentieren und die coolsten Produkte f\u00fcr euer Team zu schnappen! Und wisst ihr was? Diese M\u00f6glichkeit steht nicht nur unserem Verband zur Verf\u00fcgung, sondern auch anderen Verb\u00e4nden! Unser Team ist bereit, euch dabei zu unterst\u00fctzen und den perfekten <strong>Onlineshop f\u00fcr euren Schwimmverband<\/strong> zu erstellen.<\/p>\n<p>Und das Beste? Es kostet euch keinen Cent extra! Egal ob ihr zum Landesverband Niedersachsen geh\u00f6rt oder einem anderen Verband, wir sind hier, um euch alle zu unterst\u00fctzen und sicherzustellen, dass ihr euer Team mit Stolz repr\u00e4sentieren k\u00f6nnt. Dank unserer guten Beziehungen zu f\u00fchrenden Partnern in der Sportartikelindustrie k\u00f6nnen wir euch erstklassige Konditionen und tolle Sponsoring-Vereinbarungen bieten.<\/p>\n<p>&nbsp;<\/p>\n<p>Also worauf wartet ihr noch? Lasst uns gemeinsam euren Teamgeist st\u00e4rken und eure Vereinskollektionen auf ein neues Level bringen! Lasst von euch h\u00f6ren und lasst uns zusammen durchstarten!&#8220;<\/p>\n<p>&nbsp;<\/p>\n<p>&nbsp;<\/p>\n<p>&nbsp;<\/p>\n<p>&nbsp;<\/p>\n<p>Ware die individuell f\u00fcr euch veredelt wird (also z.B. mit Spielernamen, Nummern, Sponsorenlogos, Vereinswappen, Initalien, etc bedruckt\/beflockt wird) gilt als Sonderanfertigung und ist von einem Umtausch leider ausgeschlossen.<\/p>\n","protected":false},"excerpt":{"rendered":"<p><strong>HML Damen Kapuzenjacke inklusive Brustwappen LSN<br \/>\n<\/strong><\/p>\n<div class=\"attributes d-flex flex-column pl-0 pr-0\">\n<div class=\"product-detail-secondary-content\">\n<p>Diese modische HMLGO KIDS COTTON ZIP HOODIE hat alles &#8211; einen Roll-Top-Tunnelzugkragen, einen durchgehenden Rei\u00dfverschluss und sportliche Schulterpartien sowie ein subtil gedrucktes hummel\u00ae-Logo. LSN Logo auf der Brust. Kleines LSN Logo auf der Brust. Taillerter Damenschnitt!<\/p>\n<\/div>\n<\/div>\n<p>Fb 2006 = grau<\/p>\n<p>Fb 3062 = rot<\/p>\n<p>Fb 6140 = gr\u00fcn<\/p>\n<p>Fb 2001 = schwarz<\/p>\n<p>Fb 9001 = wei\u00df<\/p>\n<p>Fb 7045 =royalblau<\/p>\n<p>Gr\u00f6\u00dfe\u00a0 S &#8211; 3XL<\/p>\n<p>Lieferzeit: ca 10 &#8211; 20 Tage<\/p>\n<p>&nbsp;<\/p>\n<table border=\"1\" cellspacing=\"0\" cellpadding=\"0\">\n<tbody>\n<tr>\n<td><strong>Menge<\/strong><\/td>\n<td><strong>Preis<\/strong><\/td>\n<\/tr>\n<tr>\n<td>1 &#8211; 2<\/td>\n<td>45,99 \u20ac<\/td>\n<\/tr>\n<tr>\n<td>3 &#8211; 9<\/td>\n<td>40,99 \u20ac<\/td>\n<\/tr>\n<tr>\n<td>10-50<\/td>\n<td>38,99 \u20ac<\/td>\n<\/tr>\n<\/tbody>\n<\/table>\n<p>&nbsp;<\/p>\n","protected":false},"featured_media":1642,"template":"","meta":[],"product_brand":[],"product_cat":[326,219],"product_tag":[],"class_list":{"0":"post-1650","1":"product","2":"type-product","3":"status-publish","4":"has-post-thumbnail","6":"product_cat-lsn-kollektion-fuer-vereine","7":"product_cat-lsn-shop","8":"description-off","10":"first","11":"instock","12":"sale","13":"taxable","14":"shipping-taxable","15":"purchasable","16":"product-type-variable"},"_links":{"self":[{"href":"https:\/\/sport-goslar.de\/verein-shop\/wp-json\/wp\/v2\/product\/1650","targetHints":{"allow":["GET"]}}],"collection":[{"href":"https:\/\/sport-goslar.de\/verein-shop\/wp-json\/wp\/v2\/product"}],"about":[{"href":"https:\/\/sport-goslar.de\/verein-shop\/wp-json\/wp\/v2\/types\/product"}],"wp:featuredmedia":[{"embeddable":true,"href":"https:\/\/sport-goslar.de\/verein-shop\/wp-json\/wp\/v2\/media\/1642"}],"wp:attachment":[{"href":"https:\/\/sport-goslar.de\/verein-shop\/wp-json\/wp\/v2\/media?parent=1650"}],"wp:term":[{"taxonomy":"product_brand","embeddable":true,"href":"https:\/\/sport-goslar.de\/verein-shop\/wp-json\/wp\/v2\/product_brand?post=1650"},{"taxonomy":"product_cat","embeddable":true,"href":"https:\/\/sport-goslar.de\/verein-shop\/wp-json\/wp\/v2\/product_cat?post=1650"},{"taxonomy":"product_tag","embeddable":true,"href":"https:\/\/sport-goslar.de\/verein-shop\/wp-json\/wp\/v2\/product_tag?post=1650"}],"curies":[{"name":"wp","href":"https:\/\/api.w.org\/{rel}","templated":true}]}}