{"id":1624,"date":"2021-04-29T16:17:28","date_gmt":"2021-04-29T14:17:28","guid":{"rendered":"https:\/\/sport-goslar.de\/verein-shop\/?post_type=product&#038;p=1624"},"modified":"2024-03-13T11:47:27","modified_gmt":"2024-03-13T10:47:27","slug":"handtuch-lsn","status":"publish","type":"product","link":"https:\/\/sport-goslar.de\/verein-shop\/produkt\/handtuch-lsn\/","title":{"rendered":"Handtuch Landesschwimmverband NDS"},"content":{"rendered":"<p>Bei gro\u00dfen Mengen k\u00f6nnen wir die Ware im europ\u00e4ischen Ausland produzieren lassen. Hier bieten wie dann eine etwas einfachere Qualtit\u00e4t daf\u00fcr aber zu besonders g\u00fcrnstigen Preisen zB:<\/p>\n<p>Ma\u00dfe 70 x 100cm:<br \/>\nab 50 Stck. 14,99<br \/>\nab 100 Stck 13,99<br \/>\nab 200 Stck 12,99<br \/>\nab 500 Stck 11,99<\/p>\n<p>Ma\u00dfe 80x 150 cm:<br \/>\nab 50 Stck. 16,99<br \/>\nab 100 Stck. 15,99<br \/>\nab 200 Stck. 13,99<br \/>\nab 500 Stck. 12,99<br \/>\nab 2000 Stck. Preis auf Anfrage<\/p>\n<p>Ware die invividuell f\u00fcr euch veredelt wird (also z.B. mit Spielernamen, Nummern, Sponsorenlogos, Vereinswappen, Initalien, etc bedruckt\/beflockt wird) gilt als Sonderanfertigung und ist von einem Umtausch leider ausgeschlossen.<\/p>\n<p>&nbsp;<\/p>\n<p>&nbsp;<\/p>\n<p>Hey Leute, habt ihr schon von unserem neuen Onlineshop f\u00fcr den Landesverband Niedersachsen geh\u00f6rt?<\/p>\n<p>Wir sind mega aufgeregt, euch die M\u00f6glichkeit zu geben, eure Schwimmkollektionen online zu pr\u00e4sentieren und die coolsten Produkte f\u00fcr euer Team zu schnappen! Und wisst ihr was? Diese M\u00f6glichkeit steht nicht nur unserem Verband zur Verf\u00fcgung, sondern auch anderen Verb\u00e4nden! Unser Team ist bereit, euch dabei zu unterst\u00fctzen und den perfekten Onlineshop f\u00fcr euren Verband zu erstellen. Und das Beste? Es kostet euch keinen Cent extra! Egal ob ihr zum Landesverband Niedersachsen geh\u00f6rt oder einem anderen Verband, wir sind hier, um euch alle zu unterst\u00fctzen und sicherzustellen, dass ihr euer Team mit Stolz repr\u00e4sentieren k\u00f6nnt. Dank unserer guten Beziehungen zu f\u00fchrenden Partnern in der Sportartikelindustrie k\u00f6nnen wir euch erstklassige Konditionen und tolle Sponsoring-Vereinbarungen bieten. Also worauf wartet ihr noch? Lasst uns gemeinsam euren Teamgeist st\u00e4rken und eure Vereinskollektionen auf ein neues Level bringen! Lasst von euch h\u00f6ren und lasst uns zusammen durchstarten!&#8220;<\/p>\n<p>&nbsp;<\/p>\n","protected":false},"excerpt":{"rendered":"<p><strong>Handtuch LSN 50&#215;100<br \/>\n<\/strong><\/p>\n<div class=\"woocommerce-product-details__short-description\">\n<p>Handtuch mit Sublimationsdruck. Ein optisches Highlight in den Ma\u00dfen 50 x 100 cm. Wir veredeln dies mit einem hochwertigen Sublimationsdruck den wir nach\u00a0 individuell auftragen. Beim Sublimationdruck-Verfahren wird die Farbe direkt auf dem Material bei einer Temperatur von ca. 200\u00b0C eingedampft (sublimieren) Die Farbe bleibt dabei direkt an jeder einzelnen Faser haften und wird nicht oben drauf mit einer harten Tr\u00e4gerschicht aufgeb\u00fcgelt. Die Farbpigmente sind somit ein Teil des Stoffes und werden nicht aufgeklebt wie z.B. beim Plotterverfahren \u00fcblich. Die HALTBARKEIT ist durch das direkte eindampfen der Farbe in das Material mit keiner andere Methode vergleichbar! Der Sublimationddruck verliert sich bei unz\u00e4hligen hei\u00dfen W\u00e4schen nie an Brillanz. Die UV- und Farbbest\u00e4ndigkeit sucht seinesgleichen. Eine ist Seite ist aus 100% Polyester, das nur bei diesem Material die Drucktechnik m\u00f6glich ist. Die andere Seite ist aus unbedruckter Baumwolle und nimmt die Feutigkeit perfekt auf.<\/p>\n<\/div>\n<p>Gr\u00f6\u00dfe\u00a0 S<\/p>\n<p>Lieferzeit: ca 7- 14 Tage<\/p>\n<table border=\"1\" cellspacing=\"0\" cellpadding=\"0\">\n<tbody>\n<tr>\n<td><strong>Menge<\/strong><\/td>\n<td><strong>Preis<\/strong><\/td>\n<\/tr>\n<tr>\n<td>1 &#8211; 4<\/td>\n<td>21,99 \u20ac<\/td>\n<\/tr>\n<tr>\n<td>5 &#8211; 9<\/td>\n<td>20,50 \u20ac<\/td>\n<\/tr>\n<tr>\n<td>10-20<\/td>\n<td>19,99 \u20ac<\/td>\n<\/tr>\n<\/tbody>\n<\/table>\n<p>&nbsp;<\/p>\n","protected":false},"featured_media":1619,"template":"","meta":[],"product_brand":[],"product_cat":[299,219],"product_tag":[],"class_list":{"0":"post-1624","1":"product","2":"type-product","3":"status-publish","4":"has-post-thumbnail","6":"product_cat-handtuecher-badepantoletten-lsn","7":"product_cat-lsn-shop","8":"description-off","10":"first","11":"instock","12":"sale","13":"taxable","14":"shipping-taxable","15":"purchasable","16":"product-type-variable"},"_links":{"self":[{"href":"https:\/\/sport-goslar.de\/verein-shop\/wp-json\/wp\/v2\/product\/1624","targetHints":{"allow":["GET"]}}],"collection":[{"href":"https:\/\/sport-goslar.de\/verein-shop\/wp-json\/wp\/v2\/product"}],"about":[{"href":"https:\/\/sport-goslar.de\/verein-shop\/wp-json\/wp\/v2\/types\/product"}],"wp:featuredmedia":[{"embeddable":true,"href":"https:\/\/sport-goslar.de\/verein-shop\/wp-json\/wp\/v2\/media\/1619"}],"wp:attachment":[{"href":"https:\/\/sport-goslar.de\/verein-shop\/wp-json\/wp\/v2\/media?parent=1624"}],"wp:term":[{"taxonomy":"product_brand","embeddable":true,"href":"https:\/\/sport-goslar.de\/verein-shop\/wp-json\/wp\/v2\/product_brand?post=1624"},{"taxonomy":"product_cat","embeddable":true,"href":"https:\/\/sport-goslar.de\/verein-shop\/wp-json\/wp\/v2\/product_cat?post=1624"},{"taxonomy":"product_tag","embeddable":true,"href":"https:\/\/sport-goslar.de\/verein-shop\/wp-json\/wp\/v2\/product_tag?post=1624"}],"curies":[{"name":"wp","href":"https:\/\/api.w.org\/{rel}","templated":true}]}}