{"id":1601,"date":"2021-04-28T16:40:12","date_gmt":"2021-04-28T14:40:12","guid":{"rendered":"https:\/\/sport-goslar.de\/verein-shop\/?post_type=product&#038;p=1601"},"modified":"2024-05-07T18:29:17","modified_gmt":"2024-05-07T16:29:17","slug":"hml-core-bag-groesse-l-inklusive-wappen-lehrter-sv","status":"publish","type":"product","link":"https:\/\/sport-goslar.de\/verein-shop\/produkt\/hml-core-bag-groesse-l-inklusive-wappen-lehrter-sv\/","title":{"rendered":"HML Core Bag Gr\u00f6\u00dfe L inklusive Wappen Lehrter SV"},"content":{"rendered":"<p><strong>LSV-Mitglieder<\/strong> aufgepasst,<\/p>\n<p>seid ihr schon auf unseren hei\u00dfen Onlineshop f\u00fcr den Lehrter SV gesto\u00dfen?<\/p>\n<p>Wir sind richtig stolz darauf, euch die M\u00f6glichkeit zu bieten, eure Vereinskollektion online zu pr\u00e4sentieren und die absoluten Knallerprodukte f\u00fcr euer Team zu ergattern.<\/p>\n<p>Und wisst ihr was? Das ist nicht nur f\u00fcr den<strong> Lehrter Sport Verein<\/strong> gedacht, wir k\u00f6nnen auch f\u00fcr alle anderen Vereine individuelle Shops aus dem Boden stampfen!<\/p>\n<p>Unser Team steht bereit, um euch pers\u00f6nlich zu beraten und den besten Onlineshop \u00fcberhaupt zu kreieren.<\/p>\n<p>&nbsp;<\/p>\n<p>Willkommen bei Sport Goslar, dem ultimativen Ziel f\u00fcr junge Athleten, Trainer und Nachwuchstalente, die ihren Team-Style auf das n\u00e4chste Level heben wollen! Bei uns dreht sich alles darum, wie du und dein Team beim n\u00e4chsten Event oder Wettkampt herausstechen k\u00f6nnt. Wir sind die <strong>Spezialisten f\u00fcr individuelle Vereins- und Mannschaftsbekleidung<\/strong>, denn wir wissen, dass es nicht nur um das Spiel, sondern auch um den Style geht!<\/p>\n<p>Mit unserem individuellen Trikots k\u00f6nnt ihr euer einzigartiges Mannschaftsoutfin ganz nach euren W\u00fcnschen gestalten. Bei uns entdeckt ihr den ultimativen Style f\u00fcr eurer Team! Egal ob <strong>Volleyball-\/ Handballtrikots, Beachhandballshirts, oder Singlets und Bra\u00b4s f\u00fcr die Leichtahtletik sucht \u2013 alles wird speziell f\u00fcr euch und nach euren individuellen Vorgaben hergestellt<\/strong>. Das Beste daran? Ihr k\u00f6nnt das Design, die Farben und die Beschriftung selbst festlegen und sogar eure Logos einbinden lassen.<\/p>\n<p>Unsere kurzen Beachvolleyballtops sind in verschiedenen Polyesterarten erh\u00e4ltlich, einschlie\u00dflich recycelter Materialien, denn wir legen Wert auf Nachhaltigkeit. Sponsorenlogos, Teamnamen, Beachvolleyball-Motive \u2013 die M\u00f6glichkeiten sind endlos, wie ihr eure Volleyball-Shirts bedrucken lassen k\u00f6nnt.<\/p>\n<p>Bei uns habt ihr die freie Wahl, was Designs und Farben angeht. Unsere hochwertigen Beachvolleyballtanks werden im europ\u00e4ischen Ausland individuell als Sonderanfertigung produziert. Egal ob Beach-Handball, Beach-Volleyball, Basketball oder Leichtathletik \u2013 wir haben das passende Trikot f\u00fcr euch!<\/p>\n<p>Und das Beste kommt noch: <strong>Unser Preis-\/Leistungsverh\u00e4ltnis ist wohl unschlagbar!<\/strong> Schon ab 10 St\u00fcck k\u00f6nnt ihr euer individuelles Vereins-Outfit gestalten. In den Preisen sind bereits<strong> ALLE Druckkosten f\u00fcr Vereinslogo, Sponsorenaufdruck &amp; Trikotnummer sowie Vereinsnamen enthalten.<\/strong> Das ist besonders f\u00fcr Vereine ein unschlagbares Angebot die viele Sponsorenlogo unterbringen m\u00f6chten!<\/p>\n<p>&nbsp;<\/p>\n<p>Also, worauf wartet ihr noch? Gestaltet jetzt euer einzigartiges Teaml-Shirt und seid die Stars des n\u00e4chsten Spiels!<\/p>\n<p>&nbsp;<\/p>\n<p>Sport Goslar \u2013 euer Partner f\u00fcr individuelle Volleyballbekleidung, die nicht nur gut aussieht, sondern auch perfekt sitzt und sich anf\u00fchlt!<\/p>\n<p>&nbsp;<\/p>\n<p>&nbsp;<\/p>\n<p>&nbsp;<\/p>\n<p>&nbsp;<\/p>\n<p>&nbsp;<\/p>\n<p>Ware die individuell f\u00fcr euch veredelt wird (also z.B. mit Spielernamen, Nummern, Sponsorenlogos, Vereinswappen, Initalien, etc bedruckt\/beflockt wird) gilt als Sonderanfertigung und ist von einem Umtausch leider ausgeschlossen.<\/p>\n","protected":false},"excerpt":{"rendered":"<p><strong>Hummel Core Sporttasche inklusive Vereinswappen Gr\u00f6\u00dfe L<br \/>\n<\/strong><\/p>\n<p>Mit der gef\u00fctterten hummel\u00ae CORE SPORTS BAG halten Sie Ordnung. Innen gef\u00fcttert , Rei\u00dfverschlusstasche, auff\u00e4llige Insignien, Innentasche mit Rei\u00dfverschluss, Qualit\u00e4t: 100 % Polyester, mit PU-Beschichtung auf der R\u00fcckseite Diese Sporttasche in perfekter Gr\u00f6\u00dfe bietet alles, inklusive Schulter- und Handschlaufen, Top Preis-Leistung, 69 Liter Volumen.Die Tasche wird mit eurem Vereinwappen bedruckt Art. 204012<\/p>\n<p>UVP 44,95 \u20ac + Druckkosten<\/p>\n<p>Fb 2001 = schwarz<\/p>\n<p>Fb 2006 = grau<\/p>\n<p>Fb 3583 = bordo<\/p>\n<p>&nbsp;<\/p>\n<p>Gr\u00f6\u00dfe\u00a0 L<\/p>\n<p>Lieferzeit: ca 10 &#8211; 20 Tage<\/p>\n<p>&nbsp;<\/p>\n<table border=\"1\" cellspacing=\"0\" cellpadding=\"0\">\n<tbody>\n<tr>\n<td><strong>Menge<\/strong><\/td>\n<td><strong>Preis<\/strong><\/td>\n<\/tr>\n<tr>\n<td>1 &#8211; 4<\/td>\n<td>38,99 \u20ac<\/td>\n<\/tr>\n<tr>\n<td>5 &#8211; 9<\/td>\n<td>34,99 \u20ac<\/td>\n<\/tr>\n<tr>\n<td>10-50<\/td>\n<td>32,99 \u20ac<\/td>\n<\/tr>\n<\/tbody>\n<\/table>\n<p>&nbsp;<\/p>\n<p>&nbsp;<\/p>\n<p>&nbsp;<\/p>\n<p>&nbsp;<\/p>\n<p>&nbsp;<\/p>\n","protected":false},"featured_media":1606,"template":"","meta":[],"product_brand":[],"product_cat":[222,271],"product_tag":[],"class_list":{"0":"post-1601","1":"product","2":"type-product","3":"status-publish","4":"has-post-thumbnail","6":"product_cat-lehrter-sv","7":"product_cat-rucksaecke-taschen-lsv","8":"description-off","10":"first","11":"instock","12":"sale","13":"taxable","14":"shipping-taxable","15":"purchasable","16":"product-type-variable"},"_links":{"self":[{"href":"https:\/\/sport-goslar.de\/verein-shop\/wp-json\/wp\/v2\/product\/1601","targetHints":{"allow":["GET"]}}],"collection":[{"href":"https:\/\/sport-goslar.de\/verein-shop\/wp-json\/wp\/v2\/product"}],"about":[{"href":"https:\/\/sport-goslar.de\/verein-shop\/wp-json\/wp\/v2\/types\/product"}],"wp:featuredmedia":[{"embeddable":true,"href":"https:\/\/sport-goslar.de\/verein-shop\/wp-json\/wp\/v2\/media\/1606"}],"wp:attachment":[{"href":"https:\/\/sport-goslar.de\/verein-shop\/wp-json\/wp\/v2\/media?parent=1601"}],"wp:term":[{"taxonomy":"product_brand","embeddable":true,"href":"https:\/\/sport-goslar.de\/verein-shop\/wp-json\/wp\/v2\/product_brand?post=1601"},{"taxonomy":"product_cat","embeddable":true,"href":"https:\/\/sport-goslar.de\/verein-shop\/wp-json\/wp\/v2\/product_cat?post=1601"},{"taxonomy":"product_tag","embeddable":true,"href":"https:\/\/sport-goslar.de\/verein-shop\/wp-json\/wp\/v2\/product_tag?post=1601"}],"curies":[{"name":"wp","href":"https:\/\/api.w.org\/{rel}","templated":true}]}}