{"id":1598,"date":"2021-04-23T15:09:51","date_gmt":"2021-04-23T13:09:51","guid":{"rendered":"https:\/\/sport-goslar.de\/verein-shop\/?post_type=product&#038;p=1598"},"modified":"2021-04-23T15:15:22","modified_gmt":"2021-04-23T13:15:22","slug":"tvn-softshelljacke-kinder-inklusive-edlem-3d-logo","status":"publish","type":"product","link":"https:\/\/sport-goslar.de\/verein-shop\/produkt\/tvn-softshelljacke-kinder-inklusive-edlem-3d-logo\/","title":{"rendered":"TVN Softshelljacke Kinder inklusive edlem 3D-Logo"},"content":{"rendered":"<p>Ware die individuell f\u00fcr euch veredelt wird (also z.B. mit Spielernamen, Nummern, Sponsorenlogos, Vereinswappen, Initalien, etc bedruckt\/beflockt wird) gilt als Sonderanfertigung und ist von einem Umtausch leider ausgeschlossen.<\/p>\n","protected":false},"excerpt":{"rendered":"<p><strong>Kinder Softshelljacke Funktion inklusive TVN 3D-Logo<\/strong><\/p>\n<p>Wenn es drau\u00dfen regnerisch und k\u00fchl ist, ist die SOFTSHELLJACKE FUNCTION genau richtig. Daf\u00fcr sorgt ihr flexibles, anschmiegsames Softshell-Material. Ausgestattet mit der ERIMA-TEX\u00ae Membran sind Regen und Wind chancenlos. Gleichzeitig ist die ERIMA Softshelljacke hoch atmungsaktiv, also f\u00fcr feuchte Luft von innen nach au\u00dfen durchl\u00e4ssig. Perfekt, wenn du sportlich unterwegs bist. F\u00fcr die n\u00f6tige Portion W\u00e4rme sorgen weiches Fleece innen und die praktischen Handstulpen. Eine abnehmbare Kapuze, optimal platzierte L\u00fcftungs\u00f6ffnungen und diverse Taschen machen diese Outdoor-Jacke zu einem echt starken Allrounder. Getapte, wasserdichte Rei\u00dfverschl\u00fcsse &#8211; die N\u00e4hte sind wasserdurchl\u00e4ssig, Handstulpen mit Daumenl\u00f6cher f\u00fcr warme H\u00e4nde, seitliche Rei\u00dfverschlusstaschen und Innentasche, reflektierende Brusttasche, <strong>ERIMA-TEX\u00ae mit 5.000 mm Wassers\u00e4ule<\/strong>: wasserdicht, winddicht, atmungsaktiv, abnehmbare Kapuze f\u00fcr flexiblen Wetterschutz, warmes Fleece auf der Innenseite, Unterarm-Bel\u00fcftung mit\u00a0 Rei\u00dfverschluss, \u00c4rmelabschluss mit Klettverschluss verstellbar. <strong>Ihr bekommt dieses hochwertige Jacke inklusive dreidimensionalem TVN-Logo auf der Brust.\u00a0<\/strong><\/p>\n<p>Fb 9060710 = grau\/gr\u00fcn<\/p>\n<p>Fb 9060709 = rot\/wei\u00df<\/p>\n<p>Fb 906402 = royal\/wei\u00df<\/p>\n<p>Fb 906201 = schwarz\/grau<\/p>\n<p>Gr\u00f6\u00dfe\u00a0 128 &#8211; 164<\/p>\n<p>Lieferzeit: ca 10 &#8211; 20 Tage<\/p>\n<table border=\"1\" cellspacing=\"0\" cellpadding=\"0\">\n<tbody>\n<tr>\n<td><strong>Menge<\/strong><\/td>\n<td><strong>Preis<\/strong><\/td>\n<\/tr>\n<tr>\n<td>1 &#8211; 2<\/td>\n<td>79,99 \u20ac<\/td>\n<\/tr>\n<tr>\n<td>3 &#8211; 9<\/td>\n<td>69,99 \u20ac<\/td>\n<\/tr>\n<tr>\n<td>10-20<\/td>\n<td>65,99 \u20ac<\/td>\n<\/tr>\n<\/tbody>\n<\/table>\n<p>&nbsp;<\/p>\n","protected":false},"featured_media":1594,"template":"","meta":[],"product_brand":[],"product_cat":[317,218],"product_tag":[],"class_list":{"0":"post-1598","1":"product","2":"type-product","3":"status-publish","4":"has-post-thumbnail","6":"product_cat-tvn-kollektion","7":"product_cat-tvn-shop","8":"description-off","10":"first","11":"instock","12":"sale","13":"taxable","14":"shipping-taxable","15":"purchasable","16":"product-type-variable"},"_links":{"self":[{"href":"https:\/\/sport-goslar.de\/verein-shop\/wp-json\/wp\/v2\/product\/1598","targetHints":{"allow":["GET"]}}],"collection":[{"href":"https:\/\/sport-goslar.de\/verein-shop\/wp-json\/wp\/v2\/product"}],"about":[{"href":"https:\/\/sport-goslar.de\/verein-shop\/wp-json\/wp\/v2\/types\/product"}],"wp:featuredmedia":[{"embeddable":true,"href":"https:\/\/sport-goslar.de\/verein-shop\/wp-json\/wp\/v2\/media\/1594"}],"wp:attachment":[{"href":"https:\/\/sport-goslar.de\/verein-shop\/wp-json\/wp\/v2\/media?parent=1598"}],"wp:term":[{"taxonomy":"product_brand","embeddable":true,"href":"https:\/\/sport-goslar.de\/verein-shop\/wp-json\/wp\/v2\/product_brand?post=1598"},{"taxonomy":"product_cat","embeddable":true,"href":"https:\/\/sport-goslar.de\/verein-shop\/wp-json\/wp\/v2\/product_cat?post=1598"},{"taxonomy":"product_tag","embeddable":true,"href":"https:\/\/sport-goslar.de\/verein-shop\/wp-json\/wp\/v2\/product_tag?post=1598"}],"curies":[{"name":"wp","href":"https:\/\/api.w.org\/{rel}","templated":true}]}}