{"id":1559,"date":"2021-04-21T14:13:14","date_gmt":"2021-04-21T12:13:14","guid":{"rendered":"https:\/\/sport-goslar.de\/verein-shop\/?post_type=product&#038;p=1559"},"modified":"2024-05-16T11:08:37","modified_gmt":"2024-05-16T09:08:37","slug":"handtuch-fc-lehrte","status":"publish","type":"product","link":"https:\/\/sport-goslar.de\/verein-shop\/produkt\/handtuch-fc-lehrte\/","title":{"rendered":"Handtuch FC Lehrte"},"content":{"rendered":"<p>Hall\u00f6chen <strong>Freunde und Mitglieder des FC Lehrte<\/strong>!<\/p>\n<p>Habt ihr schon unseren genialen <strong>Onlineshop f\u00fcr den FC Lehrte<\/strong> entdeckt? Wir sind total aus dem H\u00e4uschen, euch die Chance zu geben, eure Vereinskollektion online zu pr\u00e4sentieren und die besten Schn\u00e4ppchen f\u00fcr euer Team zu machen. Und mal so unter uns: Das gilt doch nicht nur f\u00fcr den FC Lehrte, oder? Wir k\u00f6nnen auch f\u00fcr alle anderen Vereine einen individuellen Shop aus dem Boden stampfen! Unser Team steht in den Startl\u00f6chern, um euch pers\u00f6nlich zu beraten und den ultimativen Onlineshop zu zimmern.<\/p>\n<p>&nbsp;<\/p>\n<p>Wir setzen auf Qualit\u00e4t und verwenden keine billigen Plotterfolien, die sich nach einigen Wischen abl\u00f6sen und einrei\u00dfen. Stattdessen vertrauen wir auf hochwertige Siebdrucke, Dreck, Flock, Sublimation und andere Drucktechniken, die eine lange Lebensdauer und brillante Farben garantieren.<\/p>\n<p>&nbsp;<\/p>\n<p>Als offizieller Ausstatter von f\u00fcnf Landesverb\u00e4nden und zahlreichen Vereinen wissen wir, worauf es ankommt, um im Wasser und an Land richtig durchzustarten. Unsere Produkte sind topqualitativ und speziell darauf ausgerichtet, eure Leistung zu steigern und euch zum Sieg zu f\u00fchren.<\/p>\n<p>&nbsp;<\/p>\n<p>Aber das ist noch lange nicht alles! Wir bieten auch die M\u00f6glichkeit, spezielle Onlineshops f\u00fcr jeden Verein individuell zu programmieren. Hier k\u00f6nnt ihr eure ganz eigene Teamkollektion zusammenstellen und anbieten \u2013 perfekt, um den Teamspirit zu st\u00e4rken und euren Verein richtig cool aussehen zu lassen.<\/p>\n<p>&nbsp;<\/p>\n<p>Also, lasst uns zusammen eure Mannschaftskollektion auf ein neues Level bringen! Kontaktiert uns noch heute und erfahrt, wie wir euch helfen k\u00f6nnen, euren eigenen Teamshop zu erstellen und euren Club professionell auszustatten. Wir sind bereit, mit euch durchzustarten!<\/p>\n","protected":false},"excerpt":{"rendered":"<p><strong>Handtuch klein FC Lehrte<br \/>\n<\/strong><\/p>\n<div class=\"woocommerce-product-details__short-description\">\n<p>Handtuch mit Sublimationsdruck. Ein optisches Highlight in den Ma\u00dfen 50 x 100 cm. Wir veredeln dies mit einem hochwertigen Sublimationsdruck den wir nach\u00a0 individuell auftragen. Beim Sublimationdruck-Verfahren wird die Farbe direkt auf dem Material bei einer Temperatur von ca. 200\u00b0C eingedampft (sublimieren) Die Farbe bleibt dabei direkt an jeder einzelnen Faser haften und wird nicht oben drauf mit einer harten Tr\u00e4gerschicht aufgeb\u00fcgelt. Die Farbpigmente sind somit ein Teil des Stoffes und werden nicht aufgeklebt wie z.B. beim Plotterverfahren \u00fcblich. Die HALTBARKEIT ist durch das direkte eindampfen der Farbe in das Material mit keiner andere Methode vergleichbar! Der Sublimationddruck verliert sich bei unz\u00e4hligen hei\u00dfen W\u00e4schen nie an Brillanz. Die UV- und Farbbest\u00e4ndigkeit sucht seinesgleichen. Eine ist Seite ist aus 100% Polyester, das nur bei diesem Material die Drucktechnik m\u00f6glich ist. Die andere Seite ist aus unbedruckter Baumwolle und nimmt die Feutigkeit perfekt auf.Ware die invividuell f\u00fcr euch veredelt wird (also z.B. mit Spielernamen, Nummern, Sponsorenlogos, Vereinswappen, Initalien, etc bedruckt\/beflockt wird) gilt als Sonderanfertigung und ist von einem Umtausch leider ausgeschlossen.<\/p>\n<\/div>\n<p>Gr\u00f6\u00dfe\u00a0 S<\/p>\n<p>Lieferzeit: ca 7- 14 Tage<\/p>\n<table border=\"1\" cellspacing=\"0\" cellpadding=\"0\">\n<tbody>\n<tr>\n<td><strong>Menge<\/strong><\/td>\n<td><strong>Preis<\/strong><\/td>\n<\/tr>\n<tr>\n<td>1 &#8211; 4<\/td>\n<td>22,99 \u20ac<\/td>\n<\/tr>\n<tr>\n<td>5 &#8211; 9<\/td>\n<td>20,99 \u20ac<\/td>\n<\/tr>\n<tr>\n<td>10-20<\/td>\n<td>19,99 \u20ac<\/td>\n<\/tr>\n<\/tbody>\n<\/table>\n<p>&nbsp;<\/p>\n","protected":false},"featured_media":1558,"template":"","meta":[],"product_brand":[],"product_cat":[223,255],"product_tag":[],"class_list":{"0":"post-1559","1":"product","2":"type-product","3":"status-publish","4":"has-post-thumbnail","6":"product_cat-fc-lehrte","7":"product_cat-handtuecher-badepantoletten-fcl","8":"description-off","10":"first","11":"instock","12":"sale","13":"taxable","14":"shipping-taxable","15":"purchasable","16":"product-type-variable"},"_links":{"self":[{"href":"https:\/\/sport-goslar.de\/verein-shop\/wp-json\/wp\/v2\/product\/1559","targetHints":{"allow":["GET"]}}],"collection":[{"href":"https:\/\/sport-goslar.de\/verein-shop\/wp-json\/wp\/v2\/product"}],"about":[{"href":"https:\/\/sport-goslar.de\/verein-shop\/wp-json\/wp\/v2\/types\/product"}],"wp:featuredmedia":[{"embeddable":true,"href":"https:\/\/sport-goslar.de\/verein-shop\/wp-json\/wp\/v2\/media\/1558"}],"wp:attachment":[{"href":"https:\/\/sport-goslar.de\/verein-shop\/wp-json\/wp\/v2\/media?parent=1559"}],"wp:term":[{"taxonomy":"product_brand","embeddable":true,"href":"https:\/\/sport-goslar.de\/verein-shop\/wp-json\/wp\/v2\/product_brand?post=1559"},{"taxonomy":"product_cat","embeddable":true,"href":"https:\/\/sport-goslar.de\/verein-shop\/wp-json\/wp\/v2\/product_cat?post=1559"},{"taxonomy":"product_tag","embeddable":true,"href":"https:\/\/sport-goslar.de\/verein-shop\/wp-json\/wp\/v2\/product_tag?post=1559"}],"curies":[{"name":"wp","href":"https:\/\/api.w.org\/{rel}","templated":true}]}}