{"id":1536,"date":"2021-04-21T10:38:24","date_gmt":"2021-04-21T08:38:24","guid":{"rendered":"https:\/\/sport-goslar.de\/verein-shop\/?post_type=product&#038;p=1536"},"modified":"2024-03-12T16:32:53","modified_gmt":"2024-03-12T15:32:53","slug":"triathloneinteiler-im-eigendesign-mit-front-reissverschluss","status":"publish","type":"product","link":"https:\/\/sport-goslar.de\/verein-shop\/produkt\/triathloneinteiler-im-eigendesign-mit-front-reissverschluss\/","title":{"rendered":"Triathloneinteiler im Eigendesign mit Front Rei\u00dfverschluss"},"content":{"rendered":"<p>Hey Triathlon-Fans und Vereine!<\/p>\n<p>Seid ihr schon auf unseren brandneuen Onlineshop f\u00fcr den Triathlon Verband Niedersachsen gesto\u00dfen?<\/p>\n<p>Wir sind hocherfreut, euch die M\u00f6glichkeit zu bieten, eure Vereinskollektionen online zu pr\u00e4sentieren und die optimalen Produkte f\u00fcr euer Team zu sichern. Aber hier ist der Clou: Diese M\u00f6glichkeit ist nicht nur auf uns beschr\u00e4nkt \u2013 wir m\u00f6chten auch anderen Verb\u00e4nden die Gelegenheit geben, einen ma\u00dfgeschneiderten Shop zu erhalten!<\/p>\n<p>Unser erfahrenes Team steht bereit, um euren Verband individuell zu beraten und den perfekten Onlineshop zu gestalten. Gemeinsam analysieren wir eure Bed\u00fcrfnisse und w\u00e4hlen die passenden Produkte aus \u2013 und das alles ohne zus\u00e4tzliche Kosten f\u00fcr euren Verband! Ganz gleich, ob ihr dem Nieders\u00e4chsischen Triathlon Verband angeh\u00f6rt oder einem anderen Landesverband, wir unterst\u00fctzen euch alle und tragen dazu bei, dass ihr eure Teams mit Stolz repr\u00e4sentieren k\u00f6nnt.<\/p>\n<p>Dank unserer engen Beziehungen zu f\u00fchrenden Partnern in der Sportartikelindustrie k\u00f6nnen wir euch exklusive Konditionen und attraktive Sponsoring-Vereinbarungen bieten. Lasst uns gemeinsam euren Teamgeist st\u00e4rken und eure Vereinskollektionen auf ein neues Level heben! Kontaktiert uns noch heute und erfahrt, wie wir euch helfen k\u00f6nnen, euren eigenen Onlineshop zu erstellen und eure Teams professionell auszustatten. Wir freuen uns darauf, von euch zu h\u00f6ren und gemeinsam mit euch durchzustarten!<\/p>\n<p>&nbsp;<\/p>\n<p><strong>Jetzt Shop einrichten:<\/strong><\/p>\n<p>Gemeinsam besprechen wir mit euch die individuelle Kollektion f\u00fcr euer Team. In pers\u00f6nlichen Gespr\u00e4chen beraten wir euch, welcher deutsche oder europ\u00e4ische Hersteller am besten zu eurem Verband passt.<\/p>\n<p>&nbsp;<\/p>\n<p><strong>Bestkonditionen und Gratisware sichern:<\/strong><\/p>\n<p>Profitiert von unseren erstklassigen Konditionen und attraktiven Sponsoring-Vereinbarungen. Als Ausr\u00fcster verschiedener Landesverb\u00e4nde mit einer gro\u00dfen Mitgliederzahl haben wir exzellente Beziehungen zu spannenden Partnern in der Sportartikelindustrie.<\/p>\n<p>&nbsp;<\/p>\n<p>Eure Kollektion online ohne zus\u00e4tzliche Kosten:<\/p>\n<p>Bei uns entstehen keine Kosten f\u00fcr euren Verbandsshop. Wir programmieren den Onlineshop, bef\u00fcllen ihn mit den von euch ausgesuchten Artikeln, hinterlegen die Sonderpreise und \u00fcbernehmen die Pflege.<\/p>\n<p>&nbsp;<\/p>\n<p><strong>Das &#8222;MIA SAN MIA&#8220; \u2013 Gef\u00fchl f\u00fcr euer Team:<\/strong><\/p>\n<p>Ein einheitlicher, professioneller Auftritt st\u00e4rkt das Wir-Gef\u00fchl in eurem Team. Ob als Sportverband oder Fan \u2013 euer Team, eure Farben!<\/p>\n<p>&nbsp;<\/p>\n<p><strong>Entlastung von Ehrenamtlichen:<\/strong><\/p>\n<p>Jedes Teammitglied kann sich die Artikel einfach und bequem \u00fcber den individuellen Onlineshop bestellen. Die Verantwortlichen im Verband k\u00f6nnen sich ab sofort auf das Wesentliche konzentrieren.<\/p>\n<p>&nbsp;<\/p>\n<p><strong>Pers\u00f6nliche Betreuung:<\/strong><\/p>\n<p>Egal wo der Schuh dr\u00fcckt \u2013 euer pers\u00f6nlicher Ansprechpartner steht euch individuell zur Seite, von der richtigen Beflockung \u00fcber die Artikelauswahl bis hin zu Lieferterminen oder Sonderanfertigungen.<\/p>\n<p>&nbsp;<\/p>\n<p>Ich freue mich auf eure Anfragen!<\/p>\n<p>Sven Goslar<\/p>\n<p>&nbsp;<\/p>\n<p>&nbsp;<\/p>\n<p>&nbsp;<\/p>\n","protected":false},"excerpt":{"rendered":"<p><strong>Triathloneinteiler in eurem individuellem Design mit Front RV<\/strong><br \/>\nDer perfekte Triathlonanzug f\u00fcr den Nachwuchs und Einsteiger in die K\u00f6nigsdisziplin der Ausdauersportarten. Anzug aus feuchtigkeitsregulierendem Funktionsmaterial den wir in Deutschland ganz nach euren individuellen Vorgaben produzierten lassen. Ihr habt bei all diesen Teilen volle Gestaltungsfreiheit d.h. Vereinswappen, Sponsorenlogos und Hintergrundbilder k\u00f6nnen bis zum Rand vollfl\u00e4chig gedruckt werden. Der Sublimationsdruck hat eine unglaubliche Randsch\u00e4rfe und eine hohe Farb-genauigkeit sogar Farbverl\u00e4ufe sowie fotorealistische Druckergebnisse sind machbar. Durch das neuartige Druckverfahren wird die Atmungsaktivit\u00e4t in keinster Weise beeintr\u00e4chtig. Die Farben werden Teil des Gewebes und daher sind die Aufdrucke extrem haltbar. <strong>Bitte ber\u00fccksichtigt das in den Preisen bereits alle Druckkosten enthalten sind!<\/strong> Keine versteckten zus\u00e4tzlichen Kosten f\u00fcr Grafik, Schablonen etc. Durch die Platzierung der Rei\u00dfverschluss auf der Brust habt ihr auch w\u00e4hrend des Wettkampfs die M\u00f6glichkeit euch zus\u00e4tzlich Luft und K\u00fchlung zu verschaffen. Sponsorenlogos kommen so auf dem R\u00fccken noch besser zur Geltung.<\/p>\n<p>Weiches und anschmiegsames Funktionsmaterial aus 80% Polyester\/20% Elastan mit leichter Kompression. D\u00fcnner Sitzpolstereinsatz gibt eine optimale und komfortable Sitzposition bei jeden Stra\u00dfenverh\u00e4ltnissen. Flachn\u00e4hte f\u00fcr geringe Reibung und h\u00f6chsten Tragekomfort. Durch einen Lasercut kann auf eine zum reiben neigende Naht am Beinabschlu\u00df verzichtet werden. Silikongripper verhindert das rutschen der Hosenbeine nach oben. Innenbeineeins\u00e4tze aus Polyamid sind wegen der Reibebest\u00e4ndigkeit und nicht bedruckbar, hier steht aber eine Vielzahl an Farbkombiantionen zur Wahl. Hier k\u00f6nnt frei w\u00e4hlen an welcher Stelle das <strong>TVN Logo<\/strong> platziert werden soll.\u00a0 Durch Sublimationsdruckverfahren wird die Atmungsaktivit\u00e4t nicht eingeschr\u00e4nkt, Sonnenprotection 50+ gibt zus\u00e4tzliche Sicherheit. Lieferzeit ca. 3 Wochen nach Freigabe des Layouts.Ware die invividuell f\u00fcr euch veredelt wird (also z.B. mit Spielernamen, Nummern, Sponsorenlogos, Vereinswappen, Initalien, etc bedruckt\/beflockt wird) gilt als Sonderanfertigung und ist von einem Umtausch leider ausgeschlossen.<\/p>\n<p>WICHTIG: Bitte unbedingt Kontaktdaten angeben, damit wir mit euch das Layout nochmal durchsprechen k\u00f6nnen!<\/p>\n<p>&nbsp;<\/p>\n<p>Gr\u00f6\u00dfe\u00a0 128 &#8211; 2XL<\/p>\n<p>Lieferzeit: ca\u00a0 20 Tage<\/p>\n<p>&nbsp;<\/p>\n<p>Lieferzeit: ca\u00a0 20 Tage<\/p>\n<table border=\"1\" cellspacing=\"0\" cellpadding=\"0\">\n<tbody>\n<tr>\n<td><strong>Menge<\/strong><\/td>\n<td><strong>Preis<\/strong><\/td>\n<\/tr>\n<tr>\n<td>1 &#8211; 4<\/td>\n<td>179,99 \u20ac<\/td>\n<\/tr>\n<tr>\n<td>5 &#8211; 29<\/td>\n<td>169,99 \u20ac<\/td>\n<\/tr>\n<tr>\n<td>30-60<\/td>\n<td>149,99 \u20ac<\/td>\n<\/tr>\n<\/tbody>\n<\/table>\n<p>&nbsp;<\/p>\n<table border=\"1\" cellspacing=\"0\" cellpadding=\"0\">\n<tbody>\n<tr>\n<td><\/td>\n<td><\/td>\n<\/tr>\n<tr>\n<td><\/td>\n<td><\/td>\n<\/tr>\n<tr>\n<td><\/td>\n<td><\/td>\n<\/tr>\n<tr>\n<td><\/td>\n<td><\/td>\n<\/tr>\n<\/tbody>\n<\/table>\n<p>&nbsp;<\/p>\n","protected":false},"featured_media":1539,"template":"","meta":[],"product_brand":[],"product_cat":[325,218],"product_tag":[],"class_list":{"0":"post-1536","1":"product","2":"type-product","3":"status-publish","4":"has-post-thumbnail","6":"product_cat-tvn-triathlonanzuege","7":"product_cat-tvn-shop","8":"description-off","10":"first","11":"instock","12":"sale","13":"taxable","14":"shipping-taxable","15":"purchasable","16":"product-type-variable"},"_links":{"self":[{"href":"https:\/\/sport-goslar.de\/verein-shop\/wp-json\/wp\/v2\/product\/1536","targetHints":{"allow":["GET"]}}],"collection":[{"href":"https:\/\/sport-goslar.de\/verein-shop\/wp-json\/wp\/v2\/product"}],"about":[{"href":"https:\/\/sport-goslar.de\/verein-shop\/wp-json\/wp\/v2\/types\/product"}],"wp:featuredmedia":[{"embeddable":true,"href":"https:\/\/sport-goslar.de\/verein-shop\/wp-json\/wp\/v2\/media\/1539"}],"wp:attachment":[{"href":"https:\/\/sport-goslar.de\/verein-shop\/wp-json\/wp\/v2\/media?parent=1536"}],"wp:term":[{"taxonomy":"product_brand","embeddable":true,"href":"https:\/\/sport-goslar.de\/verein-shop\/wp-json\/wp\/v2\/product_brand?post=1536"},{"taxonomy":"product_cat","embeddable":true,"href":"https:\/\/sport-goslar.de\/verein-shop\/wp-json\/wp\/v2\/product_cat?post=1536"},{"taxonomy":"product_tag","embeddable":true,"href":"https:\/\/sport-goslar.de\/verein-shop\/wp-json\/wp\/v2\/product_tag?post=1536"}],"curies":[{"name":"wp","href":"https:\/\/api.w.org\/{rel}","templated":true}]}}