{"id":1531,"date":"2021-04-20T17:46:01","date_gmt":"2021-04-20T15:46:01","guid":{"rendered":"https:\/\/sport-goslar.de\/verein-shop\/?post_type=product&#038;p=1531"},"modified":"2024-05-16T10:47:14","modified_gmt":"2024-05-16T08:47:14","slug":"mtv-black-editition-hoodie-women-fcl","status":"publish","type":"product","link":"https:\/\/sport-goslar.de\/verein-shop\/produkt\/mtv-black-editition-hoodie-women-fcl\/","title":{"rendered":"MTV BLACK EDITITION Hoodie Women FCL"},"content":{"rendered":"<p>Hey Leute, habt ihr schon unseren super praktischen Onlineshop f\u00fcr den FC Lehrte gesehen?<\/p>\n<p>Wir sind echt froh, dass wir euch die Chance geben k\u00f6nnen, eure Vereinskollektion online zu pr\u00e4sentieren und die besten Sachen f\u00fcr euer Team zu sichern.<\/p>\n<p>Und das Beste? Das ist nicht nur f\u00fcr uns, sondern wir k\u00f6nnen auch f\u00fcr andere Vereine individuelle Shops machen!<\/p>\n<p>Lasst uns zusammenarbeiten, um den perfekten Shop f\u00fcr euer Team zu kreieren.<\/p>\n<p>&nbsp;<\/p>\n","protected":false},"excerpt":{"rendered":"<p><strong>Damen Hoodie FCL BLACK EDITION inklusive Direktflock Ton in Ton auf dem R\u00fccken<\/strong><\/p>\n<p>Nichts geht \u00fcber einen bequemen Hoodie, wenn Sie unterwegs sind. W\u00e4hlen Sie Ihre Farbe aus unserer HMLGO COTTON HOODIE Kollektion und Sie haben Ihren perfekten Partner f\u00fcr den Casual Fr\u00fchlingsstil. Vier unserer typischen Chevrons zieren beide \u00c4rmel. Dieser hummel\u00ae Hoodie verf\u00fcgt \u00fcber ein Mesh-Futter f\u00fcr zus\u00e4tzliche Bel\u00fcftung und einen gerippten Saum und \u00c4rmelb\u00fcndchen, um an frischen Morgenstunden warm zu bleiben! Sweat-Gewebe, Mesh-Futter, Chevrons an den \u00c4rmeln, Kapuze mit Kordelzug, gedrucktes hummel\u00ae-Logo auf der Brust, B\u00fcndchen an \u00c4rmeln und Saum, Qualit\u00e4t: 80 % Baumwolle, 20 % Polyester Als <strong>FCL \u201eBlack Edition\u201c<\/strong> bekommt ihr dieses Kapuzensweat mit einem sehr edlen schwarzen Vereinswappen als Direktflock auf dem R\u00fccken. Taillierter Damenschnitt.Ware die individuell f\u00fcr euch veredelt wird (also z.B. mit Spielernamen, Nummern, Sponsorenlogos, Vereinswappen, Initalien, etc bedruckt\/beflockt wird) gilt als Sonderanfertigung und ist von einem Umtausch leider ausgeschlossen.<\/p>\n<p>UVP 49,99 \u20ac zuz\u00fcgl hochwertiger Direktflock<\/p>\n<p>Fb 2001 =schwarz\/schwarz<\/p>\n<p>Gr\u00f6\u00dfe\u00a0 XS &#8211; 2XL<\/p>\n<p>Lieferzeit: ca 10 &#8211; 20 Tage<\/p>\n<table border=\"1\" cellspacing=\"0\" cellpadding=\"0\">\n<tbody>\n<tr>\n<td><strong>Menge<\/strong><\/td>\n<td><strong>Preis<\/strong><\/td>\n<\/tr>\n<tr>\n<td>1 &#8211; 4<\/td>\n<td>45,99 \u20ac<\/td>\n<\/tr>\n<tr>\n<td>5 &#8211; 19<\/td>\n<td>39,99 \u20ac<\/td>\n<\/tr>\n<tr>\n<td>20- 50<\/td>\n<td>35,99 \u20ac<\/td>\n<\/tr>\n<\/tbody>\n<\/table>\n<p>&nbsp;<\/p>\n<p>&nbsp;<\/p>\n","protected":false},"featured_media":1511,"template":"","meta":[],"product_brand":[],"product_cat":[254,223],"product_tag":[],"class_list":{"0":"post-1531","1":"product","2":"type-product","3":"status-publish","4":"has-post-thumbnail","6":"product_cat-blk-editition-fcl","7":"product_cat-fc-lehrte","8":"description-off","10":"first","11":"instock","12":"sale","13":"taxable","14":"shipping-taxable","15":"purchasable","16":"product-type-variable"},"_links":{"self":[{"href":"https:\/\/sport-goslar.de\/verein-shop\/wp-json\/wp\/v2\/product\/1531","targetHints":{"allow":["GET"]}}],"collection":[{"href":"https:\/\/sport-goslar.de\/verein-shop\/wp-json\/wp\/v2\/product"}],"about":[{"href":"https:\/\/sport-goslar.de\/verein-shop\/wp-json\/wp\/v2\/types\/product"}],"wp:featuredmedia":[{"embeddable":true,"href":"https:\/\/sport-goslar.de\/verein-shop\/wp-json\/wp\/v2\/media\/1511"}],"wp:attachment":[{"href":"https:\/\/sport-goslar.de\/verein-shop\/wp-json\/wp\/v2\/media?parent=1531"}],"wp:term":[{"taxonomy":"product_brand","embeddable":true,"href":"https:\/\/sport-goslar.de\/verein-shop\/wp-json\/wp\/v2\/product_brand?post=1531"},{"taxonomy":"product_cat","embeddable":true,"href":"https:\/\/sport-goslar.de\/verein-shop\/wp-json\/wp\/v2\/product_cat?post=1531"},{"taxonomy":"product_tag","embeddable":true,"href":"https:\/\/sport-goslar.de\/verein-shop\/wp-json\/wp\/v2\/product_tag?post=1531"}],"curies":[{"name":"wp","href":"https:\/\/api.w.org\/{rel}","templated":true}]}}