{"id":1529,"date":"2021-04-20T17:41:55","date_gmt":"2021-04-20T15:41:55","guid":{"rendered":"https:\/\/sport-goslar.de\/verein-shop\/?post_type=product&#038;p=1529"},"modified":"2024-05-16T10:47:26","modified_gmt":"2024-05-16T08:47:26","slug":"mtv-black-editition-hoodie-men-fcl","status":"publish","type":"product","link":"https:\/\/sport-goslar.de\/verein-shop\/produkt\/mtv-black-editition-hoodie-men-fcl\/","title":{"rendered":"MTV BLACK EDITITION Hoodie Men FCL"},"content":{"rendered":"<p>Hallo zusammen, habt ihr schon unseren tollen Onlineshop f\u00fcr den FC Lehrte entdeckt?<\/p>\n<p>Wir sind total happy, euch die M\u00f6glichkeit bieten zu k\u00f6nnen, eure Vereinskollektion online zu zeigen und die besten Produkte f\u00fcr euer Team zu finden. Und wisst ihr was?<\/p>\n<p>Das ist nicht nur f\u00fcr uns, sondern wir k\u00f6nnen auch f\u00fcr andere Vereine individuelle Shops machen!<\/p>\n<p>Wenn ihr Fragen habt oder Hilfe braucht, sind wir gerne f\u00fcr euch da.<\/p>\n","protected":false},"excerpt":{"rendered":"<p><strong>Herren Hoodie FCL BLACK EDITION inklusive Direktflock Ton in Ton auf dem R\u00fccken<\/strong><\/p>\n<p>Nichts geht \u00fcber einen bequemen Hoodie, wenn Sie unterwegs sind. W\u00e4hlen Sie Ihre Farbe aus unserer HMLGO COTTON HOODIE Kollektion und Sie haben Ihren perfekten Partner f\u00fcr den Casual Fr\u00fchlingsstil. Vier unserer typischen Chevrons zieren beide \u00c4rmel. Dieser hummel\u00ae Hoodie verf\u00fcgt \u00fcber ein Mesh-Futter f\u00fcr zus\u00e4tzliche Bel\u00fcftung und einen gerippten Saum und \u00c4rmelb\u00fcndchen, um an frischen Morgenstunden warm zu bleiben! Sweat-Gewebe, Mesh-Futter, Chevrons an den \u00c4rmeln, Kapuze mit Kordelzug, gedrucktes hummel\u00ae-Logo auf der Brust, B\u00fcndchen an \u00c4rmeln und Saum, Qualit\u00e4t: 80 % Baumwolle, 20 % Polyester Als <strong>FCL \u201eBlack Edition\u201c<\/strong> bekommt ihr dieses Kapuzensweat mit einem sehr edlen schwarzen Vereinswappen als Direktflock auf dem R\u00fccken. UVP 49,99 \u20ac zuz\u00fcgl hochwertiger Direktflock (je nach Druckmenge 5,50 bis 10,99 \u20ac).Ware die individuell f\u00fcr euch veredelt wird (also z.B. mit Spielernamen, Nummern, Sponsorenlogos, Vereinswappen, Initalien, etc bedruckt\/beflockt wird) gilt als Sonderanfertigung und ist von einem Umtausch leider ausgeschlossen.<\/p>\n<p>Fb 2001 =schwarz\/schwarz<\/p>\n<p>Gr\u00f6\u00dfe\u00a0 S &#8211; 3XL<\/p>\n<p>Lieferzeit: ca 10 &#8211; 20 Tage<\/p>\n<table border=\"1\" cellspacing=\"0\" cellpadding=\"0\">\n<tbody>\n<tr>\n<td><strong>Menge<\/strong><\/td>\n<td><strong>Preis<\/strong><\/td>\n<\/tr>\n<tr>\n<td>1 &#8211; 4<\/td>\n<td>45,99 \u20ac<\/td>\n<\/tr>\n<tr>\n<td>5 &#8211; 19<\/td>\n<td>39,99 \u20ac<\/td>\n<\/tr>\n<tr>\n<td>20- 50<\/td>\n<td>35,99 \u20ac<\/td>\n<\/tr>\n<\/tbody>\n<\/table>\n<p>&nbsp;<\/p>\n<p>&nbsp;<\/p>\n","protected":false},"featured_media":1511,"template":"","meta":[],"product_brand":[],"product_cat":[254,223],"product_tag":[],"class_list":{"0":"post-1529","1":"product","2":"type-product","3":"status-publish","4":"has-post-thumbnail","6":"product_cat-blk-editition-fcl","7":"product_cat-fc-lehrte","8":"description-off","10":"first","11":"instock","12":"sale","13":"taxable","14":"shipping-taxable","15":"purchasable","16":"product-type-variable"},"_links":{"self":[{"href":"https:\/\/sport-goslar.de\/verein-shop\/wp-json\/wp\/v2\/product\/1529","targetHints":{"allow":["GET"]}}],"collection":[{"href":"https:\/\/sport-goslar.de\/verein-shop\/wp-json\/wp\/v2\/product"}],"about":[{"href":"https:\/\/sport-goslar.de\/verein-shop\/wp-json\/wp\/v2\/types\/product"}],"wp:featuredmedia":[{"embeddable":true,"href":"https:\/\/sport-goslar.de\/verein-shop\/wp-json\/wp\/v2\/media\/1511"}],"wp:attachment":[{"href":"https:\/\/sport-goslar.de\/verein-shop\/wp-json\/wp\/v2\/media?parent=1529"}],"wp:term":[{"taxonomy":"product_brand","embeddable":true,"href":"https:\/\/sport-goslar.de\/verein-shop\/wp-json\/wp\/v2\/product_brand?post=1529"},{"taxonomy":"product_cat","embeddable":true,"href":"https:\/\/sport-goslar.de\/verein-shop\/wp-json\/wp\/v2\/product_cat?post=1529"},{"taxonomy":"product_tag","embeddable":true,"href":"https:\/\/sport-goslar.de\/verein-shop\/wp-json\/wp\/v2\/product_tag?post=1529"}],"curies":[{"name":"wp","href":"https:\/\/api.w.org\/{rel}","templated":true}]}}