{"id":1527,"date":"2021-04-20T17:38:37","date_gmt":"2021-04-20T15:38:37","guid":{"rendered":"https:\/\/sport-goslar.de\/verein-shop\/?post_type=product&#038;p=1527"},"modified":"2024-05-16T10:48:10","modified_gmt":"2024-05-16T08:48:10","slug":"mtv-black-editition-polo-women-fcl","status":"publish","type":"product","link":"https:\/\/sport-goslar.de\/verein-shop\/produkt\/mtv-black-editition-polo-women-fcl\/","title":{"rendered":"MTV BLACK EDITITION Polo Women FCL"},"content":{"rendered":"<p>Hey ihr, habt ihr schon unseren neuen Onlineshop f\u00fcr den FC Lehrte entdeckt?<\/p>\n<p>Wir sind echt aufgeregt, euch die M\u00f6glichkeit zu geben, eure Vereinskollektion online zu pr\u00e4sentieren und die besten Sachen f\u00fcr euer Team zu finden.<\/p>\n<p>Und wisst ihr was? Das ist nicht nur f\u00fcr uns, sondern wir k\u00f6nnen auch f\u00fcr andere Vereine individuelle Shops machen! Meldet euch bei uns, wenn ihr mehr erfahren wollt oder Hilfe braucht.<\/p>\n<p>Wir sind gerne f\u00fcr euch da!<\/p>\n","protected":false},"excerpt":{"rendered":"<p><strong>Damen Polo FCL BLACK EDITION inklusive Direktflock Ton in Ton auf dem R\u00fccken<\/strong><\/p>\n<p>Das klassische hummel\u00ae HMLGO COTTON POLO mit Knopfleiste ist perfekt f\u00fcr Streetwear und Smart Wear. \u00c4rmel-Chevrons und ein bedrucktes Brustlogo sorgen f\u00fcr ein sportliches Flair. Button-Up-Kragen, Polo im klassischen Stil, sportliche \u00c4rmelchevrons, gedrucktes Brustlogo, Qualit\u00e4t: 100 % Baumwolle. Als <strong>FCL \u201eBlack Edition\u201c<\/strong> bekommt ihr dieses Polohemd mit einem sehr edlen schwarzen Vereinswappen als Direktflock auf dem R\u00fccken. Taillierter Damenschnitt. UVP 29,95 + Druckkosten.Ware die individuell f\u00fcr euch veredelt wird (also z.B. mit Spielernamen, Nummern, Sponsorenlogos, Vereinswappen, Initalien, etc bedruckt\/beflockt wird) gilt als Sonderanfertigung und ist von einem Umtausch leider ausgeschlossen.<\/p>\n<p>Fb 2001 =schwarz\/schwarz<\/p>\n<p>Gr\u00f6\u00dfe\u00a0 XS &#8211; 2XL<\/p>\n<p>Lieferzeit: ca 10 &#8211; 20 Tage<\/p>\n<table border=\"1\" cellspacing=\"0\" cellpadding=\"0\">\n<tbody>\n<tr>\n<td><strong>Menge<\/strong><\/td>\n<td><strong>Preis<\/strong><\/td>\n<\/tr>\n<tr>\n<td>1 &#8211; 4<\/td>\n<td>29,99 \u20ac<\/td>\n<\/tr>\n<tr>\n<td>5 &#8211; 19<\/td>\n<td>25,99 \u20ac<\/td>\n<\/tr>\n<tr>\n<td>20-50<\/td>\n<td>24,99 \u20ac<\/td>\n<\/tr>\n<\/tbody>\n<\/table>\n<p>&nbsp;<\/p>\n<p>&nbsp;<\/p>\n<table border=\"1\" cellspacing=\"0\" cellpadding=\"0\">\n<tbody>\n<tr>\n<td><\/td>\n<td><\/td>\n<\/tr>\n<tr>\n<td><\/td>\n<td><\/td>\n<\/tr>\n<tr>\n<td><\/td>\n<td><\/td>\n<\/tr>\n<tr>\n<td><\/td>\n<td><\/td>\n<\/tr>\n<\/tbody>\n<\/table>\n","protected":false},"featured_media":1512,"template":"","meta":[],"product_brand":[],"product_cat":[254,223],"product_tag":[],"class_list":{"0":"post-1527","1":"product","2":"type-product","3":"status-publish","4":"has-post-thumbnail","6":"product_cat-blk-editition-fcl","7":"product_cat-fc-lehrte","8":"description-off","10":"first","11":"instock","12":"sale","13":"taxable","14":"shipping-taxable","15":"purchasable","16":"product-type-variable"},"_links":{"self":[{"href":"https:\/\/sport-goslar.de\/verein-shop\/wp-json\/wp\/v2\/product\/1527","targetHints":{"allow":["GET"]}}],"collection":[{"href":"https:\/\/sport-goslar.de\/verein-shop\/wp-json\/wp\/v2\/product"}],"about":[{"href":"https:\/\/sport-goslar.de\/verein-shop\/wp-json\/wp\/v2\/types\/product"}],"wp:featuredmedia":[{"embeddable":true,"href":"https:\/\/sport-goslar.de\/verein-shop\/wp-json\/wp\/v2\/media\/1512"}],"wp:attachment":[{"href":"https:\/\/sport-goslar.de\/verein-shop\/wp-json\/wp\/v2\/media?parent=1527"}],"wp:term":[{"taxonomy":"product_brand","embeddable":true,"href":"https:\/\/sport-goslar.de\/verein-shop\/wp-json\/wp\/v2\/product_brand?post=1527"},{"taxonomy":"product_cat","embeddable":true,"href":"https:\/\/sport-goslar.de\/verein-shop\/wp-json\/wp\/v2\/product_cat?post=1527"},{"taxonomy":"product_tag","embeddable":true,"href":"https:\/\/sport-goslar.de\/verein-shop\/wp-json\/wp\/v2\/product_tag?post=1527"}],"curies":[{"name":"wp","href":"https:\/\/api.w.org\/{rel}","templated":true}]}}