{"id":1523,"date":"2021-04-20T17:30:21","date_gmt":"2021-04-20T15:30:21","guid":{"rendered":"https:\/\/sport-goslar.de\/verein-shop\/?post_type=product&#038;p=1523"},"modified":"2024-05-16T10:51:13","modified_gmt":"2024-05-16T08:51:13","slug":"mtv-black-editition-zip-hoodie-kids-fcl","status":"publish","type":"product","link":"https:\/\/sport-goslar.de\/verein-shop\/produkt\/mtv-black-editition-zip-hoodie-kids-fcl\/","title":{"rendered":"MTV BLACK EDITITION Zip Hoodie Kids FCL"},"content":{"rendered":"<p>Na, ihr Sportskanonen und Fussballtalente,<\/p>\n<p>habt ihr schon unsere hippe Onlinebude f\u00fcr den FC Lehrter entdeckt?<\/p>\n<p>Wir sind ja so stolz, euch die M\u00f6glichkeit zu bieten, eure Vereinskollektion online zu pr\u00e4sentieren und die absoluten Must-haves f\u00fcr euer Team zu ergattern.<\/p>\n<p>Aber mal ehrlich, das gilt doch nicht nur f\u00fcr den FC Lehrter, oder? Wir k\u00f6nnen doch auch f\u00fcr alle anderen Vereine einen ma\u00dfgeschneiderten Shop aus dem \u00c4rmel sch\u00fctteln!<\/p>\n<p>Unser Team steht bereit, um euch pers\u00f6nlich zu beraten und den krassen Onlineshop eurer Tr\u00e4ume zu bauen.<\/p>\n","protected":false},"excerpt":{"rendered":"<p><strong>Kinder Sweatjacke FCL BLACK EDITION inklusive Direktflock Ton in Ton auf dem R\u00fccken<\/strong><\/p>\n<p>Dieser modische HMLGO COTTON ZIP HOODIE bietet alles \u2013 einen Roll-Top-Kordelzug, einen durchgehenden Rei\u00dfverschluss, sportliche Schulterpartien sowie ein subtil gedrucktes hummel\u00ae-Logo. Roll-Top-Tunnelzugkragen, sportliche Schulterchevrons, durchgehender Rei\u00dfverschluss, Qualit\u00e4t: 80 % Baumwolle, 20 % Polyester \/ Futter: 100 % Polyester . Als <strong>FCL \u201eBlack Edition\u201c<\/strong> bekommt ihr diese Sweatjacke mit einem sehr edlen schwarzen Vereinswappen als Direktflock auf dem R\u00fccken. UVP 49,99 \u20ac zuz\u00fcgl hochwertiger Direktflock.Ware die individuell f\u00fcr euch veredelt wird (also z.B. mit Spielernamen, Nummern, Sponsorenlogos, Vereinswappen, Initalien, etc bedruckt\/beflockt wird) gilt als Sonderanfertigung und ist von einem Umtausch leider ausgeschlossen.<\/p>\n<p>Fb 2001 =schwarz\/schwarz<\/p>\n<p>Gr\u00f6\u00dfe\u00a0 116 &#8211; 176<\/p>\n<p>Lieferzeit: ca 10 &#8211; 20 Tage<\/p>\n<table border=\"1\" cellspacing=\"0\" cellpadding=\"0\">\n<tbody>\n<tr>\n<td><strong>Menge<\/strong><\/td>\n<td><strong>Preis<\/strong><\/td>\n<\/tr>\n<tr>\n<td>\u00a01 &#8211; 4<\/td>\n<td>45,99 \u20ac<\/td>\n<\/tr>\n<tr>\n<td>\u00a05- 19<\/td>\n<td>39,99 \u20ac<\/td>\n<\/tr>\n<tr>\n<td>20- 50<\/td>\n<td>35,99 \u20ac<\/td>\n<\/tr>\n<\/tbody>\n<\/table>\n<p>&nbsp;<\/p>\n<p>&nbsp;<\/p>\n<table border=\"1\" cellspacing=\"0\" cellpadding=\"0\">\n<tbody>\n<tr>\n<td><\/td>\n<td><\/td>\n<\/tr>\n<tr>\n<td><\/td>\n<td><\/td>\n<\/tr>\n<tr>\n<td><\/td>\n<td><\/td>\n<\/tr>\n<tr>\n<td><\/td>\n<td><\/td>\n<\/tr>\n<\/tbody>\n<\/table>\n<p>&nbsp;<\/p>\n","protected":false},"featured_media":1513,"template":"","meta":[],"product_brand":[],"product_cat":[254,223],"product_tag":[],"class_list":{"0":"post-1523","1":"product","2":"type-product","3":"status-publish","4":"has-post-thumbnail","6":"product_cat-blk-editition-fcl","7":"product_cat-fc-lehrte","8":"description-off","10":"first","11":"instock","12":"sale","13":"taxable","14":"shipping-taxable","15":"purchasable","16":"product-type-variable"},"_links":{"self":[{"href":"https:\/\/sport-goslar.de\/verein-shop\/wp-json\/wp\/v2\/product\/1523","targetHints":{"allow":["GET"]}}],"collection":[{"href":"https:\/\/sport-goslar.de\/verein-shop\/wp-json\/wp\/v2\/product"}],"about":[{"href":"https:\/\/sport-goslar.de\/verein-shop\/wp-json\/wp\/v2\/types\/product"}],"wp:featuredmedia":[{"embeddable":true,"href":"https:\/\/sport-goslar.de\/verein-shop\/wp-json\/wp\/v2\/media\/1513"}],"wp:attachment":[{"href":"https:\/\/sport-goslar.de\/verein-shop\/wp-json\/wp\/v2\/media?parent=1523"}],"wp:term":[{"taxonomy":"product_brand","embeddable":true,"href":"https:\/\/sport-goslar.de\/verein-shop\/wp-json\/wp\/v2\/product_brand?post=1523"},{"taxonomy":"product_cat","embeddable":true,"href":"https:\/\/sport-goslar.de\/verein-shop\/wp-json\/wp\/v2\/product_cat?post=1523"},{"taxonomy":"product_tag","embeddable":true,"href":"https:\/\/sport-goslar.de\/verein-shop\/wp-json\/wp\/v2\/product_tag?post=1523"}],"curies":[{"name":"wp","href":"https:\/\/api.w.org\/{rel}","templated":true}]}}