{"id":1519,"date":"2021-04-20T17:20:59","date_gmt":"2021-04-20T15:20:59","guid":{"rendered":"https:\/\/sport-goslar.de\/verein-shop\/?post_type=product&#038;p=1519"},"modified":"2024-05-16T10:45:51","modified_gmt":"2024-05-16T08:45:51","slug":"mtv-black-editition-zip-hoodie-men-fcl","status":"publish","type":"product","link":"https:\/\/sport-goslar.de\/verein-shop\/produkt\/mtv-black-editition-zip-hoodie-men-fcl\/","title":{"rendered":"MTV BLACK EDITITION Zip Hoodie Men FCL"},"content":{"rendered":"<p>Hey Fu\u00dfballfans,<\/p>\n<p>habt ihr schon unseren hei\u00dfen Onlineshop f\u00fcr den FC Lehrte entdeckt?<\/p>\n<p>Wir sind echt begeistert, euch die M\u00f6glichkeit zu geben, eure Vereinskollektion online zu zeigen und die besten Sachen f\u00fcr euer Team zu finden. Und wisst ihr was?<\/p>\n<p>Das ist nicht nur f\u00fcr uns, sondern wir k\u00f6nnen auch f\u00fcr andere Vereine ma\u00dfgeschneiderte Shops machen! Unser Team steht bereit, um euch pers\u00f6nlich zu beraten und den perfekten Shop f\u00fcr euer Team zu erstellen.<\/p>\n<p>&nbsp;<\/p>\n","protected":false},"excerpt":{"rendered":"<p><strong>Herren Sweatjacke FCL BLACK EDITION inklusive Direktflock Ton in Ton auf dem R\u00fccken<\/strong><\/p>\n<p>Dieser modische HMLGO COTTON ZIP HOODIE bietet alles \u2013 einen Roll-Top-Kordelzug, einen durchgehenden Rei\u00dfverschluss, sportliche Schulterpartien sowie ein subtil gedrucktes hummel\u00ae-Logo. Roll-Top-Tunnelzugkragen, sportliche Schulterchevrons, durchgehender Rei\u00dfverschluss, Qualit\u00e4t: 80 % Baumwolle, 20 % Polyester \/ Futter: 100 % Polyester . Als <strong>FCL \u201eBlack Edition\u201c<\/strong> bekommt ihr diese Sweatjacke mit einem sehr edlen schwarzen Vereinswappen als Direktflock auf dem R\u00fccken. Unisexschnitt! UVP 54,99 \u20ac zuz\u00fcgl hochwertiger Direktflock.Ware die individuell f\u00fcr euch veredelt wird (also z.B. mit Spielernamen, Nummern, Sponsorenlogos, Vereinswappen, Initalien, etc bedruckt\/beflockt wird) gilt als Sonderanfertigung und ist von einem Umtausch leider ausgeschlossen.<\/p>\n<p>Fb 2001 =schwarz\/schwarz<\/p>\n<p>Gr\u00f6\u00dfe\u00a0 S &#8211; 3XL<\/p>\n<p>Lieferzeit: ca 10 &#8211; 20 Tage<\/p>\n<table border=\"1\" cellspacing=\"0\" cellpadding=\"0\">\n<tbody>\n<tr>\n<td><strong>Menge<\/strong><\/td>\n<td><strong>Preis<\/strong><\/td>\n<\/tr>\n<tr>\n<td>1 &#8211; 4<\/td>\n<td>49,99 \u20ac<\/td>\n<\/tr>\n<tr>\n<td>5 &#8211; 19<\/td>\n<td>42,99 \u20ac<\/td>\n<\/tr>\n<tr>\n<td>20-50<\/td>\n<td>39,99 \u20ac<\/td>\n<\/tr>\n<\/tbody>\n<\/table>\n<p>&nbsp;<\/p>\n<p>&nbsp;<\/p>\n<p>&nbsp;<\/p>\n","protected":false},"featured_media":1513,"template":"","meta":[],"product_brand":[],"product_cat":[254,223],"product_tag":[],"class_list":{"0":"post-1519","1":"product","2":"type-product","3":"status-publish","4":"has-post-thumbnail","6":"product_cat-blk-editition-fcl","7":"product_cat-fc-lehrte","8":"description-off","10":"first","11":"instock","12":"sale","13":"taxable","14":"shipping-taxable","15":"purchasable","16":"product-type-variable"},"_links":{"self":[{"href":"https:\/\/sport-goslar.de\/verein-shop\/wp-json\/wp\/v2\/product\/1519","targetHints":{"allow":["GET"]}}],"collection":[{"href":"https:\/\/sport-goslar.de\/verein-shop\/wp-json\/wp\/v2\/product"}],"about":[{"href":"https:\/\/sport-goslar.de\/verein-shop\/wp-json\/wp\/v2\/types\/product"}],"wp:featuredmedia":[{"embeddable":true,"href":"https:\/\/sport-goslar.de\/verein-shop\/wp-json\/wp\/v2\/media\/1513"}],"wp:attachment":[{"href":"https:\/\/sport-goslar.de\/verein-shop\/wp-json\/wp\/v2\/media?parent=1519"}],"wp:term":[{"taxonomy":"product_brand","embeddable":true,"href":"https:\/\/sport-goslar.de\/verein-shop\/wp-json\/wp\/v2\/product_brand?post=1519"},{"taxonomy":"product_cat","embeddable":true,"href":"https:\/\/sport-goslar.de\/verein-shop\/wp-json\/wp\/v2\/product_cat?post=1519"},{"taxonomy":"product_tag","embeddable":true,"href":"https:\/\/sport-goslar.de\/verein-shop\/wp-json\/wp\/v2\/product_tag?post=1519"}],"curies":[{"name":"wp","href":"https:\/\/api.w.org\/{rel}","templated":true}]}}