{"id":1507,"date":"2021-04-20T15:15:15","date_gmt":"2021-04-20T13:15:15","guid":{"rendered":"https:\/\/sport-goslar.de\/verein-shop\/?post_type=product&#038;p=1507"},"modified":"2021-04-20T15:20:03","modified_gmt":"2021-04-20T13:20:03","slug":"tvn-performance-t-shirt-kinder-erima-inklusive-vereinsname","status":"publish","type":"product","link":"https:\/\/sport-goslar.de\/verein-shop\/produkt\/tvn-performance-t-shirt-kinder-erima-inklusive-vereinsname\/","title":{"rendered":"TVN Performance T-Shirt Kinder Erima inklusive Vereinsname"},"content":{"rendered":"<p>Ware die invividuell f\u00fcr euch veredelt wird (also z.B. mit Spielernamen, Nummern, Sponsorenlogos, Vereinswappen, Initalien, etc bedruckt\/beflockt wird) gilt als Sonderanfertigung und ist von einem Umtausch leider ausgeschlossen.<\/p>\n","protected":false},"excerpt":{"rendered":"<p><strong>Kinder Erima Performance T-Shirt inklusive TVN Logo und Vereinsname<\/strong><\/p>\n<p>Unserer Meinung nach das Shirt mit dem mit Abstand bestem Preis-Leistungverh\u00e4ltnis am Markt, sehr angenehmes, leichtes, schnelltrocknendes und feuchtigkeitsregulierendes Material, Flachn\u00e4hte f\u00fcr geringe Reibung und h\u00f6chsten Tragekomfort, Mesheins\u00e4tze an der Seite und am Schl\u00fcsselbein. Lieferbar in vielen verschiedenen Farben. <strong>Ihr bekommt dieses hochwertige Funktionsshirt inklusive eurem individuellem Vereinsnamen und dem TVN Logo auf dem R\u00fccken<\/strong><\/p>\n<p>Fb 8080723 = neon gelb<\/p>\n<p>Fb 8080724 = green gecko<\/p>\n<p>Fb 8081929 = navy<\/p>\n<p>Fb 808201 = schwarz<\/p>\n<p>Fb 808204 =royalblau<\/p>\n<p>Fb 808202= wei\u00df<\/p>\n<p>Fb 808203= rot<\/p>\n<p>Fb 808205= gr\u00fcn<\/p>\n<p>&nbsp;<\/p>\n<p>Gr\u00f6\u00dfe\u00a0 128 &#8211; 164<\/p>\n<p>Lieferzeit: ca 10 &#8211; 20 Tage<\/p>\n<table border=\"1\" cellspacing=\"0\" cellpadding=\"0\">\n<tbody>\n<tr>\n<td><strong>Menge<\/strong><\/td>\n<td><strong>Preis<\/strong><\/td>\n<\/tr>\n<tr>\n<td>1 &#8211; 4<\/td>\n<td>27,99 \u20ac<\/td>\n<\/tr>\n<tr>\n<td>5 &#8211; 9<\/td>\n<td>19,99 \u20ac<\/td>\n<\/tr>\n<tr>\n<td>10-20<\/td>\n<td>17,99 \u20ac<\/td>\n<\/tr>\n<\/tbody>\n<\/table>\n<p>&nbsp;<\/p>\n","protected":false},"featured_media":1498,"template":"","meta":[],"product_brand":[],"product_cat":[317,218],"product_tag":[],"class_list":{"0":"post-1507","1":"product","2":"type-product","3":"status-publish","4":"has-post-thumbnail","6":"product_cat-tvn-kollektion","7":"product_cat-tvn-shop","8":"description-off","10":"first","11":"instock","12":"sale","13":"taxable","14":"shipping-taxable","15":"purchasable","16":"product-type-variable"},"_links":{"self":[{"href":"https:\/\/sport-goslar.de\/verein-shop\/wp-json\/wp\/v2\/product\/1507","targetHints":{"allow":["GET"]}}],"collection":[{"href":"https:\/\/sport-goslar.de\/verein-shop\/wp-json\/wp\/v2\/product"}],"about":[{"href":"https:\/\/sport-goslar.de\/verein-shop\/wp-json\/wp\/v2\/types\/product"}],"wp:featuredmedia":[{"embeddable":true,"href":"https:\/\/sport-goslar.de\/verein-shop\/wp-json\/wp\/v2\/media\/1498"}],"wp:attachment":[{"href":"https:\/\/sport-goslar.de\/verein-shop\/wp-json\/wp\/v2\/media?parent=1507"}],"wp:term":[{"taxonomy":"product_brand","embeddable":true,"href":"https:\/\/sport-goslar.de\/verein-shop\/wp-json\/wp\/v2\/product_brand?post=1507"},{"taxonomy":"product_cat","embeddable":true,"href":"https:\/\/sport-goslar.de\/verein-shop\/wp-json\/wp\/v2\/product_cat?post=1507"},{"taxonomy":"product_tag","embeddable":true,"href":"https:\/\/sport-goslar.de\/verein-shop\/wp-json\/wp\/v2\/product_tag?post=1507"}],"curies":[{"name":"wp","href":"https:\/\/api.w.org\/{rel}","templated":true}]}}