{"id":1375,"date":"2021-04-19T13:14:47","date_gmt":"2021-04-19T11:14:47","guid":{"rendered":"https:\/\/sport-goslar.de\/verein-shop\/?post_type=product&#038;p=1375"},"modified":"2021-09-08T16:55:00","modified_gmt":"2021-09-08T14:55:00","slug":"softshelljacke-herren-classic-mit-gesticktem-wsv-stm-logo","status":"publish","type":"product","link":"https:\/\/sport-goslar.de\/verein-shop\/produkt\/softshelljacke-herren-classic-mit-gesticktem-wsv-stm-logo\/","title":{"rendered":"Softshelljacke Herren Classic mit gesticktem WSV StM Logo"},"content":{"rendered":"<p>Ware die individuell f\u00fcr euch veredelt wird (also z.B. mit Spielernamen, Nummern, Sponsorenlogos, Vereinswappen, Initalien, etc bedruckt\/beflockt wird) gilt als Sonderanfertigung und ist von einem Umtausch leider ausgeschlossen.<\/p>\n","protected":false},"excerpt":{"rendered":"<p><strong>Herren Softshelljacke mit gesticktem Vereinswappen WSV StM<\/strong><\/p>\n<p>Maritime Softshell Jacke mit modischen Details. 3 Lagen Funktionsmaterial mit TPU-Membran, <strong>wind- und wasserdicht (5.000 mm Wassers\u00e4ule)<\/strong>, atmungsaktiv und wasserdampfdurchl\u00e4ssig (1.000g\/m\u00b2\/24h)<br \/>\nN\u00e4hte und Stickerei nicht versiegelt. Stehkragen, abkn\u00f6pfbare Kapuze. 2 seitliche Taschen und 1 Brusttasche mit Rei\u00dfverschluss, elastische Kordel mit Stopper an Kapuze und Saum, Rei\u00dfverschl\u00fcsse und seitliches Band in Kontrastfarbe, \u00c4rmelabschluss mit Strickb\u00fcndchen, Oberstoff (290 g\/m\u00b2): 100% Polyester<\/p>\n<p>Farbe =navy\/wei\u00df<\/p>\n<p>Gr\u00f6\u00dfe\u00a0 S &#8211; 3XL<\/p>\n<p>Lieferzeit: ca 10 &#8211; 20 Tage<\/p>\n<p>&nbsp;<\/p>\n<table>\n<tbody>\n<tr>\n<td><strong>Menge<\/strong><\/td>\n<td><strong>Preis<\/strong><\/td>\n<\/tr>\n<tr>\n<td>1 &#8211; 3<\/td>\n<td>75,99 \u20ac<\/td>\n<\/tr>\n<tr>\n<td>4 &#8211; 20<\/td>\n<td>69,99 \u20ac<\/td>\n<\/tr>\n<\/tbody>\n<\/table>\n<p>&nbsp;<\/p>\n<p>&nbsp;<\/p>\n","protected":false},"featured_media":1374,"template":"","meta":[],"product_brand":[],"product_cat":[309,308],"product_tag":[],"class_list":{"0":"post-1375","1":"product","2":"type-product","3":"status-publish","4":"has-post-thumbnail","6":"product_cat-classic-line-wsv-stm","7":"product_cat-wsv-steinhuder-meer","8":"description-off","10":"first","11":"instock","12":"sale","13":"taxable","14":"shipping-taxable","15":"purchasable","16":"product-type-variable"},"_links":{"self":[{"href":"https:\/\/sport-goslar.de\/verein-shop\/wp-json\/wp\/v2\/product\/1375","targetHints":{"allow":["GET"]}}],"collection":[{"href":"https:\/\/sport-goslar.de\/verein-shop\/wp-json\/wp\/v2\/product"}],"about":[{"href":"https:\/\/sport-goslar.de\/verein-shop\/wp-json\/wp\/v2\/types\/product"}],"wp:featuredmedia":[{"embeddable":true,"href":"https:\/\/sport-goslar.de\/verein-shop\/wp-json\/wp\/v2\/media\/1374"}],"wp:attachment":[{"href":"https:\/\/sport-goslar.de\/verein-shop\/wp-json\/wp\/v2\/media?parent=1375"}],"wp:term":[{"taxonomy":"product_brand","embeddable":true,"href":"https:\/\/sport-goslar.de\/verein-shop\/wp-json\/wp\/v2\/product_brand?post=1375"},{"taxonomy":"product_cat","embeddable":true,"href":"https:\/\/sport-goslar.de\/verein-shop\/wp-json\/wp\/v2\/product_cat?post=1375"},{"taxonomy":"product_tag","embeddable":true,"href":"https:\/\/sport-goslar.de\/verein-shop\/wp-json\/wp\/v2\/product_tag?post=1375"}],"curies":[{"name":"wp","href":"https:\/\/api.w.org\/{rel}","templated":true}]}}