{"id":1368,"date":"2021-04-19T12:51:17","date_gmt":"2021-04-19T10:51:17","guid":{"rendered":"https:\/\/sport-goslar.de\/verein-shop\/?post_type=product&#038;p=1368"},"modified":"2021-09-08T16:54:32","modified_gmt":"2021-09-08T14:54:32","slug":"softshellweste-classic-mit-gesticktem-wsv-stm-logo","status":"publish","type":"product","link":"https:\/\/sport-goslar.de\/verein-shop\/produkt\/softshellweste-classic-mit-gesticktem-wsv-stm-logo\/","title":{"rendered":"Softshellweste Classic mit gesticktem WSV StM Logo"},"content":{"rendered":"<p>Ware die individuell f\u00fcr euch veredelt wird (also z.B. mit Spielernamen, Nummern, Sponsorenlogos, Vereinswappen, Initalien, etc bedruckt\/beflockt wird) gilt als Sonderanfertigung und ist von einem Umtausch leider ausgeschlossen.<\/p>\n","protected":false},"excerpt":{"rendered":"<p><strong>Softshellweste f\u00fcr Damen und Herren mit gesticktem Vereinswappen WSV StM<\/strong><\/p>\n<p>Angenehmes, weiches 2 Lagen Softshellmaterial, wasserabweisend, winddicht, atmungsaktiv. Innenseite aus weichem Microfleece, Durchgehend hinterlegter Frontrei\u00dfverschluss mit Kinnschutz<br \/>\n2 seitliche Taschen mit Rei\u00dfverschluss, 2 Innentaschen. <strong>Gerade Unisexschnittform<\/strong> &#8211; f\u00e4llt dadurch im Vergleich zu einer taillierten Damenschnittform f\u00fcr die Damen eventuell deutlich Gr\u00f6\u00dfer aus!<\/p>\n<p>Farbe =navy\/schwarz<\/p>\n<p>Gr\u00f6\u00dfe\u00a0 S &#8211; 2XL<\/p>\n<p>Lieferzeit: ca 10 &#8211; 20 Tage<\/p>\n<p>&nbsp;<\/p>\n<table>\n<tbody>\n<tr>\n<td><strong>Menge<\/strong><\/td>\n<td><strong>Preis<\/strong><\/td>\n<\/tr>\n<tr>\n<td>1 &#8211; 3<\/td>\n<td>39,99 \u20ac<\/td>\n<\/tr>\n<tr>\n<td>4 &#8211; 20<\/td>\n<td>34,99 \u20ac<\/td>\n<\/tr>\n<\/tbody>\n<\/table>\n<p>&nbsp;<\/p>\n<p>&nbsp;<\/p>\n","protected":false},"featured_media":1371,"template":"","meta":[],"product_brand":[],"product_cat":[309,308],"product_tag":[],"class_list":{"0":"post-1368","1":"product","2":"type-product","3":"status-publish","4":"has-post-thumbnail","6":"product_cat-classic-line-wsv-stm","7":"product_cat-wsv-steinhuder-meer","8":"description-off","10":"first","11":"instock","12":"sale","13":"taxable","14":"shipping-taxable","15":"purchasable","16":"product-type-variable"},"_links":{"self":[{"href":"https:\/\/sport-goslar.de\/verein-shop\/wp-json\/wp\/v2\/product\/1368","targetHints":{"allow":["GET"]}}],"collection":[{"href":"https:\/\/sport-goslar.de\/verein-shop\/wp-json\/wp\/v2\/product"}],"about":[{"href":"https:\/\/sport-goslar.de\/verein-shop\/wp-json\/wp\/v2\/types\/product"}],"wp:featuredmedia":[{"embeddable":true,"href":"https:\/\/sport-goslar.de\/verein-shop\/wp-json\/wp\/v2\/media\/1371"}],"wp:attachment":[{"href":"https:\/\/sport-goslar.de\/verein-shop\/wp-json\/wp\/v2\/media?parent=1368"}],"wp:term":[{"taxonomy":"product_brand","embeddable":true,"href":"https:\/\/sport-goslar.de\/verein-shop\/wp-json\/wp\/v2\/product_brand?post=1368"},{"taxonomy":"product_cat","embeddable":true,"href":"https:\/\/sport-goslar.de\/verein-shop\/wp-json\/wp\/v2\/product_cat?post=1368"},{"taxonomy":"product_tag","embeddable":true,"href":"https:\/\/sport-goslar.de\/verein-shop\/wp-json\/wp\/v2\/product_tag?post=1368"}],"curies":[{"name":"wp","href":"https:\/\/api.w.org\/{rel}","templated":true}]}}