{"id":1344,"date":"2021-04-16T16:44:40","date_gmt":"2021-04-16T14:44:40","guid":{"rendered":"https:\/\/sport-goslar.de\/verein-shop\/?post_type=product&#038;p=1344"},"modified":"2024-05-10T12:30:18","modified_gmt":"2024-05-10T10:30:18","slug":"hml-cotton-polo-kinder-lsv-inklusive-1874-kopie","status":"publish","type":"product","link":"https:\/\/sport-goslar.de\/verein-shop\/produkt\/hml-cotton-polo-kinder-lsv-inklusive-1874-kopie\/","title":{"rendered":"HML Cotton Polo Kinder LSV inklusive 1874"},"content":{"rendered":"<p>Hey LSV-Nachwuchs,<\/p>\n<p>habt ihr schon unseren coolen Onlineshop f\u00fcr den<strong> Lehrter SV<\/strong> entdeckt?<\/p>\n<p>Wir sind richtig begeistert, euch die M\u00f6glichkeit zu geben, eure Vereinskollektion online zu zeigen und die besten Sachen f\u00fcr euer Team zu finden. Und wisst ihr was? Das gilt nicht nur f\u00fcr uns, sondern wir k\u00f6nnen auch f\u00fcr andere Vereine individuelle Shops machen! Unser Team steht bereit, um euch pers\u00f6nlich zu beraten und den perfekten Shop f\u00fcr euer Team zu erstellen.<\/p>\n<p>&nbsp;<\/p>\n<p>Ihr m\u00f6chtet auch individuelle Mannschaftsbekleidung mit Vereinsnamen, Sponsorenlogos und Nummern bedrucken?<\/p>\n<p>Gern sind wir bei der Veredelung\/Beflockung und dem Layout von Team- und Vereinsausr\u00fcstung behilflich. Vereinswappen oder Sponsorenlogos in hochwertigem Direktflock,Sublimationsdruck oder Digitalflock. Wir verarbeiten keine billigen Plotterfolien die nach ein paar W\u00e4schen einrei\u00dfen oder abl\u00f6sen.<\/p>\n<p>Wir m\u00f6chten ihnen das beste Produkt zum fairsten Preis bieten. So garantieren wir nachhaltige Produkte, die auf h\u00f6chstem Niveau produziert werden. Von der Bearbeitung der Vorlage \u00fcber die Auswahl der entsprechenden Techniken (Siebdruck, Sublimation, Druck, Flock) bis hin zum eigentlichen Bearbeiten der entsprechenden Textilien sind wir mit Sorgfalt und Kompetenz Ihr verl\u00e4sslicher Partner. Die Bearbeitung Ihrer Auftr\u00e4ge wird mit modernsten Maschinen und gut qualifizierten Mitarbeitern ausgef\u00fchrt. Profitieren auch Sie von unserer Sorgfalt, Kompetenz und pers\u00f6nlichen Beratung sowie Betreuung, um genau das zu erreichen.<\/p>\n<p>Eine hochwertige und trotzdem preiswerte Drucktechnik die wir f\u00fcr Leichtahhletik Bekleidung empfehlen ist eine Sieb- oder Direktdruck.<\/p>\n<p>Der Siebdruck ist mit das \u00e4lteste Textildruckverfahren. Mittels einer Schablone (Sieb) und einer Rakel wird Farbe direkt auf das Textil aufgebracht. Die Farbe wird mehrfach hintereinander aufgetragen und man erreicht so sehr kr\u00e4ftige und gut deckende Farben mit einer hohen Waschbest\u00e4ndigkeit bei 60 Grad.<\/p>\n<p>Durch die Vielfalt an M\u00f6glichkeiten bietet der Siebdruck sehr individuelle Druckresultate. Spezialeffekte wie Flockfasern, Sonderfarben oder Neoprints lassen keine W\u00fcnsche offen.<\/p>\n<p>Preiswertes Druckverfahren mit hoher Haltbarkeit mit dem fast die gesamte Ausstattung f\u00fcr Running, Walking oder auch Triathlon abgedeckt werden kann.<\/p>\n<p>Von beruflicher, Arbeits- und Freizeitkleidung bis hin zu Merchandising- und Werbekleidung h\u00e4lt das Lehrter Sporthaus Goslar eine breit aufgestellt Kollektion mit Textilien bester Qualit\u00e4t f\u00fcr sie bereit. Von unseren gro\u00dfartigen T-Shirts bis hin zu den au\u00dfergew\u00f6hnlichen Basic Sweats, den unschlagbaren Jacken und unserer Kollektion f\u00fcr Vereins- und Mannschaftsausr\u00fcstung<\/p>\n<p>Sehr gern beraten wir sie pers\u00f6nlich. Scheuen sie sich nicht bei Fragen Kontakt mit uns aufzunehmen. Wir stehen ihnen jederzeit zur Verf\u00fcgung oder kommen auch gern zu ihnen.<\/p>\n<p>Preisangaben bei den Produkten beziehen sich auf den St\u00fcckpreis inklusive Mwst. Bitte beachten das Personalisierung wie z.B Namen, Nummern oder Vereinsnamen extra berechnet werden. Sollte die Schablone noch nich vorhanden sein kommen je neu angefertiger Schablone noch 34,99 \u20ac Schablonenkosten hinzu.<\/p>\n<p>Von der Vorlagenerstellung bis hin zum fertigen Textil sind wir der Leichtathletik- und Laufspezialist und kompetenter Partner f\u00fcr Lehrte, Burgwedel,\u00a0 Dollbergen, Isernhagen, Lengede, Salzgitter, Salzhemmendorf, Helmstedt, Uelzen, Ronnenberg, Wathlingen, Munster, Soltau Nienburg, Bremerhaven, Uetze, Wendeburg, Sehnde, Schw\u00fclper, Peine, S\u00f6hlde, Hildesheim, Harsum, Magdeburg, Bredenbeck, Bielefeld, Seelze, Kassel, Nienhagen, Meinersen, Hameln, Neustadt,Wolfenb\u00fcttel, Gifhorn, Hannover, Langenhagen, Wunstorf, Celle, Braunschweig, Walsrode, Ingeln-Oesselse, G\u00f6ttingen, Hamburg, H\u00e4melerwald, Bremen\u2026.an Ihrer Seite. Verlassen Sie sich drauf! Als offizieller Ausstatter namenhafter Firmen, Vereine und Landesverb\u00e4nden wie z.B.dem Nieders\u00e4chsischer Leichtathletik Verband, , Landesschwimmverband Niedersachsen, Triathlon Verband Niedersachsen, dem Squashverband Niedersachsen oder auch dem Nieders\u00e4chsischer Sportsch\u00fctzen Verband sind wir ihr zuverl\u00e4ssiger und fairer Ausstatter.<\/p>\n<p>Testen Sie uns einfach!<\/p>\n<p>&nbsp;<\/p>\n<p>&nbsp;<\/p>\n<p>&nbsp;<\/p>\n<p>&nbsp;<\/p>\n<p>&nbsp;<\/p>\n","protected":false},"excerpt":{"rendered":"<p><strong>HML Polo Kinder LSV inklusive 1874<\/strong><\/p>\n<div class=\"attributes d-flex flex-column pl-0 pr-0\">\n<div class=\"product-detail-secondary-content\">\n<p>Das klassische hummel\u00ae HMLGO COTTON POLO mit Knopfleiste ist perfekt f\u00fcr Streetwear und Smart Wear. \u00c4rmel-Chevrons und ein bedrucktes Brustlogo sorgen f\u00fcr ein sportliches Flair. Button-Up-Kragen, Polo im klassischen Stil, sportliche \u00c4rmelchevrons, gedrucktes Brustlogo, Qualit\u00e4t: 100 % Baumwolle \u2013 Farbe 2006: 90 % Baumwolle, 10 % Viskose. Vereinwappen auf der Brust und Gr\u00fcndungsjahr auf dem R\u00fccken. Ware die individuell f\u00fcr euch veredelt wird (also z.B. mit Spielernamen, Nummern, Sponsorenlogos, Vereinswappen, Initalien, etc bedruckt\/beflockt wird) gilt als Sonderanfertigung und ist von einem Umtausch leider ausgeschlossen.Art.203521 UVP 27,99 + Druckkosten<\/p>\n<\/div>\n<\/div>\n<p>FB 2006=grau\/bordo<\/p>\n<p>FB 2001=schwarz\/wei\u00df<\/p>\n<p>FB 9001=wei\u00df\/bordo<\/p>\n<p>Gr\u00f6\u00dfe\u00a0 116- 176<\/p>\n<p>Lieferzeit: ca 10 &#8211; 20 Tage<\/p>\n<p>&nbsp;<\/p>\n<table border=\"1\" cellspacing=\"0\" cellpadding=\"0\">\n<tbody>\n<tr>\n<td><strong>Menge<\/strong><\/td>\n<td><strong>Preis<\/strong><\/td>\n<\/tr>\n<tr>\n<td>1 &#8211; 4<\/td>\n<td>37,99 \u20ac<\/td>\n<\/tr>\n<tr>\n<td>5 &#8211; 19<\/td>\n<td>32,99 \u20ac<\/td>\n<\/tr>\n<tr>\n<td>20-50<\/td>\n<td>30,99 \u20ac<\/td>\n<\/tr>\n<\/tbody>\n<\/table>\n<p>&nbsp;<\/p>\n<p>&nbsp;<\/p>\n","protected":false},"featured_media":1338,"template":"","meta":[],"product_brand":[],"product_cat":[222,307],"product_tag":[],"class_list":{"0":"post-1344","1":"product","2":"type-product","3":"status-publish","4":"has-post-thumbnail","6":"product_cat-lehrter-sv","7":"product_cat-teamline-1874","8":"description-off","10":"first","11":"instock","12":"sale","13":"taxable","14":"shipping-taxable","15":"purchasable","16":"product-type-variable"},"_links":{"self":[{"href":"https:\/\/sport-goslar.de\/verein-shop\/wp-json\/wp\/v2\/product\/1344","targetHints":{"allow":["GET"]}}],"collection":[{"href":"https:\/\/sport-goslar.de\/verein-shop\/wp-json\/wp\/v2\/product"}],"about":[{"href":"https:\/\/sport-goslar.de\/verein-shop\/wp-json\/wp\/v2\/types\/product"}],"wp:featuredmedia":[{"embeddable":true,"href":"https:\/\/sport-goslar.de\/verein-shop\/wp-json\/wp\/v2\/media\/1338"}],"wp:attachment":[{"href":"https:\/\/sport-goslar.de\/verein-shop\/wp-json\/wp\/v2\/media?parent=1344"}],"wp:term":[{"taxonomy":"product_brand","embeddable":true,"href":"https:\/\/sport-goslar.de\/verein-shop\/wp-json\/wp\/v2\/product_brand?post=1344"},{"taxonomy":"product_cat","embeddable":true,"href":"https:\/\/sport-goslar.de\/verein-shop\/wp-json\/wp\/v2\/product_cat?post=1344"},{"taxonomy":"product_tag","embeddable":true,"href":"https:\/\/sport-goslar.de\/verein-shop\/wp-json\/wp\/v2\/product_tag?post=1344"}],"curies":[{"name":"wp","href":"https:\/\/api.w.org\/{rel}","templated":true}]}}