{"id":1334,"date":"2021-04-16T16:17:11","date_gmt":"2021-04-16T14:17:11","guid":{"rendered":"https:\/\/sport-goslar.de\/verein-shop\/?post_type=product&#038;p=1334"},"modified":"2024-05-10T12:36:23","modified_gmt":"2024-05-10T10:36:23","slug":"hml-cotton-polo-herren-lsv-inklusive-1874","status":"publish","type":"product","link":"https:\/\/sport-goslar.de\/verein-shop\/produkt\/hml-cotton-polo-herren-lsv-inklusive-1874\/","title":{"rendered":"HML Cotton Polo Herren LSV inklusive 1874"},"content":{"rendered":"<p>Hallo Mitglieder des Lehrter Sport Vereins,<\/p>\n<p>habt ihr schon unseren tollen Onlineshop f\u00fcr den <strong>Lehrter SV<\/strong> entdeckt? Wir sind total happy, dass wir euch die M\u00f6glichkeit bieten k\u00f6nnen, eure Vereinskollektion online zu zeigen und die besten Produkte f\u00fcr euer Team zu finden. Und wisst ihr was? Das ist nicht nur f\u00fcr uns, sondern wir k\u00f6nnen auch f\u00fcr andere Vereine individuelle Shops machen!<\/p>\n<p>Wenn ihr Fragen habt oder Hilfe braucht, sind wir gerne f\u00fcr euch da.<\/p>\n<p>&nbsp;<\/p>\n<p>Ihr m\u00f6chtet auch individuelle Vereinskleidung mit Vereinsnamen, Sponsorenlogos und Initalien bedrucken?<\/p>\n<p>&nbsp;<\/p>\n<p>Gern beraten wir Dich ganz pers\u00f6nlich und individuell! Bei uns in Lehrte findest Du eine ehrliche und kompetente Beratung nicht nur f\u00fcr die neue Erima oder Hummel Kollektion.<\/p>\n<p>Wir sind auch ihr Anprechpartner f\u00fcr Fu\u00dfball-, Handball-, Leichtathletik,- und Volleyballbekleidung und Mannschaftsausstattung. Als offizieller Ausstatter namenhafter Firmen, Vereine und Landesverb\u00e4nden sind wir dein zuverl\u00e4ssiger und fairer Ausstatter.<\/p>\n<p>Gern sind wir bei der Veredelung\/Beflockung und dem Layout von Vereinsbekleidung behilflich. Vereinswappen oder Sponsorenlogos in hochwertigem Direktflock oder<\/p>\n<p>Sublimationsdrucke setzen ihren W\u00fcnschen und Ihrer Fantasie praktisch fast keine Grenzen mehr. Beim Sublimationdruck-Verfahren kommen nicht wasserl\u00f6sliche Dispersionfarben zum Einsatz die direkt auf dem Material bei einer Temperatur von ca. 200\u00b0C verdampfen (sublimieren) und dabei in das Material direkt an jeder einzelnen Faser haften und nicht oben drauf mit einer harten Tr\u00e4gerschicht aufgeb\u00fcgelt werden. Die Farbpigmente sind somit ein Teil des Stoffes und werden nicht aufgeklebt wie z.B. beim Plotterverfahren \u00fcblich. Die HALTBARKEIT ist durch das direkte Eindampfen der Farbe in das Material mit keiner andere Methode vergleichbar!<\/p>\n<p>Der Sublimationddruck verliert sich bei unz\u00e4hligen hei\u00dfen W\u00e4schen nie an Brillanz. Die UV- und Farbbest\u00e4ndigkeit sucht seinesgleichen. Der wirklich unschlagbare Vorteil des Sublimationdruckverfahren liegt jedoch in dem unerreichbaren Tragekomfort! Besonders Leistungssportler werden es zu sch\u00e4tzen wissen das die Nummer, das Sponsorlogo oder Vereinswappen weder sp\u00fcrbar ist, noch das Gewicht der Bekleidung erh\u00f6ht.<\/p>\n<p>Die Atmungsaktivit\u00e4t wird nicht wie bei Plotterfolien \u00fcblich eingeschr\u00e4nkt. Auch bei sehr gro\u00dfen Dr\u00fccken wird der Stoff nicht steif und beh\u00e4lt seine urspr\u00fcnglichen positiven Eigenschaften. Gerade f\u00fcr Ausdauerathleten besteht nicht die Gefahr sich wund zu scheuern.<\/p>\n<p>Auch die \u00d6kobilanz kann dich sehen lassen da keine Binde- und L\u00f6sungsmittel ben\u00f6tigt werden.<\/p>\n<p>Die Empfehlung wenn der Tragkomfort und Haltbarkeit im Vordergrund stehen. Die Atmungsaktivit\u00e4t ist unerrreicht und somit f\u00fcr den Leistungssport besser geeignet als herk\u00f6mmlich Druckverfahren wie Plotterflock oder Plotterfolien.<\/p>\n<p>&nbsp;<\/p>\n<p>Wir sind offizieller Ausstatter des Nieders\u00e4chsichen Leichtathletik Verbandes, des Squash Verband Niedersachsen des Nieders\u00e4chsischen Sportsch\u00fctzenverbandes, Landesschwimmverband Niedersachsen sowie des Triathlon Verband Niedersachsen mit insgesamt 275.148 Mitgliedern aus 2909 angeschlossenen Vereinen!<\/p>\n<p>Wir m\u00f6chten ihnen das beste Produkt zum fairsten Preis bieten. So garantieren wir nachhaltige Produkte, die auf h\u00f6chstem Niveau produziert werden. Von der Bearbeitung der Vorlage \u00fcber die Auswahl der entsprechenden Techniken (Sublimation, Siebdruck, Direktflock) bis hin zum eigentlichen Bearbeiten der entsprechenden Textilien sind wir mit Sorgfalt und Kompetenz Ihr verl\u00e4sslicher Partner. Die Bearbeitung Ihrer Auftr\u00e4ge wird mit modernsten Maschinen und gut qualifizierten Mitarbeitern ausgef\u00fchrt.<\/p>\n<p>Profitieren auch Sie von unserer Sorgfalt, Kompetenz und pers\u00f6nlichen Beratung sowie Betreuung, um genau das zu erreichen.<\/p>\n<p>Testen Sie uns einfach!<\/p>\n","protected":false},"excerpt":{"rendered":"<p><strong>HML Polo Herren LSV inklusive 1874<\/strong><\/p>\n<div class=\"attributes d-flex flex-column pl-0 pr-0\">\n<div class=\"product-detail-secondary-content\">\n<p>Das klassische hummel\u00ae HMLGO COTTON POLO mit Knopfleiste ist perfekt f\u00fcr Streetwear und Smart Wear. \u00c4rmel-Chevrons und ein bedrucktes Brustlogo sorgen f\u00fcr ein sportliches Flair. Button-Up-Kragen, Polo im klassischen Stil, sportliche \u00c4rmelchevrons, gedrucktes Brustlogo, Qualit\u00e4t: 100 % Baumwolle \u2013 Farbe 2006: 90 % Baumwolle, 10 % Viskose. Vereinwappen auf der Brust und Gr\u00fcndungsjahr auf dem R\u00fccken.Unisexschnitt\u00a0 Art.203520 UVP 29,99 + Druckkosten. Ware die individuell f\u00fcr euch veredelt wird (also z.B. mit Spielernamen, Nummern, Sponsorenlogos, Vereinswappen, Initalien, etc bedruckt\/beflockt wird) gilt als Sonderanfertigung und ist von einem Umtausch leider ausgeschlossen.<\/p>\n<\/div>\n<\/div>\n<p>FB 2006=grau\/bordo<\/p>\n<p>FB 2001=schwarz\/wei\u00df<\/p>\n<p>FB 9001=wei\u00df\/bordo<\/p>\n<p>Gr\u00f6\u00dfe\u00a0 S &#8211; 3XL<\/p>\n<p>Lieferzeit: ca 10 &#8211; 20 Tage<\/p>\n<p>&nbsp;<\/p>\n<table border=\"1\" cellspacing=\"0\" cellpadding=\"0\">\n<tbody>\n<tr>\n<td><strong>Menge<\/strong><\/td>\n<td><strong>Preis<\/strong><\/td>\n<\/tr>\n<tr>\n<td>1 &#8211; 4<\/td>\n<td>39,99 \u20ac<\/td>\n<\/tr>\n<tr>\n<td>5 &#8211; 19<\/td>\n<td>34,99 \u20ac<\/td>\n<\/tr>\n<tr>\n<td>20-50<\/td>\n<td>33,99 \u20ac<\/td>\n<\/tr>\n<\/tbody>\n<\/table>\n<p>&nbsp;<\/p>\n<p>&nbsp;<\/p>\n","protected":false},"featured_media":1336,"template":"","meta":[],"product_brand":[],"product_cat":[222,307],"product_tag":[],"class_list":{"0":"post-1334","1":"product","2":"type-product","3":"status-publish","4":"has-post-thumbnail","6":"product_cat-lehrter-sv","7":"product_cat-teamline-1874","8":"description-off","10":"first","11":"instock","12":"sale","13":"taxable","14":"shipping-taxable","15":"purchasable","16":"product-type-variable"},"_links":{"self":[{"href":"https:\/\/sport-goslar.de\/verein-shop\/wp-json\/wp\/v2\/product\/1334","targetHints":{"allow":["GET"]}}],"collection":[{"href":"https:\/\/sport-goslar.de\/verein-shop\/wp-json\/wp\/v2\/product"}],"about":[{"href":"https:\/\/sport-goslar.de\/verein-shop\/wp-json\/wp\/v2\/types\/product"}],"wp:featuredmedia":[{"embeddable":true,"href":"https:\/\/sport-goslar.de\/verein-shop\/wp-json\/wp\/v2\/media\/1336"}],"wp:attachment":[{"href":"https:\/\/sport-goslar.de\/verein-shop\/wp-json\/wp\/v2\/media?parent=1334"}],"wp:term":[{"taxonomy":"product_brand","embeddable":true,"href":"https:\/\/sport-goslar.de\/verein-shop\/wp-json\/wp\/v2\/product_brand?post=1334"},{"taxonomy":"product_cat","embeddable":true,"href":"https:\/\/sport-goslar.de\/verein-shop\/wp-json\/wp\/v2\/product_cat?post=1334"},{"taxonomy":"product_tag","embeddable":true,"href":"https:\/\/sport-goslar.de\/verein-shop\/wp-json\/wp\/v2\/product_tag?post=1334"}],"curies":[{"name":"wp","href":"https:\/\/api.w.org\/{rel}","templated":true}]}}