{"id":1332,"date":"2021-04-16T16:11:39","date_gmt":"2021-04-16T14:11:39","guid":{"rendered":"https:\/\/sport-goslar.de\/verein-shop\/?post_type=product&#038;p=1332"},"modified":"2024-05-10T12:39:17","modified_gmt":"2024-05-10T10:39:17","slug":"hml-go-cotton-short-kinder-lsv-inklusive-1874","status":"publish","type":"product","link":"https:\/\/sport-goslar.de\/verein-shop\/produkt\/hml-go-cotton-short-kinder-lsv-inklusive-1874\/","title":{"rendered":"HML Go Cotton Short Kinder LSV inklusive 1874"},"content":{"rendered":"<p>Hey Mitlgieder des Lehrter SV,<\/p>\n<p>habt ihr schon unseren neuen <strong>Onlineshop f\u00fcr den Lehrter SV<\/strong> entdeckt? Wir sind echt aufgeregt, euch die M\u00f6glichkeit zu geben, eure Vereinskollektion online zu pr\u00e4sentieren und die besten Sachen f\u00fcr euer Team zu finden. Und wisst ihr was? Das ist nicht nur f\u00fcr uns, sondern wir k\u00f6nnen auch f\u00fcr andere Vereine individuelle Shops machen! Meldet euch bei uns, wenn ihr mehr erfahren wollt oder Hilfe braucht. Wir sind gerne f\u00fcr euch da!<\/p>\n<p><strong>Ihr m\u00f6chtet auch Trikots mit Vereinsnamen, Sponsorenlogos und Initalien bedrucken?<\/strong><\/p>\n<p>Wir beraten ganz pers\u00f6nlich und individuell! Bei uns in Lehrte finden ihr eine ehrliche und kompetente Beratung nicht nur f\u00fcr deine neue Teambekleidung.<\/p>\n<p>&nbsp;<\/p>\n<p>Gern sind wir bei der Veredelung\/Beflockung und dem Layout von Laufshirts behilflich. Farbige Vereinswappen oder Sponsorenlogos k\u00f6nnen wir in hochwertigem Sublimationsdruck in das Gewebe eingedampfen.<\/p>\n<p>Sublimationsdrucke setzen Euren W\u00fcnschen und Fantasie praktisch fast keine Grenzen mehr. Beim Sublimationdruck-Verfahren kommen nicht wasserl\u00f6sliche Dispersionfarben zum Einsatz die direkt auf dem Material bei einer Temperatur von ca. 200\u00b0C verdampfen (sublimieren) und dabei in das Material direkt an jeder einzelnen Faser haften und nicht oben drauf mit einer harten Tr\u00e4gerschicht aufgeb\u00fcgelt werden. Die Farbpigmente sind somit ein Teil des Stoffes und werden nicht aufgeklebt wie z.B. beim Plotterverfahren \u00fcblich. Die HALTBARKEIT ist durch das direkte Eindampfen der Farbe in das Material mit keiner andere Methode vergleichbar!<\/p>\n<p>Der Sublimationddruck verliert sich bei unz\u00e4hligen hei\u00dfen W\u00e4schen nie an Brillanz. Die UV- und Farbbest\u00e4ndigkeit sucht seinesgleichen. Der wirklich unschlagbare Vorteil des Sublimationdruckverfahren liegt jedoch in dem unerreichbaren Tragekomfort! Besonders Leistungssportler werden es zu sch\u00e4tzen wissen das die Nummer, das Sponsorlogo oder Vereinswappen weder sp\u00fcrbar ist, noch das Gewicht der Bekleidung erh\u00f6ht.<\/p>\n<p>Die Atmungsaktivit\u00e4t wird nicht wie bei Plotterfolien \u00fcblich eingeschr\u00e4nkt. Auch bei sehr gro\u00dfen Dr\u00fccken wird der Stoff nicht steif und beh\u00e4lt seine urspr\u00fcnglichen positiven Eigenschaften. Gerade f\u00fcr Fussballer und andere Ausdauerathleten besteht nicht die Gefahr sich wund zu scheuern.<\/p>\n<p><strong>Auch die \u00d6kobilanz kann dich sehen lassen da keine Binde- und L\u00f6sungsmittel ben\u00f6tigt werden.<\/strong><\/p>\n<p>Die Empfehlung wenn der Tragkomfort und Haltbarkeit im Vordergrund stehen. Die Atmungsaktivit\u00e4t ist unerrreicht und somit f\u00fcr den Leistungssport besser geeignet als herk\u00f6mmlich Druckverfahren wie Plotterflock oder Plotterfolien.<\/p>\n<p>Wir m\u00f6chten Euch das beste Produkt zum fairsten Preis bieten. So garantieren wir nachhaltige Produkte, die auf h\u00f6chstem Niveau produziert werden. Von der Bearbeitung der Vorlage \u00fcber die Auswahl der entsprechenden Techniken (Sublimation, Siebdruck, Direktflock) bis hin zum eigentlichen Bearbeiten der entsprechenden Fussballtextilien sind wir mit Sorgfalt und Kompetenz der verl\u00e4ssliche Partner. Die Bearbeitung Ihrer Auftr\u00e4ge wird mit modernsten Maschinen und gut qualifizierten Mitarbeitern ausgef\u00fchrt.<\/p>\n<p>Wir bieten euch nicht nur Handballtrikots, Fussbaltrikots, Volleyballtrikots oder Basketballtrikot mit Sublimationsdruck in eurem individuellem Design sondern bieten euch auch subliemierte Tanks zum Beachvolleyball, Laufen, Basektball, Beachhandball oder der Leichtathletik.<\/p>\n<p>Profitieren auch ihr von unserer Sorgfalt, Kompetenz und pers\u00f6nlichen Beratung sowie Betreuung, um genau das zu erreichen.<\/p>\n<p>Testen Sie uns einfach!<\/p>\n<p>&nbsp;<\/p>\n","protected":false},"excerpt":{"rendered":"<p><strong>Kinder Short LSV inklusive 1874 Logo<br \/>\n<\/strong><\/p>\n<p>Diese weichen HMLGO COTTON BERMUDA SHORTS sind bequem und l\u00e4ssig. Das Mischgewebe bietet W\u00e4rme und Feuchtigkeitsabsorption f\u00fcr leichte \u00dcbungen und Aktivit\u00e4ten. Der Kordelzug an den hummel\u00ae Shorts sichert die Passform zwischen den Gr\u00f6\u00dfen. Unsere charakteristischen Chevrons verleihen diesen ansonsten einfachen Shorts einen Hauch von Flair. Aufdruck des Gr\u00fcndungsjahr auf dem rechten Bein.\u00a0 Art 204053 UVP 29,99 + Druckkosten. Ware die individuell f\u00fcr euch veredelt wird (also z.B. mit Spielernamen, Nummern, Sponsorenlogos, Vereinswappen, Initalien, etc bedruckt\/beflockt wird) gilt als Sonderanfertigung und ist von einem Umtausch leider ausgeschlossen.<\/p>\n<p>FB 2001= schwarz\/bordo<\/p>\n<p>FB 2006=grau\/bordo<\/p>\n<p>&nbsp;<\/p>\n<p>Gr\u00f6\u00dfe\u00a0 116 &#8211; 176<\/p>\n<p>Lieferzeit: ca 10 &#8211; 20 Tage<\/p>\n<p>&nbsp;<\/p>\n<table border=\"1\" cellspacing=\"0\" cellpadding=\"0\">\n<tbody>\n<tr>\n<td><strong>Menge<\/strong><\/td>\n<td><strong>Preis<\/strong><\/td>\n<\/tr>\n<tr>\n<td>1 &#8211; 4<\/td>\n<td>29,99 \u20ac<\/td>\n<\/tr>\n<tr>\n<td>5 &#8211; 19<\/td>\n<td>25,99 \u20ac<\/td>\n<\/tr>\n<tr>\n<td>20-50<\/td>\n<td>24,99 \u20ac<\/td>\n<\/tr>\n<\/tbody>\n<\/table>\n<p>&nbsp;<\/p>\n","protected":false},"featured_media":1328,"template":"","meta":[],"product_brand":[],"product_cat":[222,307],"product_tag":[],"class_list":{"0":"post-1332","1":"product","2":"type-product","3":"status-publish","4":"has-post-thumbnail","6":"product_cat-lehrter-sv","7":"product_cat-teamline-1874","8":"description-off","10":"first","11":"instock","12":"sale","13":"taxable","14":"shipping-taxable","15":"purchasable","16":"product-type-variable"},"_links":{"self":[{"href":"https:\/\/sport-goslar.de\/verein-shop\/wp-json\/wp\/v2\/product\/1332","targetHints":{"allow":["GET"]}}],"collection":[{"href":"https:\/\/sport-goslar.de\/verein-shop\/wp-json\/wp\/v2\/product"}],"about":[{"href":"https:\/\/sport-goslar.de\/verein-shop\/wp-json\/wp\/v2\/types\/product"}],"wp:featuredmedia":[{"embeddable":true,"href":"https:\/\/sport-goslar.de\/verein-shop\/wp-json\/wp\/v2\/media\/1328"}],"wp:attachment":[{"href":"https:\/\/sport-goslar.de\/verein-shop\/wp-json\/wp\/v2\/media?parent=1332"}],"wp:term":[{"taxonomy":"product_brand","embeddable":true,"href":"https:\/\/sport-goslar.de\/verein-shop\/wp-json\/wp\/v2\/product_brand?post=1332"},{"taxonomy":"product_cat","embeddable":true,"href":"https:\/\/sport-goslar.de\/verein-shop\/wp-json\/wp\/v2\/product_cat?post=1332"},{"taxonomy":"product_tag","embeddable":true,"href":"https:\/\/sport-goslar.de\/verein-shop\/wp-json\/wp\/v2\/product_tag?post=1332"}],"curies":[{"name":"wp","href":"https:\/\/api.w.org\/{rel}","templated":true}]}}