{"id":1330,"date":"2021-04-16T16:08:25","date_gmt":"2021-04-16T14:08:25","guid":{"rendered":"https:\/\/sport-goslar.de\/verein-shop\/?post_type=product&#038;p=1330"},"modified":"2024-05-10T12:47:43","modified_gmt":"2024-05-10T10:47:43","slug":"hml-go-cotton-short-damen-lsv-inklusive-1874","status":"publish","type":"product","link":"https:\/\/sport-goslar.de\/verein-shop\/produkt\/hml-go-cotton-short-damen-lsv-inklusive-1874\/","title":{"rendered":"HML Go Cotton Short Damen LSV inklusive 1874"},"content":{"rendered":"<p>Hey Lehrter Sport Verein,<\/p>\n<p>seid ihr schon auf unseren abgefahrenen <strong>Onlineshop f\u00fcr den Lehrter SV<\/strong> gesto\u00dfen?<\/p>\n<p>Wir sind mega stolz darauf, euch die M\u00f6glichkeit zu geben, eure Vereinskollektion online zu rocken und die hei\u00dfesten Produkte f\u00fcr euer Team abzusahnen. Aber checkt das: Unser Shop wurde nicht nur f\u00fcr den <strong>Lehrter Sport Verein <\/strong>gemacht, wir k\u00f6nnen auch f\u00fcr andere Vereine ma\u00dfgeschneiderte Shops zaubern! Unser Team steht in den Startl\u00f6chern, um euren Verein oder euer Team pers\u00f6nlich zu beraten und den geilsten Onlineshop ever zu kreieren.<\/p>\n<p>&nbsp;<\/p>\n<p>Textildruck auf Trolleys oder Taschen? Nummern oder Initalien auf deinen Shirts oder Hosen?<\/p>\n<p>Professionelle Ausr\u00fcstung f\u00fcr deinen Verein oder die Mannschaft. Faire Preise und hochwertige Beflockungen sorgen f\u00fcr den perfekten Auftritt deines Teams. Mehrfarbige Sponsorenlogos in hochwertigem Digitaldruck oder auch als Stickerei oder 3D Logo. Wir verarbeiten keine billigen Plotterfolien die nach ein paar W\u00e4schen einrei\u00dfen oder abl\u00f6sen. Als Ausstatter vieler Vereine und zahlreicher Landesverb\u00e4nde sind wir dein zuverl\u00e4ssiger und kompetenter Partner.<\/p>\n<p>Wir sind offizieller Ausstatter des Nieders\u00e4chsichen Leichtathletik Verbandes, des Landesschwimmverband Niedersachsen, des Nieders\u00e4chsischen Sportsch\u00fctzenverbandes, des Squashverband Niedersachsen sowie des Triathlon Verband Niedersachsen mit insgesamt 275.148 Mitgliedern aus 2909 angeschlossenen Vereinen.<\/p>\n<p>Jetzt neu bei uns: Trikots im Eigendesign bereits ab 19,99! Diese hochwertigen Trikots k\u00f6nnt ihr komplett selbst frei ganz nach euren W\u00fcnschen gestalten! Farbe und Design der Trikots und der dazu passende Hosen und Stutzen sind v\u00f6llig frei w\u00e4hlbar. So ergeben sich tausende M\u00f6glichkeiten. Der Sublimationsdruck hat eine unglaubliche Randsch\u00e4rfe und eine hohe Farbgenauigkeit sogar Farbverl\u00e4ufe sowie fotorealistische Druckergebnisse sind machbar. Vereinswappen, Sponsorenlogos und Hintergrundbilder k\u00f6nnen bis zum Rand gedruckt werden. Beim Sublimationsdruckverfahren gelangt die Farbe direkt in die Faser. In den Preisen sind bereits ALLE Druckkosten f\u00fcr Vereinslogo, Sponsorenaufdruck &amp; Trikotnummer sowie Vereins- und Spielernamen enthalten. Und das Beste; ihr bestimmt ob wir in Europa oder Asien produzieren !!!<br \/>\nEndlich das eigene Vereinstrikot f\u00fcr dich und dein Team \u2013 euer individuelles OUTFIT:<\/p>\n<p>Wir m\u00f6chten Euch das beste Produkt zum fairsten Preis bieten. So garantieren wir nachhaltige Produkte, die auf h\u00f6chstem Niveau produziert werden. Von der Bearbeitung der Vorlage \u00fcber die Auswahl der entsprechenden Techniken (Sublimation, Druck, Flock) bis hin zum eigentlichen Bearbeiten der entsprechenden Textilien sind wir mit Sorgfalt und Kompetenz Euer verl\u00e4sslicher Partner in Niedersachsen. Die Bearbeitung Euer Auftr\u00e4ge wird mit modernsten Maschinen und gut qualifizierten Mitarbeitern ausgef\u00fchrt.<\/p>\n<p>Wir bieten euch nicht nur Handballtrikots, Fussbaltrikots, Volleyballtrikots oder Basketballtrikot mit Sublimationsdruck in eurem individuellem Design sondern bieten euch auch subliemierte Tanks zum Beachvolleyball, Laufen, Basektball, Beachhandball oder der Leichtathletik.<\/p>\n<p>Testet uns einfach!<\/p>\n","protected":false},"excerpt":{"rendered":"<p><strong>Damen Short LSV inklusive 1874 Logo<br \/>\n<\/strong><\/p>\n<p>Diese weichen HMLGO COTTON BERMUDA SHORTS sind bequem und l\u00e4ssig. Das Mischgewebe bietet W\u00e4rme und Feuchtigkeitsabsorption f\u00fcr leichte \u00dcbungen und Aktivit\u00e4ten. Der Kordelzug an den hummel\u00ae Shorts sichert die Passform zwischen den Gr\u00f6\u00dfen. Unsere charakteristischen Chevrons verleihen diesen ansonsten einfachen Shorts einen Hauch von Flair. Aufdruck des Gr\u00fcndungsjahr auf dem rechten Bein. Damenschnitt\u00a0 Art 203532 UVP 34,99 + Druckkosten.Ware die invividuell f\u00fcr euch veredelt wird (also z.B. mit Spielernamen, Nummern, Sponsorenlogos, Vereinswappen, Initalien, etc bedruckt\/beflockt wird) gilt als Sonderanfertigung und ist von einem Umtausch leider ausgeschlossen.<\/p>\n<p>FB 2001= schwarz\/bordo<\/p>\n<p>FB 2006=grau\/bordo<\/p>\n<p>&nbsp;<\/p>\n<p>Gr\u00f6\u00dfe\u00a0 XS &#8211; 2XL<\/p>\n<p>Lieferzeit: ca 10 &#8211; 20 Tage<\/p>\n<p>&nbsp;<\/p>\n<table border=\"1\" cellspacing=\"0\" cellpadding=\"0\">\n<tbody>\n<tr>\n<td><strong>Menge<\/strong><\/td>\n<td><strong>Preis<\/strong><\/td>\n<\/tr>\n<tr>\n<td>1 &#8211; 4<\/td>\n<td>32,99 \u20ac<\/td>\n<\/tr>\n<tr>\n<td>5 &#8211; 9<\/td>\n<td>28,99 \u20ac<\/td>\n<\/tr>\n<tr>\n<td>10-50<\/td>\n<td>27,99 \u20ac<\/td>\n<\/tr>\n<\/tbody>\n<\/table>\n<p>&nbsp;<\/p>\n","protected":false},"featured_media":1329,"template":"","meta":[],"product_brand":[],"product_cat":[222,307],"product_tag":[],"class_list":{"0":"post-1330","1":"product","2":"type-product","3":"status-publish","4":"has-post-thumbnail","6":"product_cat-lehrter-sv","7":"product_cat-teamline-1874","8":"description-off","10":"first","11":"instock","12":"sale","13":"taxable","14":"shipping-taxable","15":"purchasable","16":"product-type-variable"},"_links":{"self":[{"href":"https:\/\/sport-goslar.de\/verein-shop\/wp-json\/wp\/v2\/product\/1330","targetHints":{"allow":["GET"]}}],"collection":[{"href":"https:\/\/sport-goslar.de\/verein-shop\/wp-json\/wp\/v2\/product"}],"about":[{"href":"https:\/\/sport-goslar.de\/verein-shop\/wp-json\/wp\/v2\/types\/product"}],"wp:featuredmedia":[{"embeddable":true,"href":"https:\/\/sport-goslar.de\/verein-shop\/wp-json\/wp\/v2\/media\/1329"}],"wp:attachment":[{"href":"https:\/\/sport-goslar.de\/verein-shop\/wp-json\/wp\/v2\/media?parent=1330"}],"wp:term":[{"taxonomy":"product_brand","embeddable":true,"href":"https:\/\/sport-goslar.de\/verein-shop\/wp-json\/wp\/v2\/product_brand?post=1330"},{"taxonomy":"product_cat","embeddable":true,"href":"https:\/\/sport-goslar.de\/verein-shop\/wp-json\/wp\/v2\/product_cat?post=1330"},{"taxonomy":"product_tag","embeddable":true,"href":"https:\/\/sport-goslar.de\/verein-shop\/wp-json\/wp\/v2\/product_tag?post=1330"}],"curies":[{"name":"wp","href":"https:\/\/api.w.org\/{rel}","templated":true}]}}