{"id":1326,"date":"2021-04-16T15:52:05","date_gmt":"2021-04-16T13:52:05","guid":{"rendered":"https:\/\/sport-goslar.de\/verein-shop\/?post_type=product&#038;p=1326"},"modified":"2024-05-10T12:49:04","modified_gmt":"2024-05-10T10:49:04","slug":"hml-go-cotton-short-herren-lsv-inklusive-1874","status":"publish","type":"product","link":"https:\/\/sport-goslar.de\/verein-shop\/produkt\/hml-go-cotton-short-herren-lsv-inklusive-1874\/","title":{"rendered":"HML Go Cotton Short Herren LSV inklusive 1874"},"content":{"rendered":"<p>Na, ihr Sportskanonen und LSV-Mitgleider,<\/p>\n<p>habt ihr schon unsere hippe Onlinebude f\u00fcr den <strong>Lehrter Sport Verein<\/strong> entdeckt?<\/p>\n<p>Wir sind ja so stolz, euch die M\u00f6glichkeit zu bieten, eure Vereinskollektion online zu pr\u00e4sentieren und die absoluten Must-haves f\u00fcr euer Team zu ergattern. Aber mal ehrlich, das gilt doch nicht nur f\u00fcr den <strong>Lehrter SV<\/strong>, oder? Wir k\u00f6nnen doch auch f\u00fcr alle anderen Vereine einen ma\u00dfgeschneiderten Shop aus dem \u00c4rmel sch\u00fctteln! Unser Team steht bereit, um euch pers\u00f6nlich zu beraten und den krassen Onlineshop eurer Tr\u00e4ume zu bauen.<\/p>\n<p>&nbsp;<\/p>\n<p>Sportsocken mit Vereinswappen oder Sponsorenlogo?<\/p>\n<p>Gern sind wir auch bei der Veredelung\/Beflockung und dem Layout von Mannschafts- oder auch Berufsbekleidung behilflich. Wir verarbeiten keine billigen Plotterfolien die nach ein paar W\u00e4schen einrei\u00dfen oder abl\u00f6sen. Als Ausstatter vieler Vereine und zahlreicher Landesverb\u00e4nde sind wir dein zuverl\u00e4ssiger und kompetenter Partner.<\/p>\n<p>Wir sind als offizieller Ausstatter des Nieders\u00e4chsichen Leichtathletik Verbandes, Squashverband Niedersachsen, des Nieders\u00e4chsischen Sportsch\u00fctzenverbandes, Landesschwimmverband Niedersachsen sowie des Triathlon Verband Niedersachsen mit insgesamt 275.148 Mitgliedern aus 2909 angeschlossenen Vereinen <strong>der Teamsportspezalist in Niedersachsen<\/strong>.<\/p>\n<p>Wir freuen uns auf Eure Anfrage!<\/p>\n","protected":false},"excerpt":{"rendered":"<p><strong>Herren Short LSV inklusive 1874 Logo<br \/>\n<\/strong><\/p>\n<p>Diese weichen HMLGO COTTON BERMUDA SHORTS sind bequem und l\u00e4ssig. Das Mischgewebe bietet W\u00e4rme und Feuchtigkeitsabsorption f\u00fcr leichte \u00dcbungen und Aktivit\u00e4ten. Der Kordelzug an den hummel\u00ae Shorts sichert die Passform zwischen den Gr\u00f6\u00dfen. Unsere charakteristischen Chevrons verleihen diesen ansonsten einfachen Shorts einen Hauch von Flair. Aufdruck des Gr\u00fcndungsjahr auf dem rechten Bein. Unisexschnitt\u00a0 Art 203533 UVP 34,95 + Druckkosten.Ware die invividuell f\u00fcr euch veredelt wird (also z.B. mit Spielernamen, Nummern, Sponsorenlogos, Vereinswappen, Initalien, etc bedruckt\/beflockt wird) gilt als Sonderanfertigung und ist von einem Umtausch leider ausgeschlossen.<\/p>\n<p>FB 2001= schwarz\/bordo<\/p>\n<p>FB 2006=grau\/bordo<\/p>\n<p>&nbsp;<\/p>\n<p>Gr\u00f6\u00dfe\u00a0 S &#8211; 3XL<\/p>\n<p>Lieferzeit: ca 10 &#8211; 20 Tage<\/p>\n<p>&nbsp;<\/p>\n<table border=\"1\" cellspacing=\"0\" cellpadding=\"0\">\n<tbody>\n<tr>\n<td><strong>Menge<\/strong><\/td>\n<td><strong>Preis<\/strong><\/td>\n<\/tr>\n<tr>\n<td>1 &#8211; 4<\/td>\n<td>32,99 \u20ac<\/td>\n<\/tr>\n<tr>\n<td>5 &#8211; 9<\/td>\n<td>28,99 \u20ac<\/td>\n<\/tr>\n<tr>\n<td>10-50<\/td>\n<td>27,99 \u20ac<\/td>\n<\/tr>\n<\/tbody>\n<\/table>\n<p>&nbsp;<\/p>\n<p>&nbsp;<\/p>\n","protected":false},"featured_media":1328,"template":"","meta":[],"product_brand":[],"product_cat":[222,307],"product_tag":[],"class_list":{"0":"post-1326","1":"product","2":"type-product","3":"status-publish","4":"has-post-thumbnail","6":"product_cat-lehrter-sv","7":"product_cat-teamline-1874","8":"description-off","10":"first","11":"instock","12":"sale","13":"taxable","14":"shipping-taxable","15":"purchasable","16":"product-type-variable"},"_links":{"self":[{"href":"https:\/\/sport-goslar.de\/verein-shop\/wp-json\/wp\/v2\/product\/1326","targetHints":{"allow":["GET"]}}],"collection":[{"href":"https:\/\/sport-goslar.de\/verein-shop\/wp-json\/wp\/v2\/product"}],"about":[{"href":"https:\/\/sport-goslar.de\/verein-shop\/wp-json\/wp\/v2\/types\/product"}],"wp:featuredmedia":[{"embeddable":true,"href":"https:\/\/sport-goslar.de\/verein-shop\/wp-json\/wp\/v2\/media\/1328"}],"wp:attachment":[{"href":"https:\/\/sport-goslar.de\/verein-shop\/wp-json\/wp\/v2\/media?parent=1326"}],"wp:term":[{"taxonomy":"product_brand","embeddable":true,"href":"https:\/\/sport-goslar.de\/verein-shop\/wp-json\/wp\/v2\/product_brand?post=1326"},{"taxonomy":"product_cat","embeddable":true,"href":"https:\/\/sport-goslar.de\/verein-shop\/wp-json\/wp\/v2\/product_cat?post=1326"},{"taxonomy":"product_tag","embeddable":true,"href":"https:\/\/sport-goslar.de\/verein-shop\/wp-json\/wp\/v2\/product_tag?post=1326"}],"curies":[{"name":"wp","href":"https:\/\/api.w.org\/{rel}","templated":true}]}}