{"id":1324,"date":"2021-04-16T15:47:06","date_gmt":"2021-04-16T13:47:06","guid":{"rendered":"https:\/\/sport-goslar.de\/verein-shop\/?post_type=product&#038;p=1324"},"modified":"2024-05-10T12:50:37","modified_gmt":"2024-05-10T10:50:37","slug":"hml-cotton-tee-kinder-lsv-inklusive-1874","status":"publish","type":"product","link":"https:\/\/sport-goslar.de\/verein-shop\/produkt\/hml-cotton-tee-kinder-lsv-inklusive-1874\/","title":{"rendered":"HML Cotton Tee Kinder LSV inklusive 1874"},"content":{"rendered":"<p>Hall\u00f6chen Sportsfreunde und LSV Vereinsnasen! Habt ihr schon unseren genialen <strong>Onlineshop f\u00fcr den Lehrter SV<\/strong> entdeckt?<\/p>\n<p>Wir sind total aus dem H\u00e4uschen, euch die Chance zu geben, eure Vereinskollektion online zu pr\u00e4sentieren und die besten Schn\u00e4ppchen f\u00fcr euer Team zu machen.<\/p>\n<p>Und mal so unter uns: Das gilt doch nicht nur f\u00fcr den <strong>Lehrter Sport Verein<\/strong>, oder? Wir k\u00f6nnen auch f\u00fcr alle anderen Vereine einen individuellen Shop aus dem Boden stampfen! Unser Team steht in den Startl\u00f6chern, um euch pers\u00f6nlich zu beraten und den ultimativen Onlineshop zu zimmern.<\/p>\n<p>&nbsp;<\/p>\n<p>Ihr ben\u00f6tigt einheitliche Handballbekleidung f\u00fcr eurer Team, f\u00fcr den Arbeitsalltag, einen Messeauftritt oder eine Veranstaltung? Dann seid ihr bei uns genau richtig.<\/p>\n<p>Als Ausstatter vieler Namenhafter Firmen, Vereinen und Landesverb\u00e4nde sind wir der Spezialist f\u00fcr schicke Firmenkleidung und stylische Corporate Fashion hochwertige Teamwear welche wir mit Ihrem Logo bedrucken oder besticken. Als Ihr starker Partner f\u00fcr individuelle Textilveredelung beraten wir Sie pers\u00f6nlich und kompetent. WIR mischen euch JEDE Farbe! Unser hochwertiger Direktflock oder Siebdruck ist sogar bei 60\u00b0 waschbar. Wir verarbeiten keine billigen Plotterfolien die nach ein paar W\u00e4schen einrei\u00dfen oder abl\u00f6sen.<\/p>\n<p>Als offizieller Ausstatter des Landesschwimmverband Niedersachsen, des Nieders\u00e4chsischen Sportsch\u00fctzenverbands, des Squashverband Niedersachsen, des Triathlon Verband Niedersachsen sowie des Nieders\u00e4chsischen Leichtathletikverbandes steht das Lehrter Sporthaus insgesamt 275.148 Mitgliedern aus 2909 angeschlossenen Vereinen als Teamsportexperte zu Seite.<\/p>\n<p>Wir sind euer Textildruck Spezialist in Lehrte!<\/p>\n","protected":false},"excerpt":{"rendered":"<p><strong>HML T-Shirt Kinder LSV inklusive 1874<\/strong><\/p>\n<div class=\"attributes d-flex flex-column pl-0 pr-0\">\n<div class=\"product-detail-secondary-content\">\n<p>Das hummel\u00ae HMLGO COTTON T-SHIRT S \/ S aus weicher Baumwolle mit \u00c4rmel-Chevrons und dezentem Logo-Print vereint die heilige Dreifaltigkeit der Fashion S &#8211; sportlich, stylish und super-bequem. Vereinwappen auf der Brust und Gr\u00fcndungsjahr auf dem R\u00fccken.Art.203567 UVP 17,95 + Druckkosten.Ware die invividuell f\u00fcr euch veredelt wird (also z.B. mit Spielernamen, Nummern, Sponsorenlogos, Vereinswappen, Initalien, etc bedruckt\/beflockt wird) gilt als Sonderanfertigung und ist von einem Umtausch leider ausgeschlossen.<\/p>\n<\/div>\n<\/div>\n<p>FB 2006=grau\/bordo<\/p>\n<p>FB 2001=schwarz\/wei\u00df<\/p>\n<p>FB 9001=wei\u00df\/bordo<\/p>\n<p>Gr\u00f6\u00dfe\u00a0 116 &#8211; 176<\/p>\n<p>Lieferzeit: ca 10 &#8211; 20 Tage<\/p>\n<p>&nbsp;<\/p>\n<table border=\"1\" cellspacing=\"0\" cellpadding=\"0\">\n<tbody>\n<tr>\n<td><strong>Menge<\/strong><\/td>\n<td><strong>Preis<\/strong><\/td>\n<\/tr>\n<tr>\n<td>1 &#8211; 4<\/td>\n<td>29,99 \u20ac<\/td>\n<\/tr>\n<tr>\n<td>5 &#8211; 19<\/td>\n<td>26,99 \u20ac<\/td>\n<\/tr>\n<tr>\n<td>20-50<\/td>\n<td>25,99 \u20ac<\/td>\n<\/tr>\n<\/tbody>\n<\/table>\n<p>&nbsp;<\/p>\n","protected":false},"featured_media":1321,"template":"","meta":[],"product_brand":[],"product_cat":[222,307],"product_tag":[],"class_list":{"0":"post-1324","1":"product","2":"type-product","3":"status-publish","4":"has-post-thumbnail","6":"product_cat-lehrter-sv","7":"product_cat-teamline-1874","8":"description-off","10":"first","11":"instock","12":"sale","13":"taxable","14":"shipping-taxable","15":"purchasable","16":"product-type-variable"},"_links":{"self":[{"href":"https:\/\/sport-goslar.de\/verein-shop\/wp-json\/wp\/v2\/product\/1324","targetHints":{"allow":["GET"]}}],"collection":[{"href":"https:\/\/sport-goslar.de\/verein-shop\/wp-json\/wp\/v2\/product"}],"about":[{"href":"https:\/\/sport-goslar.de\/verein-shop\/wp-json\/wp\/v2\/types\/product"}],"wp:featuredmedia":[{"embeddable":true,"href":"https:\/\/sport-goslar.de\/verein-shop\/wp-json\/wp\/v2\/media\/1321"}],"wp:attachment":[{"href":"https:\/\/sport-goslar.de\/verein-shop\/wp-json\/wp\/v2\/media?parent=1324"}],"wp:term":[{"taxonomy":"product_brand","embeddable":true,"href":"https:\/\/sport-goslar.de\/verein-shop\/wp-json\/wp\/v2\/product_brand?post=1324"},{"taxonomy":"product_cat","embeddable":true,"href":"https:\/\/sport-goslar.de\/verein-shop\/wp-json\/wp\/v2\/product_cat?post=1324"},{"taxonomy":"product_tag","embeddable":true,"href":"https:\/\/sport-goslar.de\/verein-shop\/wp-json\/wp\/v2\/product_tag?post=1324"}],"curies":[{"name":"wp","href":"https:\/\/api.w.org\/{rel}","templated":true}]}}