{"id":1314,"date":"2021-04-16T15:23:28","date_gmt":"2021-04-16T13:23:28","guid":{"rendered":"https:\/\/sport-goslar.de\/verein-shop\/?post_type=product&#038;p=1314"},"modified":"2024-05-10T12:55:50","modified_gmt":"2024-05-10T10:55:50","slug":"hml-core-tight-kinder-lsv-inklusive-1874","status":"publish","type":"product","link":"https:\/\/sport-goslar.de\/verein-shop\/produkt\/hml-core-tight-kinder-lsv-inklusive-1874\/","title":{"rendered":"HML Core XK Tight Kinder LSV inklusive 1874"},"content":{"rendered":"<p>Hey Leute, habt ihr schon unseren coolen Onlineshop f\u00fcr den Lehrter SV entdeckt? Wir sind richtig begeistert, euch die M\u00f6glichkeit zu geben, eure Vereinskollektion online zu zeigen und die besten Sachen f\u00fcr euer Team zu finden. Und wisst ihr was? Das gilt nicht nur f\u00fcr uns, sondern wir k\u00f6nnen auch f\u00fcr andere Vereine individuelle Shops machen! Unser Team steht bereit, um euch pers\u00f6nlich zu beraten und den perfekten Shop f\u00fcr euer Team zu erstellen.<\/p>\n<p>&nbsp;<\/p>\n<p>Sponsorenlogos, Vereinswappen- oder Grafik auf deine Teamausstattung?<\/p>\n<p>Wir sind der Spezialist f\u00fcr Textildruck, Sublimation, Werbedruck, 3D-Logos, Werbebeflockungen, Sublimationsdruck, Stickereien, Siebdruck, Plotterflock, Digiflexdruck, Digitaldruck, Direktflock, Werbedruck, Digitaldruck, Direktdruck und Stick. Von der Vorlagenerstellung bis hin zur fertigen Vereinkollektion sind wir der Partner an Eurer Seite. Verlasst Euch drauf!!<\/p>\n<p>&nbsp;<\/p>\n<p>Wir achten auf langlebige Produkte mit einer langen verf\u00fcgbarkeit. Wir m\u00f6chten ihnen das beste Produkt zum fairsten Preis bieten. So garantieren wir nachhaltige Produkte, die auf h\u00f6chstem Niveau produziert werden. Von der Bearbeitung der Vorlage \u00fcber die Auswahl der entsprechenden Techniken (Sublimation, Druck, Flock) bis hin zum eigentlichen Bearbeiten der entsprechenden Textilien sind wir mit Sorgfalt und Kompetenz Ihr verl\u00e4sslicher Partner. Die Bearbeitung Ihrer Auftr\u00e4ge wird mit modernsten Maschinen und gut qualifizierten Mitarbeitern ausgef\u00fchrt.<\/p>\n<p>&nbsp;<\/p>\n<p>Als offizieller Ausstatter namenhafter Firmen, Vereine und Landesverb\u00e4nden wie z.B.dem Nieders\u00e4chsischen Leichtathletik Verband, Triathlon Verband Niedersachsen, Landesschwimmverband Niedersachsen oder auch dem Nieders\u00e4chsichsen Sportsch\u00fctzen Verband sind wir der Hummel Spezialist in Niedersachsen!<\/p>\n","protected":false},"excerpt":{"rendered":"<p><strong>Kinder Tight LSV inklusive 1874 Logo<br \/>\n<\/strong><\/p>\n<p>Bleiben Sie warm und trocken mit den CORE XK TIGHTS Kids. Ob in Kombination oder f\u00fcr sich selbst, diese hummel\u00ae Leggins wird ein wesentlicher Bestandteil Ihrer Trainingsgarderobe sein. Dezente Designdetails sind das Hummel Logo auf der H\u00fcfte und zwei Chevrons am Kn\u00f6chel.. Aufdruck des Gr\u00fcndungsjahr auf dem rechten Bein.\u00a0 Art 215642 UVP 29,95 + Druckkosten.Ware die invividuell f\u00fcr euch veredelt wird (also z.B. mit Spielernamen, Nummern, Sponsorenlogos, Vereinswappen, Initalien, etc bedruckt\/beflockt wird) gilt als Sonderanfertigung und ist von einem Umtausch leider ausgeschlossen.<\/p>\n<p>FB 2001= schwarz\/wei\u00df<\/p>\n<p>Gr\u00f6\u00dfe\u00a0 116 &#8211; 176<\/p>\n<p>Lieferzeit: ca 10 &#8211; 20 Tage<\/p>\n<p>&nbsp;<\/p>\n<table border=\"1\" cellspacing=\"0\" cellpadding=\"0\">\n<tbody>\n<tr>\n<td><strong>Menge<\/strong><\/td>\n<td><strong>Preis<\/strong><\/td>\n<\/tr>\n<tr>\n<td>1 &#8211; 4<\/td>\n<td>29,99 \u20ac<\/td>\n<\/tr>\n<tr>\n<td>5 &#8211; 19<\/td>\n<td>24,99 \u20ac<\/td>\n<\/tr>\n<tr>\n<td>20-50<\/td>\n<td>23,99 \u20ac<\/td>\n<\/tr>\n<\/tbody>\n<\/table>\n<p>&nbsp;<\/p>\n","protected":false},"featured_media":1313,"template":"","meta":[],"product_brand":[],"product_cat":[222,307],"product_tag":[],"class_list":{"0":"post-1314","1":"product","2":"type-product","3":"status-publish","4":"has-post-thumbnail","6":"product_cat-lehrter-sv","7":"product_cat-teamline-1874","8":"description-off","10":"first","11":"instock","12":"sale","13":"taxable","14":"shipping-taxable","15":"purchasable","16":"product-type-variable"},"_links":{"self":[{"href":"https:\/\/sport-goslar.de\/verein-shop\/wp-json\/wp\/v2\/product\/1314","targetHints":{"allow":["GET"]}}],"collection":[{"href":"https:\/\/sport-goslar.de\/verein-shop\/wp-json\/wp\/v2\/product"}],"about":[{"href":"https:\/\/sport-goslar.de\/verein-shop\/wp-json\/wp\/v2\/types\/product"}],"wp:featuredmedia":[{"embeddable":true,"href":"https:\/\/sport-goslar.de\/verein-shop\/wp-json\/wp\/v2\/media\/1313"}],"wp:attachment":[{"href":"https:\/\/sport-goslar.de\/verein-shop\/wp-json\/wp\/v2\/media?parent=1314"}],"wp:term":[{"taxonomy":"product_brand","embeddable":true,"href":"https:\/\/sport-goslar.de\/verein-shop\/wp-json\/wp\/v2\/product_brand?post=1314"},{"taxonomy":"product_cat","embeddable":true,"href":"https:\/\/sport-goslar.de\/verein-shop\/wp-json\/wp\/v2\/product_cat?post=1314"},{"taxonomy":"product_tag","embeddable":true,"href":"https:\/\/sport-goslar.de\/verein-shop\/wp-json\/wp\/v2\/product_tag?post=1314"}],"curies":[{"name":"wp","href":"https:\/\/api.w.org\/{rel}","templated":true}]}}