{"id":1311,"date":"2021-04-16T15:16:01","date_gmt":"2021-04-16T13:16:01","guid":{"rendered":"https:\/\/sport-goslar.de\/verein-shop\/?post_type=product&#038;p=1311"},"modified":"2024-05-10T12:58:03","modified_gmt":"2024-05-10T10:58:03","slug":"hml-core-tight-damen-lsv-inklusive-1874","status":"publish","type":"product","link":"https:\/\/sport-goslar.de\/verein-shop\/produkt\/hml-core-tight-damen-lsv-inklusive-1874\/","title":{"rendered":"HML Core XK Tight Damen LSV inklusive 1874"},"content":{"rendered":"<p>Hey LSV Mitglieder,<\/p>\n<p>habt ihr schon unseren super praktischen <strong>Onlineshop f\u00fcr den Lehrter Sport Verein<\/strong> gesehen? Wir sind echt froh, dass wir euch die Chance geben k\u00f6nnen, eure Vereinskollektion online zu pr\u00e4sentieren und die besten Sachen f\u00fcr euer Team zu sichern. Und das Beste? Das ist nicht nur f\u00fcr uns, sondern wir k\u00f6nnen auch f\u00fcr andere Vereine individuelle Shops machen! Lasst uns zusammenarbeiten, um den perfekten Shop f\u00fcr euer Team zu kreieren.<\/p>\n<p>&nbsp;<\/p>\n<p>&nbsp;<\/p>\n<p>Vereinswappen- oder Firmenlogo auf Trainingsjacken oder Tights drucken?<\/p>\n<p>Gern sind wir bei der Veredelung\/Beflockung und dem Layout von Verein- oder auch Berufsbekleidung behilflich. Selbst Fu\u00dfb\u00e4lle mit Vereinslogo sind f\u00fcr uns kein Problem! Wir verarbeiten keine billigen Plotterfolien die nach ein paar W\u00e4schen einrei\u00dfen oder abl\u00f6sen.<\/p>\n<p>Wir m\u00f6chten Euch das beste Produkt zum fairsten Preis bieten. So garantieren wir nachhaltige Produkte, die auf h\u00f6chstem Niveau produziert werden. Von der Bearbeitung der Vorlage \u00fcber die Auswahl der entsprechenden Techniken (Sublimation, Druck, Flock) bis hin zum eigentlichen Bearbeiten der entsprechenden Textilien sind wir mit Sorgfalt und Kompetenz Ihr verl\u00e4sslicher Partner. Die Bearbeitung Eurer Auftr\u00e4ge wird mit modernsten Maschinen und gut qualifizierten Mitarbeitern ausgef\u00fchrt.<\/p>\n<p>Als offizieller Ausstatter namenhafter Firmen, Vereine und Landesverb\u00e4nden wie z.B.dem Nieders\u00e4chsischen Leichtathletik Verband, Triathlon Verband Niedersachsen, Squash Verband Niedersachsen, Landesschwimmverband Niedersachsen oder auch dem Nieders\u00e4chsichsen Sportsch\u00fctzen Verband sind wir der Hummel Fachh\u00e4ndler in Niedersachsen<\/p>\n<p>Profitiert auch Ihr von unserer Sorgfalt, Kompetenz und pers\u00f6nlichen Beratung sowie Betreuung, um eure Sportmannschaft proffesionell aufzustellen.<\/p>\n<p>Von der Vorlagenerstellung bis hin zur fertigen Vereinkollektion sind wir der Partner an Eurer Seite.<\/p>\n<p>&nbsp;<\/p>\n<p>Verlasst Euch drauf!<\/p>\n","protected":false},"excerpt":{"rendered":"<p><strong>Damen Tight LSV inklusive 1874 Logo<br \/>\n<\/strong><\/p>\n<p>Bleiben Sie warm und trocken mit den CORE TIGHTS WOMAN. Ob in Kombination oder f\u00fcr sich selbst, diese hummel\u00ae Leggins wird ein wesentlicher Bestandteil Ihrer Trainingsgarderobe sein. Dezente Designdetails sind das Hummel Logo auf der H\u00fcfte und zwei Chevrons am Kn\u00f6chel.. Aufdruck des Gr\u00fcndungsjahr auf dem rechten Bein. Damenschnittform\u00a0 Art 211471 UVP 34,95 + Druckkosten.Ware die invividuell f\u00fcr euch veredelt wird (also z.B. mit Spielernamen, Nummern, Sponsorenlogos, Vereinswappen, Initalien, etc bedruckt\/beflockt wird) gilt als Sonderanfertigung und ist von einem Umtausch leider ausgeschlossen.<\/p>\n<p>FB 2001= schwarz\/wei\u00df<\/p>\n<p>Gr\u00f6\u00dfe\u00a0 XS &#8211; 2XL<\/p>\n<p>Lieferzeit: ca 10 &#8211; 20 Tage<\/p>\n<p>&nbsp;<\/p>\n<table border=\"1\" cellspacing=\"0\" cellpadding=\"0\">\n<tbody>\n<tr>\n<td><strong>Menge<\/strong><\/td>\n<td><strong>Preis<\/strong><\/td>\n<\/tr>\n<tr>\n<td>1 &#8211; 4<\/td>\n<td>32,99 \u20ac<\/td>\n<\/tr>\n<tr>\n<td>5 &#8211; 19<\/td>\n<td>28,99 \u20ac<\/td>\n<\/tr>\n<tr>\n<td>20-50<\/td>\n<td>27,99 \u20ac<\/td>\n<\/tr>\n<\/tbody>\n<\/table>\n<p>&nbsp;<\/p>\n<p>&nbsp;<\/p>\n","protected":false},"featured_media":1313,"template":"","meta":[],"product_brand":[],"product_cat":[222,307],"product_tag":[],"class_list":{"0":"post-1311","1":"product","2":"type-product","3":"status-publish","4":"has-post-thumbnail","6":"product_cat-lehrter-sv","7":"product_cat-teamline-1874","8":"description-off","10":"first","11":"instock","12":"sale","13":"taxable","14":"shipping-taxable","15":"purchasable","16":"product-type-variable"},"_links":{"self":[{"href":"https:\/\/sport-goslar.de\/verein-shop\/wp-json\/wp\/v2\/product\/1311","targetHints":{"allow":["GET"]}}],"collection":[{"href":"https:\/\/sport-goslar.de\/verein-shop\/wp-json\/wp\/v2\/product"}],"about":[{"href":"https:\/\/sport-goslar.de\/verein-shop\/wp-json\/wp\/v2\/types\/product"}],"wp:featuredmedia":[{"embeddable":true,"href":"https:\/\/sport-goslar.de\/verein-shop\/wp-json\/wp\/v2\/media\/1313"}],"wp:attachment":[{"href":"https:\/\/sport-goslar.de\/verein-shop\/wp-json\/wp\/v2\/media?parent=1311"}],"wp:term":[{"taxonomy":"product_brand","embeddable":true,"href":"https:\/\/sport-goslar.de\/verein-shop\/wp-json\/wp\/v2\/product_brand?post=1311"},{"taxonomy":"product_cat","embeddable":true,"href":"https:\/\/sport-goslar.de\/verein-shop\/wp-json\/wp\/v2\/product_cat?post=1311"},{"taxonomy":"product_tag","embeddable":true,"href":"https:\/\/sport-goslar.de\/verein-shop\/wp-json\/wp\/v2\/product_tag?post=1311"}],"curies":[{"name":"wp","href":"https:\/\/api.w.org\/{rel}","templated":true}]}}