{"id":1309,"date":"2021-04-16T15:10:17","date_gmt":"2021-04-16T13:10:17","guid":{"rendered":"https:\/\/sport-goslar.de\/verein-shop\/?post_type=product&#038;p=1309"},"modified":"2024-05-10T12:46:03","modified_gmt":"2024-05-10T10:46:03","slug":"hml-cotton-zip-hoodie-kinder-lsv-inklusive-1874","status":"publish","type":"product","link":"https:\/\/sport-goslar.de\/verein-shop\/produkt\/hml-cotton-zip-hoodie-kinder-lsv-inklusive-1874\/","title":{"rendered":"HML Cotton Zip Hoodie Kinder LSV inklusive 1874"},"content":{"rendered":"<p>Hey LSV-Nachwuchstalente,<\/p>\n<p>habt ihr schon unseren super praktischen <strong>Onlineshop f\u00fcr den Lehrter SV<\/strong> gesehen?<\/p>\n<p>Wir sind echt froh, dass wir euch die Chance geben k\u00f6nnen, eure Vereinskollektion online zu pr\u00e4sentieren und die besten Sachen f\u00fcr euer Team zu sichern.<\/p>\n<p>Und das Beste? Das ist nicht nur f\u00fcr uns, sondern wir k\u00f6nnen auch f\u00fcr andere Vereine individuelle Shops machen! Lasst uns zusammenarbeiten, um den perfekten Shop f\u00fcr euer Team zu kreieren.<\/p>\n<p>&nbsp;<\/p>\n<p>Werbebeflockungen oder Textildruck auf eure Manschaftsbekleidung?<\/p>\n<p>Gern sind wir bei der Veredelung\/Beflockung und dem Layout von Vereins- oder auch Berufsbekleidung behilflich. Unsere Teamsportexperten beraten euch zu Drucktechniken und das Grafikteam findet f\u00fcr jedes Logo und jede Herausforderung die optimale L\u00f6sung. F\u00fcr Taschen empfehlen wir z.B. einen Direktflock oder Siebdruck der sich nicht abl\u00f6st oder einrei\u00dft!<\/p>\n<p>Als offizieller Ausstatter des Nieders\u00e4chsichen Leichtathletik Verbandes, des Nieders\u00e4chsischen Sportsch\u00fctzenverbandes, Landesschwimmverband Niedersachsen, des Squashverband Niedersachsen sowie des Triathlon Verband Niedersachsen mit insgesamt 275.148 Mitgliedern aus 2909 angeschlossenen Vereinen sind wir der kompetente Partner an eurer Seite.<\/p>\n<p>&nbsp;<\/p>\n<p>Sport Goslar steht f\u00fcr Leidenschaft, Fussballkompetenz und Menschen, die sich mit dem Familienunternehmen identifizieren. Kurz: f\u00fcr das Goslar-Wir-Gef\u00fchl seit 1898. Mit ungebrochener Leidenschaft f\u00fcr die Sportwelt ist Sport Goslar \u2013 auch auf den Onlineseiten \u2013 Euer kompetenter Ratgeber.<\/p>\n<p>&nbsp;<\/p>\n","protected":false},"excerpt":{"rendered":"<p><strong>HML Cotton Kapuzenjacke Kinder LSV inklusive 1874<\/strong><\/p>\n<div class=\"attributes d-flex flex-column pl-0 pr-0\">\n<div class=\"product-detail-secondary-content\">\n<p>Diese modische HMLGOCOTTON ZIP HOODIE hat alles &#8211; einen Roll-Top-Tunnelzugkragen, einen durchgehenden Rei\u00dfverschluss und sportliche Schulterpartien sowie ein subtil gedrucktes hummel\u00ae-Logo. Vereinwappen auf der Brust und Gr\u00fcndungsjahr auf dem R\u00fccken. Art.204231 UVP 49,99 + Druckkosten.Ware die invividuell f\u00fcr euch veredelt wird (also z.B. mit Spielernamen, Nummern, Sponsorenlogos, Vereinswappen, Initalien, etc bedruckt\/beflockt wird) gilt als Sonderanfertigung und ist von einem Umtausch leider ausgeschlossen.<\/p>\n<\/div>\n<\/div>\n<p>FB 2006=grau\/bordo<\/p>\n<p>FB 2001=schwarz\/wei\u00df<\/p>\n<p>FB 9001=wei\u00df\/bordo<\/p>\n<p>Gr\u00f6\u00dfe\u00a0 116 &#8211; 176<\/p>\n<p>Lieferzeit: ca 10 &#8211; 20 Tage<\/p>\n<p>&nbsp;<\/p>\n<table border=\"1\" cellspacing=\"0\" cellpadding=\"0\">\n<tbody>\n<tr>\n<td><strong>Menge<\/strong><\/td>\n<td><strong>Preis<\/strong><\/td>\n<\/tr>\n<tr>\n<td>1 &#8211; 4<\/td>\n<td>52,99 \u20ac<\/td>\n<\/tr>\n<tr>\n<td>5 &#8211; 19<\/td>\n<td>47,99 \u20ac<\/td>\n<\/tr>\n<tr>\n<td>20-50<\/td>\n<td>46,99 \u20ac<\/td>\n<\/tr>\n<\/tbody>\n<\/table>\n<p>&nbsp;<\/p>\n","protected":false},"featured_media":1305,"template":"","meta":[],"product_brand":[],"product_cat":[222,307],"product_tag":[],"class_list":{"0":"post-1309","1":"product","2":"type-product","3":"status-publish","4":"has-post-thumbnail","6":"product_cat-lehrter-sv","7":"product_cat-teamline-1874","8":"description-off","10":"first","11":"instock","12":"sale","13":"taxable","14":"shipping-taxable","15":"purchasable","16":"product-type-variable"},"_links":{"self":[{"href":"https:\/\/sport-goslar.de\/verein-shop\/wp-json\/wp\/v2\/product\/1309","targetHints":{"allow":["GET"]}}],"collection":[{"href":"https:\/\/sport-goslar.de\/verein-shop\/wp-json\/wp\/v2\/product"}],"about":[{"href":"https:\/\/sport-goslar.de\/verein-shop\/wp-json\/wp\/v2\/types\/product"}],"wp:featuredmedia":[{"embeddable":true,"href":"https:\/\/sport-goslar.de\/verein-shop\/wp-json\/wp\/v2\/media\/1305"}],"wp:attachment":[{"href":"https:\/\/sport-goslar.de\/verein-shop\/wp-json\/wp\/v2\/media?parent=1309"}],"wp:term":[{"taxonomy":"product_brand","embeddable":true,"href":"https:\/\/sport-goslar.de\/verein-shop\/wp-json\/wp\/v2\/product_brand?post=1309"},{"taxonomy":"product_cat","embeddable":true,"href":"https:\/\/sport-goslar.de\/verein-shop\/wp-json\/wp\/v2\/product_cat?post=1309"},{"taxonomy":"product_tag","embeddable":true,"href":"https:\/\/sport-goslar.de\/verein-shop\/wp-json\/wp\/v2\/product_tag?post=1309"}],"curies":[{"name":"wp","href":"https:\/\/api.w.org\/{rel}","templated":true}]}}