{"id":1307,"date":"2021-04-16T15:06:42","date_gmt":"2021-04-16T13:06:42","guid":{"rendered":"https:\/\/sport-goslar.de\/verein-shop\/?post_type=product&#038;p=1307"},"modified":"2024-05-10T13:03:37","modified_gmt":"2024-05-10T11:03:37","slug":"hml-cotton-zip-hoodie-damen-lsv-inklusive-1874","status":"publish","type":"product","link":"https:\/\/sport-goslar.de\/verein-shop\/produkt\/hml-cotton-zip-hoodie-damen-lsv-inklusive-1874\/","title":{"rendered":"HML Cotton Zip Hoodie Damen LSV inklusive 1874"},"content":{"rendered":"<p>Liebe <strong>Mitglieder des Lehrter Sport Vereins<\/strong>,<\/p>\n<p>habt ihr schon unseren coolen Onlineshop f\u00fcr den <strong>Lehrter SV<\/strong> entdeckt?<\/p>\n<p>Wir sind richtig begeistert, euch die M\u00f6glichkeit zu geben, eure Vereinskollektion online zu zeigen und die besten Sachen f\u00fcr euer Team zu finden. Und wisst ihr was?<\/p>\n<p>Das gilt nicht nur f\u00fcr uns, sondern wir k\u00f6nnen auch f\u00fcr andere Vereine individuelle Shops machen! Unser Team steht bereit, um euch pers\u00f6nlich zu beraten und den perfekten Shop f\u00fcr euer Team zu erstellen.<\/p>\n<p>&nbsp;<\/p>\n<p>&nbsp;<\/p>\n<p>&nbsp;<\/p>\n<p>WIR SETZEN auch andere Vereine\u00a0 DREIDIMENSIONAL IN SZENE!<\/p>\n<p>&nbsp;<\/p>\n<p>Als Ausr\u00fcster von zahlreichen Vereinen und verschiedenen Landesverb\u00e4nden haben wir au\u00dferordentlich gute Beziehungen zu sehr interessanten Partnern in der Sportartikelindustrie. Wir w\u00fcrden dies gern nutzen um auch euren Verein zu unterst\u00fctzen.Sehr gern stellen wir unser Konzept und Sponsoringvereinbarung in einem pers\u00f6nlichen Gespr\u00e4ch eurem Team vor.<\/p>\n<p>&#8211; Teamsportserien mit Laufzeiten von bis zu vier Jahren!<\/p>\n<p>&#8211; gro\u00dfz\u00fcgiges Sponsoring mit Gratisware !<\/p>\n<p>&#8211; Vereinsbekleidung im eigenen Design des Vereins incl. der Sponsoren, Vereinswappen etc.<\/p>\n<p>&#8211; bevorzugte Belieferung! Als einer der leistungsf\u00e4higsten norddeutschen Hummel, Jako und Erima &#8211; Fachh\u00e4ndler garantieren wir \u00fcberdurchschnittlich schnelle Lieferzeiten und eine bevorzugte Belieferung.<\/p>\n<p>&#8211; unverbindliche Muster zur Anprobe<\/p>\n<p>&#8211; Vereinswappen\/Sponsorenlogo in 3D, Web oder als Hologramm<\/p>\n<p>&#8211; hochwertige Beflockungen, Sublimationen und Textildrucke. 5 Jahren Garantie!<\/p>\n<p>&#8211; Vereinsflyer exklusiv f\u00fcr den Verein incl. Layout und Druck !<\/p>\n<p>&#8211; je nach Absprache anteilige \u00dcbernahme der Flockkosten bei Platzierung unseres Logos.<\/p>\n<p>&#8211; Sonderkonditionen auf Vereinsausr\u00fcstung von \u00fcber 40% !<\/p>\n<p>&#8211; versandkostenfreie Lieferung<\/p>\n<p>-Onlineshop mit individueller Vereinskollektion. Beispiele findet ihr unter https:\/\/sport-goslar.de\/verein-shop<\/p>\n<p>&nbsp;<\/p>\n<p>Profitiert auch Ihr von unserer Sorgfalt, Kompetenz und pers\u00f6nlichen Beratung sowie Betreuung, um euren Verein proffesionell aufzustellen.<\/p>\n<p>Von der Vorlagenerstellung bis hin zur fertigen Vereinkollektion sind wir der Partner an Eurer Seite. Verlasst Euch drauf!<\/p>\n","protected":false},"excerpt":{"rendered":"<p><strong>HML Cotton Kapuzenjacke Damen LSV inklusive 1874<\/strong><\/p>\n<div class=\"attributes d-flex flex-column pl-0 pr-0\">\n<div class=\"product-detail-secondary-content\">\n<p>Diese modische HMLGOCOTTON ZIP HOODIE hat alles &#8211; einen Roll-Top-Tunnelzugkragen, einen durchgehenden Rei\u00dfverschluss und sportliche Schulterpartien sowie ein subtil gedrucktes hummel\u00ae-Logo. Vereinwappen auf der Brust und Gr\u00fcndungsjahr auf dem R\u00fccken. Taillierter Damenschnitt\u00a0 Art.204232 UVP 54,99 + Druckkosten. Ware die invividuell f\u00fcr euch veredelt wird (also z.B. mit Spielernamen, Nummern, Sponsorenlogos, Vereinswappen, Initalien, etc bedruckt\/beflockt wird) gilt als Sonderanfertigung und ist von einem Umtausch leider ausgeschlossen.<\/p>\n<\/div>\n<\/div>\n<p>FB 2006=grau\/bordo<\/p>\n<p>FB 2001=schwarz\/wei\u00df<\/p>\n<p>FB 9001=wei\u00df\/bordo<\/p>\n<p>Gr\u00f6\u00dfe\u00a0 XS &#8211; 2XL<\/p>\n<p>Lieferzeit: ca 10 &#8211; 20 Tage<\/p>\n<p>&nbsp;<\/p>\n<table border=\"1\" cellspacing=\"0\" cellpadding=\"0\">\n<tbody>\n<tr>\n<td><strong>Menge<\/strong><\/td>\n<td><strong>Preis<\/strong><\/td>\n<\/tr>\n<tr>\n<td>1 &#8211; 4<\/td>\n<td>55,99 \u20ac<\/td>\n<\/tr>\n<tr>\n<td>5 &#8211; 19<\/td>\n<td>51,99 \u20ac<\/td>\n<\/tr>\n<tr>\n<td>20-50<\/td>\n<td>49,99 \u20ac<\/td>\n<\/tr>\n<\/tbody>\n<\/table>\n<p>&nbsp;<\/p>\n","protected":false},"featured_media":1304,"template":"","meta":[],"product_brand":[],"product_cat":[222,307],"product_tag":[],"class_list":{"0":"post-1307","1":"product","2":"type-product","3":"status-publish","4":"has-post-thumbnail","6":"product_cat-lehrter-sv","7":"product_cat-teamline-1874","8":"description-off","10":"first","11":"instock","12":"sale","13":"taxable","14":"shipping-taxable","15":"purchasable","16":"product-type-variable"},"_links":{"self":[{"href":"https:\/\/sport-goslar.de\/verein-shop\/wp-json\/wp\/v2\/product\/1307","targetHints":{"allow":["GET"]}}],"collection":[{"href":"https:\/\/sport-goslar.de\/verein-shop\/wp-json\/wp\/v2\/product"}],"about":[{"href":"https:\/\/sport-goslar.de\/verein-shop\/wp-json\/wp\/v2\/types\/product"}],"wp:featuredmedia":[{"embeddable":true,"href":"https:\/\/sport-goslar.de\/verein-shop\/wp-json\/wp\/v2\/media\/1304"}],"wp:attachment":[{"href":"https:\/\/sport-goslar.de\/verein-shop\/wp-json\/wp\/v2\/media?parent=1307"}],"wp:term":[{"taxonomy":"product_brand","embeddable":true,"href":"https:\/\/sport-goslar.de\/verein-shop\/wp-json\/wp\/v2\/product_brand?post=1307"},{"taxonomy":"product_cat","embeddable":true,"href":"https:\/\/sport-goslar.de\/verein-shop\/wp-json\/wp\/v2\/product_cat?post=1307"},{"taxonomy":"product_tag","embeddable":true,"href":"https:\/\/sport-goslar.de\/verein-shop\/wp-json\/wp\/v2\/product_tag?post=1307"}],"curies":[{"name":"wp","href":"https:\/\/api.w.org\/{rel}","templated":true}]}}