{"id":1301,"date":"2021-04-16T12:57:12","date_gmt":"2021-04-16T10:57:12","guid":{"rendered":"https:\/\/sport-goslar.de\/verein-shop\/?post_type=product&#038;p=1301"},"modified":"2024-05-10T13:04:50","modified_gmt":"2024-05-10T11:04:50","slug":"hml-cotton-zip-hoodie-herren-mtv-wolfenbuettel-inklusive-brustwappen-kopie","status":"publish","type":"product","link":"https:\/\/sport-goslar.de\/verein-shop\/produkt\/hml-cotton-zip-hoodie-herren-mtv-wolfenbuettel-inklusive-brustwappen-kopie\/","title":{"rendered":"HML Cotton Zip Hoodie Herren LSV inklusive 1874"},"content":{"rendered":"<p>Hey Leute,<\/p>\n<p>habt ihr schon unseren super praktischen <strong>Onlineshop f\u00fcr den Lehrter SV<\/strong> gesehen?<\/p>\n<p>Wir sind echt froh, dass wir euch die Chance geben k\u00f6nnen, eure Vereinskollektion online zu pr\u00e4sentieren und die besten Sachen f\u00fcr euer Team zu sichern. Und das Beste?<\/p>\n<p>Das ist nicht nur f\u00fcr uns, sondern wir k\u00f6nnen auch f\u00fcr andere Vereine individuelle Shops machen!<\/p>\n<p>Lasst uns zusammenarbeiten, um den perfekten Shop f\u00fcr euer Team zu kreieren.<\/p>\n<p>&nbsp;<\/p>\n<p>Wir sind der Vereins und Tennisspezialist in Lehrte!<\/p>\n<p>Gern beraten wie sie ganz pers\u00f6nlich und individuell! Bei uns in Lehrte finden sie eine ehrliche und kompetente Beratung. Wir stehen ihnen gern zur \u201eSaite\u201c mit unseren langj\u00e4hrigen Erfahrungen von vielen Profiturnieren wie z.B den German Open in Hamburg, Gerry Weber Open in Halle oder der World Team Cup in D\u00fcsseldorf. Online k\u00f6nnen wir ihnen nur einige wenige M\u00f6glichkeiten aufzeigen die jedoch die individuelle Beratung auch in Hinblick auf Spielertyp, Schl\u00e4gerart und pers\u00f6nliche Anforderung nicht ersetzen k\u00f6nnen und sollen. Wir stellen ihnen ihre Besaitung individuell zusammen. Um das absolute Optimum aus ihrem Racket herrauszuholen ist es bei uns nicht ungew\u00f6hnlich das wir die L\u00e4ngssaite anders w\u00e4hlen als Quersaite. Bitte unbedingt dabei beachten \u2013 die Besaitung macht rund 50 % des Spielgef\u00fchls aus.<\/p>\n","protected":false},"excerpt":{"rendered":"<p><strong>HML Cotton Kapuzenjacke Herren LSV inklusive 1874<\/strong><\/p>\n<div class=\"attributes d-flex flex-column pl-0 pr-0\">\n<div class=\"product-detail-secondary-content\">\n<p>Diese modische HMLGOCOTTON ZIP HOODIE hat alles &#8211; einen Roll-Top-Tunnelzugkragen, einen durchgehenden Rei\u00dfverschluss und sportliche Schulterpartien sowie ein subtil gedrucktes hummel\u00ae-Logo. Vereinwappen auf der Brust und Gr\u00fcndungsjahr auf dem R\u00fccken.Unisexschnitt\u00a0 Art.204230. Ware die invividuell f\u00fcr euch veredelt wird (also z.B. mit Spielernamen, Nummern, Sponsorenlogos, Vereinswappen, Initalien, etc bedruckt\/beflockt wird) gilt als Sonderanfertigung und ist von einem Umtausch leider ausgeschlossen.<\/p>\n<div class=\"attributes d-flex flex-column pl-0 pr-0\">\n<div class=\"product-detail-secondary-content\">\n<p>UVP 54,99 + Druckkosten<\/p>\n<\/div>\n<\/div>\n<p>FB 2006=grau\/bordo<\/p>\n<p>FB 2001=schwarz\/wei\u00df<\/p>\n<p>FB 9001=wei\u00df\/bordo<\/p>\n<p>Gr\u00f6\u00dfe\u00a0 S &#8211; 3XL<\/p>\n<p>Lieferzeit: ca 10 &#8211; 20 Tage<\/p>\n<p>&nbsp;<\/p>\n<table border=\"1\" cellspacing=\"0\" cellpadding=\"0\">\n<tbody>\n<tr>\n<td><strong>Menge<\/strong><\/td>\n<td><strong>Preis<\/strong><\/td>\n<\/tr>\n<tr>\n<td>1 &#8211; 4<\/td>\n<td>55,99 \u20ac<\/td>\n<\/tr>\n<tr>\n<td>5 &#8211; 19<\/td>\n<td>51,99 \u20ac<\/td>\n<\/tr>\n<tr>\n<td>20-50<\/td>\n<td>49,99 \u20ac<\/td>\n<\/tr>\n<\/tbody>\n<\/table>\n<p>&nbsp;<\/p>\n<\/div>\n<\/div>\n","protected":false},"featured_media":1303,"template":"","meta":[],"product_brand":[],"product_cat":[222,307],"product_tag":[],"class_list":{"0":"post-1301","1":"product","2":"type-product","3":"status-publish","4":"has-post-thumbnail","6":"product_cat-lehrter-sv","7":"product_cat-teamline-1874","8":"description-off","10":"first","11":"instock","12":"sale","13":"taxable","14":"shipping-taxable","15":"purchasable","16":"product-type-variable"},"_links":{"self":[{"href":"https:\/\/sport-goslar.de\/verein-shop\/wp-json\/wp\/v2\/product\/1301","targetHints":{"allow":["GET"]}}],"collection":[{"href":"https:\/\/sport-goslar.de\/verein-shop\/wp-json\/wp\/v2\/product"}],"about":[{"href":"https:\/\/sport-goslar.de\/verein-shop\/wp-json\/wp\/v2\/types\/product"}],"wp:featuredmedia":[{"embeddable":true,"href":"https:\/\/sport-goslar.de\/verein-shop\/wp-json\/wp\/v2\/media\/1303"}],"wp:attachment":[{"href":"https:\/\/sport-goslar.de\/verein-shop\/wp-json\/wp\/v2\/media?parent=1301"}],"wp:term":[{"taxonomy":"product_brand","embeddable":true,"href":"https:\/\/sport-goslar.de\/verein-shop\/wp-json\/wp\/v2\/product_brand?post=1301"},{"taxonomy":"product_cat","embeddable":true,"href":"https:\/\/sport-goslar.de\/verein-shop\/wp-json\/wp\/v2\/product_cat?post=1301"},{"taxonomy":"product_tag","embeddable":true,"href":"https:\/\/sport-goslar.de\/verein-shop\/wp-json\/wp\/v2\/product_tag?post=1301"}],"curies":[{"name":"wp","href":"https:\/\/api.w.org\/{rel}","templated":true}]}}