{"id":1298,"date":"2021-04-16T12:51:20","date_gmt":"2021-04-16T10:51:20","guid":{"rendered":"https:\/\/sport-goslar.de\/verein-shop\/?post_type=product&#038;p=1298"},"modified":"2024-05-10T13:06:04","modified_gmt":"2024-05-10T11:06:04","slug":"hml-core-pant-herren-lsv-inklusive-1874-kopie","status":"publish","type":"product","link":"https:\/\/sport-goslar.de\/verein-shop\/produkt\/hml-core-pant-herren-lsv-inklusive-1874-kopie\/","title":{"rendered":"HML Cotton Go Pant Kinder LSV inklusive 1874"},"content":{"rendered":"<p>Hallo zusammen,<\/p>\n<p>habt ihr schon unseren tollen <strong>Onlineshop f\u00fcr den Lehrter Sport Verein<\/strong> entdeckt?<\/p>\n<p>Wir sind total happy, dass wir euch die M\u00f6glichkeit bieten k\u00f6nnen, eure Vereinskollektion online zu zeigen und die besten Produkte f\u00fcr euer Team zu finden.<\/p>\n<p>Und wisst ihr was? Das ist nicht nur f\u00fcr uns, sondern wir k\u00f6nnen auch f\u00fcr andere Vereine individuelle Shops machen!<\/p>\n<p>Wenn ihr Fragen habt oder Hilfe braucht, sind wir gerne f\u00fcr euch da.<\/p>\n<p>&nbsp;<\/p>\n<p>Sport Goslar &#8211; Euer Experte f\u00fcr nachhaltige Vereinsbekleidung!<\/p>\n<p>Willkommen bei Sport Goslar, eurem Fachh\u00e4ndler f\u00fcr erima, JAKO und Hummel Vereinsbekleidung. Bei uns steht Nachhaltigkeit im Fokus \u2013 unsere Partner setzen verst\u00e4rkt auf Bio-Baumwolle und bis zu 100 % recyceltes Polyester.<\/p>\n<p>Wir \u00fcberzeugen nicht nur mit umweltfreundlichen Materialien, sondern auch bei der Textilveredelung. Vom hochwertigen 3-D-Wappen \u00fcber langlebige Siebdrucke bis hin zur einzigartigen Sublimationstechnik setzen wir euren Verein dreidimensional in Szene. Auch f\u00fcr Arbeitsbekleidung verwenden wir diese Drucktechniken, die bei 60\u00b0 waschbar ist \u2013 so bekommt Nachhaltigkeit eine ganz neue Bedeutung in Bezug auf Langlebigkeit und Strapazierf\u00e4higkeit. Wir verarbeiten keine billigen Plotterfolien die nach ein paar W\u00e4schen einrei\u00dfen oder abl\u00f6sen.<\/p>\n<p>Sport Goslar ist euer Partner und Team Sportspezialist in Hannover-Lehrte<\/p>\n<p>Euer Erfolg ist unser Ziel!<\/p>\n<p>&nbsp;<\/p>\n<p>&nbsp;<\/p>\n","protected":false},"excerpt":{"rendered":"<p><strong>Kinder Jogginghose LSV inklusive 1874 Logo<br \/>\n<\/strong><\/p>\n<p>Wenn es l\u00e4ssig sein soll ziehen Sie die legere HMLGO COTTON PANT komplett mit Kn\u00f6chelchevrons, H\u00fcfttaschen und einem bedruckten hummel\u00ae-Logo an und genie\u00dfen den extremen Komfort eines weichen Sweat-Materials. Aufdruck des Gr\u00fcndungsjahr auf dem rechten Bein. Unisexschnitt\u00a0 Art 203531 UVP 39,95 + Druckkosten. Ware die invividuell f\u00fcr euch veredelt wird (also z.B. mit Spielernamen, Nummern, Sponsorenlogos, Vereinswappen, Initalien, etc bedruckt\/beflockt wird) gilt als Sonderanfertigung und ist von einem Umtausch leider ausgeschlossen.<\/p>\n<p>FB 2001= schwarz\/wei\u00df<\/p>\n<p>FB 2006=grau\/bordo<\/p>\n<p>&nbsp;<\/p>\n<p>Gr\u00f6\u00dfe\u00a0 116 &#8211; 176<\/p>\n<p>Lieferzeit: ca 10 &#8211; 20 Tage<\/p>\n<p>&nbsp;<\/p>\n<table border=\"1\" cellspacing=\"0\" cellpadding=\"0\">\n<tbody>\n<tr>\n<td><strong>Menge<\/strong><\/td>\n<td><strong>Preis<\/strong><\/td>\n<\/tr>\n<tr>\n<td>1 &#8211; 4<\/td>\n<td>35,99 \u20ac<\/td>\n<\/tr>\n<tr>\n<td>5 &#8211; 19<\/td>\n<td>31,99 \u20ac<\/td>\n<\/tr>\n<tr>\n<td>20-50<\/td>\n<td>29,99 \u20ac<\/td>\n<\/tr>\n<\/tbody>\n<\/table>\n<p>&nbsp;<\/p>\n<p>&nbsp;<\/p>\n<p>&nbsp;<\/p>\n","protected":false},"featured_media":1292,"template":"","meta":[],"product_brand":[],"product_cat":[222,307],"product_tag":[],"class_list":{"0":"post-1298","1":"product","2":"type-product","3":"status-publish","4":"has-post-thumbnail","6":"product_cat-lehrter-sv","7":"product_cat-teamline-1874","8":"description-off","10":"first","11":"instock","12":"sale","13":"taxable","14":"shipping-taxable","15":"purchasable","16":"product-type-variable"},"_links":{"self":[{"href":"https:\/\/sport-goslar.de\/verein-shop\/wp-json\/wp\/v2\/product\/1298","targetHints":{"allow":["GET"]}}],"collection":[{"href":"https:\/\/sport-goslar.de\/verein-shop\/wp-json\/wp\/v2\/product"}],"about":[{"href":"https:\/\/sport-goslar.de\/verein-shop\/wp-json\/wp\/v2\/types\/product"}],"wp:featuredmedia":[{"embeddable":true,"href":"https:\/\/sport-goslar.de\/verein-shop\/wp-json\/wp\/v2\/media\/1292"}],"wp:attachment":[{"href":"https:\/\/sport-goslar.de\/verein-shop\/wp-json\/wp\/v2\/media?parent=1298"}],"wp:term":[{"taxonomy":"product_brand","embeddable":true,"href":"https:\/\/sport-goslar.de\/verein-shop\/wp-json\/wp\/v2\/product_brand?post=1298"},{"taxonomy":"product_cat","embeddable":true,"href":"https:\/\/sport-goslar.de\/verein-shop\/wp-json\/wp\/v2\/product_cat?post=1298"},{"taxonomy":"product_tag","embeddable":true,"href":"https:\/\/sport-goslar.de\/verein-shop\/wp-json\/wp\/v2\/product_tag?post=1298"}],"curies":[{"name":"wp","href":"https:\/\/api.w.org\/{rel}","templated":true}]}}