{"id":1295,"date":"2021-04-16T12:36:41","date_gmt":"2021-04-16T10:36:41","guid":{"rendered":"https:\/\/sport-goslar.de\/verein-shop\/?post_type=product&#038;p=1295"},"modified":"2024-05-10T13:07:31","modified_gmt":"2024-05-10T11:07:31","slug":"hml-core-pant-damen-lsv-inklusive-1874","status":"publish","type":"product","link":"https:\/\/sport-goslar.de\/verein-shop\/produkt\/hml-core-pant-damen-lsv-inklusive-1874\/","title":{"rendered":"HML Core Pant Damen LSV inklusive 1874"},"content":{"rendered":"<p>Hey Leute,<\/p>\n<p>seid ihr schon auf unseren abgefahrenen Onlineshop f\u00fcr den Lehrter SV gesto\u00dfen?<\/p>\n<p>Wir sind mega stolz darauf, euch die M\u00f6glichkeit zu geben, eure Vereinskollektion online zu rocken und die hei\u00dfesten Produkte f\u00fcr euer Team abzusahnen. Aber checkt das: Unser Shop wurde nicht nur f\u00fcr den Lehrter Sport Verein gemacht, wir k\u00f6nnen auch f\u00fcr andere Vereine ma\u00dfgeschneiderte Shops zaubern!<\/p>\n<p>Unser Team steht in den Startl\u00f6chern, um euren Verein oder euer Team pers\u00f6nlich zu beraten und den geilsten Onlineshop ever zu kreieren.<\/p>\n<p>&nbsp;<\/p>\n<p>Das Sportgesch\u00e4ft im Herzen von Lehrte. Sport Goslar ist proffesionelle Beratung vom Tennisracket bis zur Sportunterw\u00e4sche. Kompetenter Partner f\u00fcr Fu\u00dfball, Handball, Volleyball, Running, Tennis, Outdooraktivit\u00e4ten und vieles mehr.<\/p>\n<p>Als offizieller Ausstatter von vier Landesverb\u00e4nden wie dem Nieders\u00e4chsichen Leichtathletik Verbandes, des Landesschwimmverband Niedersachsen, des Nieders\u00e4chsischen Sportsch\u00fctzenverbandes, des Squash Verband Niedersachsen, sowie des Triathlon Verband Niedersachsen mit insgesamt 275.148 Mitgliedern aus 2909 angeschlossenen Vereinen ist das Lehrter Fachgesch\u00e4ft der richtige Partner f\u00fcr alle Teamsportler.<\/p>\n<p>Mit seinen langj\u00e4hrigen Erfahrungen auf vielen Profitennisturnieren wie den German Open in Hamburg, Gerry Weber Open in Halle oder der World Team Cup in D\u00fcsseldorf steht ihnen Sven Goslar auch pers\u00f6nlich sehr gern zur \u201cSaite\u201d. In Lehrtes Burgdorfer Stra\u00dfe bieten wir ihnen eine gro\u00dfe Auswahl von Sportartikeln der gro\u00dfen Marken \u2013 auch in \u00dcbergr\u00f6\u00dfen.<\/p>\n<p>Viele Namenhafte Vereine und Verb\u00e4nde vertrauen auf die indivduelle Beratung. Sport Goslar steht f\u00fcr Leidenschaft, Teamsportkompetenz und Menschen, die sich mit dem Familienunternehmen identifizieren. Kurz: f\u00fcr das Goslar-Wir-Gef\u00fchl seit 1894. Mit ungebrochener Leidenschaft f\u00fcr die Sportwelt ist Sport Goslar \u2013 auch auf den Onlineseiten \u2013 Ihr kompetenter Ratgeber.<\/p>\n<p>In Lehrte kann man Ihnen au\u00dferdem zus\u00e4tzliche und individuelle Serviceleistungen anbieten. Dazu geh\u00f6ren beispielsweise der Textildruck und Beflockungs-Service f\u00fcr Ihre Vereins oder auch Berufsbekleidung.<\/p>\n<p>&nbsp;<\/p>\n<p>Sie finden Sport Goslar in der Burgdorfer Stra\u00dfe 47 in 31275 Lehrte direkt an der A2 nur wenige Kilometer vom Autobahnkreuz Hannover-Ost.<br \/>\nParken k\u00f6nnen sie direkt vor dem Gesch\u00e4ft. In der gesamten Innenstadt von Lehrte ist das Parken in der ersten Stunde KOSTENLOS!<\/p>\n<p>&nbsp;<\/p>\n<p>&nbsp;<\/p>\n","protected":false},"excerpt":{"rendered":"<p><strong>Damen Jogginghose LSV inklusive 1874 Logo<br \/>\n<\/strong><\/p>\n<p>Wenn es l\u00e4ssig sein soll ziehen Sie die legere HMLGO COTTON PANT komplett mit Kn\u00f6chelchevrons, H\u00fcfttaschen und einem bedruckten hummel\u00ae-Logo an und genie\u00dfen den extremen Komfort eines weichen Sweat-Materials. Aufdruck des Gr\u00fcndungsjahr auf dem rechten Bein. Damenschnittform\u00a0 Art 204173 UVP 44,99 + Druckkosten. Ware die invividuell f\u00fcr euch veredelt wird (also z.B. mit Spielernamen, Nummern, Sponsorenlogos, Vereinswappen, Initalien, etc bedruckt\/beflockt wird) gilt als Sonderanfertigung und ist von einem Umtausch leider ausgeschlossen.<\/p>\n<p>FB 2001= schwarz\/wei\u00df<\/p>\n<p>FB 2006= grau\/bordo<\/p>\n<p>&nbsp;<\/p>\n<p>Gr\u00f6\u00dfe\u00a0 XS &#8211; 2XL<\/p>\n<p>Lieferzeit: ca 10 &#8211; 20 Tage<\/p>\n<p>&nbsp;<\/p>\n<table border=\"1\" cellspacing=\"0\" cellpadding=\"0\">\n<tbody>\n<tr>\n<td><strong>Menge<\/strong><\/td>\n<td><strong>Preis<\/strong><\/td>\n<\/tr>\n<tr>\n<td>1 &#8211; 4<\/td>\n<td>39,99 \u20ac<\/td>\n<\/tr>\n<tr>\n<td>5 &#8211; 19<\/td>\n<td>35,99 \u20ac<\/td>\n<\/tr>\n<tr>\n<td>20-50<\/td>\n<td>33,99 \u20ac<\/td>\n<\/tr>\n<\/tbody>\n<\/table>\n<p>&nbsp;<\/p>\n","protected":false},"featured_media":1293,"template":"","meta":[],"product_brand":[],"product_cat":[222,307],"product_tag":[],"class_list":{"0":"post-1295","1":"product","2":"type-product","3":"status-publish","4":"has-post-thumbnail","6":"product_cat-lehrter-sv","7":"product_cat-teamline-1874","8":"description-off","10":"first","11":"instock","12":"sale","13":"taxable","14":"shipping-taxable","15":"purchasable","16":"product-type-variable"},"_links":{"self":[{"href":"https:\/\/sport-goslar.de\/verein-shop\/wp-json\/wp\/v2\/product\/1295","targetHints":{"allow":["GET"]}}],"collection":[{"href":"https:\/\/sport-goslar.de\/verein-shop\/wp-json\/wp\/v2\/product"}],"about":[{"href":"https:\/\/sport-goslar.de\/verein-shop\/wp-json\/wp\/v2\/types\/product"}],"wp:featuredmedia":[{"embeddable":true,"href":"https:\/\/sport-goslar.de\/verein-shop\/wp-json\/wp\/v2\/media\/1293"}],"wp:attachment":[{"href":"https:\/\/sport-goslar.de\/verein-shop\/wp-json\/wp\/v2\/media?parent=1295"}],"wp:term":[{"taxonomy":"product_brand","embeddable":true,"href":"https:\/\/sport-goslar.de\/verein-shop\/wp-json\/wp\/v2\/product_brand?post=1295"},{"taxonomy":"product_cat","embeddable":true,"href":"https:\/\/sport-goslar.de\/verein-shop\/wp-json\/wp\/v2\/product_cat?post=1295"},{"taxonomy":"product_tag","embeddable":true,"href":"https:\/\/sport-goslar.de\/verein-shop\/wp-json\/wp\/v2\/product_tag?post=1295"}],"curies":[{"name":"wp","href":"https:\/\/api.w.org\/{rel}","templated":true}]}}