{"id":1290,"date":"2021-04-16T12:15:54","date_gmt":"2021-04-16T10:15:54","guid":{"rendered":"https:\/\/sport-goslar.de\/verein-shop\/?post_type=product&#038;p=1290"},"modified":"2024-05-10T13:09:03","modified_gmt":"2024-05-10T11:09:03","slug":"hml-core-pant-herren-lsv-inklusive-1874","status":"publish","type":"product","link":"https:\/\/sport-goslar.de\/verein-shop\/produkt\/hml-core-pant-herren-lsv-inklusive-1874\/","title":{"rendered":"HML Core Pant Herren LSV inklusive 1874"},"content":{"rendered":"<p>Na, ihr Sportskanonen und Vereine,<\/p>\n<p>habt ihr schon unsere hippe Onlinebude f\u00fcr den <strong>Lehrter Sport Verein<\/strong> entdeckt? Wir sind ja so stolz, euch die M\u00f6glichkeit zu bieten, eure Vereinskollektion online zu pr\u00e4sentieren und die absoluten Must-haves f\u00fcr euer Team zu ergattern. Aber mal ehrlich, das gilt doch nicht nur f\u00fcr den Lehrter SV, oder?<\/p>\n<p>Wir k\u00f6nnen doch auch f\u00fcr alle anderen Vereine einen ma\u00dfgeschneiderten Shop aus dem \u00c4rmel sch\u00fctteln!<\/p>\n<p>Unser Team steht bereit, um euch pers\u00f6nlich zu beraten und den krassen Onlineshop eurer Tr\u00e4ume zu bauen.<\/p>\n<p>&nbsp;<\/p>\n<p>Als Spezialist f\u00fcr Mannschaft- \/ Vereinsausstattung und Beruf- und Arbeitsbekleidung bieten wir auch die M\u00f6glichkeit, dieses T-Shirt mit hochwertigen Drucken zu individualisieren. Ob Firmenlogo, Vereinswappen, Sponsorenlogo oder individuelle Veredelung f\u00fcr den Landesverband \u2013 wir bringen deine Designs mit Techniken wie Siebdruck, Direktflock oder Sublimationsdruck auf das Shirt, sodass sie auch nach vielen Waschg\u00e4ngen nicht abl\u00f6st oder einreisst.<\/p>\n<p>&nbsp;<\/p>\n<p>Willkommen bei Sport Goslar, deinem Spezialisten f\u00fcr Corporate Fashion! Wir sind deine Anlaufstelle f\u00fcr hochwertige Marken wie Jako, Hummel und Erima sowie zeitlose Basics mit einem unschlagbaren Preis-Leistungs-Verh\u00e4ltnis. Mit \u00fcber 900 designten Produkten und bis zu 250 verschiedenen Farbvariationen bieten wir f\u00fcr jede Herausforderung die passende L\u00f6sung.<\/p>\n<p>&nbsp;<\/p>\n<p>Als offizieller Ausstatter von f\u00fcnf Landesverb\u00e4nden wie dem Nieders\u00e4chsichen Leichtathletik Verbandes, des Landesschwimmverband Niedersachsen, des Nieders\u00e4chsischen Sportsch\u00fctzenverbandes, des Squash Verband Niedersachsen, sowie des Triathlon Verband Niedersachsen mit insgesamt 275.148 Mitgliedern aus 2909 angeschlossenen Vereinen sind wir der Ansprechpartner f\u00fcr Firmen, Schulen, Praxen, Sportvereine- und Verb\u00e4nde.<\/p>\n<p>&nbsp;<\/p>\n<p>Unser Fokus liegt auf Qualit\u00e4t und Individualit\u00e4t. Deshalb bieten wir nicht nur eine breite Auswahl an Produkten f\u00fcr die Bereiche Promotion, Sport, Freizeit, Business und Headwear, sondern auch ma\u00dfgeschneiderte textile Veredelungsm\u00f6glichkeiten. Von hochwertigem Siebdruck \u00fcber Flock bis hin zu den neuesten Sublimationsdrucktechniken verleihen wir deinen Textilien den perfekten Look.<\/p>\n<p>&nbsp;<\/p>\n<p>Als Full-Service-Anbieter stehen wir unseren Kunden mit langj\u00e4hrigem Expertenwissen und einem umfangreichen Serviceangebot zur Seite. Von der ganzheitlichen Beratung bis hin zur individuellen Gestaltung von Corporate Fashion Konzepten bieten wir alles aus einer Hand.<\/p>\n<p>&nbsp;<\/p>\n<p>Als Familienunternehmen mit einer Tradition seit 1894 legen wir besonderen Wert auf Nachhaltigkeit und einen fairen Umgang mit unserer Umwelt. Daher setzen wir auf innovative und langlebige Kollektionen aus Bio-Baumwolle und recyceltem Polyester. Wir sind der Profi f\u00fcr Bedruckung, Siebdruck, Transferdruck, Sublimationsdruck, Digitaldruck, Stick, Textilveredelung, Textilbeschriftung, Flexdruck, Flockdruck, Aufdruck, Logodruck, Logo-Bedruckung, T-Shirt-Druck, Werbetextilien, Stickereiarbeiten, Sticken, individualisierte Trikots und Sonderanfertigungen, Personalisierung, Stickerei-Service, Druckservice, Textilwerbung, Textilverarbeitung, Textilgestaltung und Sublimationsdruck in Hannover &#8211; Lehrte<\/p>\n<p>Entdecke jetzt die vielf\u00e4ltigen M\u00f6glichkeiten bei Sport Goslar und verleihe deiner Corporate Fashion den perfekten Touch!<\/p>\n<p>&nbsp;<\/p>\n<p>Interessiert an einem individuellen Angebot? Kontaktiere uns gerne und wir erstellen dir ein Angebot ganz nach deinen W\u00fcnschen!<\/p>\n","protected":false},"excerpt":{"rendered":"<p><strong>Herren Jogginghose LSV inklusive 1874 Logo<br \/>\n<\/strong><\/p>\n<p>Wenn es l\u00e4ssig sein soll ziehen Sie die legere HMLGO COTTON PANT komplett mit Kn\u00f6chelchevrons, H\u00fcfttaschen und einem bedruckten hummel\u00ae-Logo an und genie\u00dfen den extremen Komfort eines weichen Sweat-Materials. Aufdruck des Gr\u00fcndungsjahr auf dem rechten Bein. Unisexschnitt\u00a0 Art 203530 UVP 44,95 + Druckkosten. Ware die invividuell f\u00fcr euch veredelt wird (also z.B. mit Spielernamen, Nummern, Sponsorenlogos, Vereinswappen, Initalien, etc bedruckt\/beflockt wird) gilt als Sonderanfertigung und ist von einem Umtausch leider ausgeschlossen.<\/p>\n<p>FB 2001= schwarz\/wei\u00df<\/p>\n<p>FB 2006=grau\/bordo<\/p>\n<p>&nbsp;<\/p>\n<p>Gr\u00f6\u00dfe\u00a0 S &#8211; 3XL<\/p>\n<p>Lieferzeit: ca 10 &#8211; 20 Tage<\/p>\n<p>&nbsp;<\/p>\n<table border=\"1\" cellspacing=\"0\" cellpadding=\"0\">\n<tbody>\n<tr>\n<td><strong>Menge<\/strong><\/td>\n<td><strong>Preis<\/strong><\/td>\n<\/tr>\n<tr>\n<td>1 &#8211; 4<\/td>\n<td>39,99 \u20ac<\/td>\n<\/tr>\n<tr>\n<td>5 &#8211; 19<\/td>\n<td>35,99 \u20ac<\/td>\n<\/tr>\n<tr>\n<td>20-50<\/td>\n<td>33,99 \u20ac<\/td>\n<\/tr>\n<\/tbody>\n<\/table>\n<p>&nbsp;<\/p>\n<p>&nbsp;<\/p>\n","protected":false},"featured_media":1292,"template":"","meta":[],"product_brand":[],"product_cat":[222,307],"product_tag":[],"class_list":{"0":"post-1290","1":"product","2":"type-product","3":"status-publish","4":"has-post-thumbnail","6":"product_cat-lehrter-sv","7":"product_cat-teamline-1874","8":"description-off","10":"first","11":"instock","12":"sale","13":"taxable","14":"shipping-taxable","15":"purchasable","16":"product-type-variable"},"_links":{"self":[{"href":"https:\/\/sport-goslar.de\/verein-shop\/wp-json\/wp\/v2\/product\/1290","targetHints":{"allow":["GET"]}}],"collection":[{"href":"https:\/\/sport-goslar.de\/verein-shop\/wp-json\/wp\/v2\/product"}],"about":[{"href":"https:\/\/sport-goslar.de\/verein-shop\/wp-json\/wp\/v2\/types\/product"}],"wp:featuredmedia":[{"embeddable":true,"href":"https:\/\/sport-goslar.de\/verein-shop\/wp-json\/wp\/v2\/media\/1292"}],"wp:attachment":[{"href":"https:\/\/sport-goslar.de\/verein-shop\/wp-json\/wp\/v2\/media?parent=1290"}],"wp:term":[{"taxonomy":"product_brand","embeddable":true,"href":"https:\/\/sport-goslar.de\/verein-shop\/wp-json\/wp\/v2\/product_brand?post=1290"},{"taxonomy":"product_cat","embeddable":true,"href":"https:\/\/sport-goslar.de\/verein-shop\/wp-json\/wp\/v2\/product_cat?post=1290"},{"taxonomy":"product_tag","embeddable":true,"href":"https:\/\/sport-goslar.de\/verein-shop\/wp-json\/wp\/v2\/product_tag?post=1290"}],"curies":[{"name":"wp","href":"https:\/\/api.w.org\/{rel}","templated":true}]}}