{"id":1279,"date":"2021-04-16T11:16:14","date_gmt":"2021-04-16T09:16:14","guid":{"rendered":"https:\/\/sport-goslar.de\/verein-shop\/?post_type=product&#038;p=1279"},"modified":"2024-05-07T17:48:49","modified_gmt":"2024-05-07T15:48:49","slug":"hml-basics-t-shirt-herren-lsv-inklusive-vereinswappen","status":"publish","type":"product","link":"https:\/\/sport-goslar.de\/verein-shop\/produkt\/hml-basics-t-shirt-herren-lsv-inklusive-vereinswappen\/","title":{"rendered":"HML Basics T-Shirt Herren LSV inklusive Vereinswappen"},"content":{"rendered":"<p>Hey ihr, habt ihr schon unseren neuen Onlineshop f\u00fcr den Lehrter SV entdeckt?<\/p>\n<p>Wir sind echt aufgeregt, euch die M\u00f6glichkeit zu geben, eure Vereinskollektion online zu pr\u00e4sentieren und die besten Sachen f\u00fcr euer Team zu finden. Und wisst ihr was? Das ist nicht nur f\u00fcr uns, sondern wir k\u00f6nnen auch f\u00fcr andere Vereine individuelle Shops machen! Meldet euch bei uns, wenn ihr mehr erfahren wollt oder Hilfe braucht.<\/p>\n<p>&nbsp;<\/p>\n<p>Wir sind gerne f\u00fcr euch da!<\/p>\n<p>&nbsp;<\/p>\n<p>&nbsp;<\/p>\n<p>&nbsp;<\/p>\n<p>&nbsp;<\/p>\n<p>&nbsp;<\/p>\n<p>Ware die invividuell f\u00fcr euch veredelt wird (also z.B. mit Spielernamen, Nummern, Sponsorenlogos, Vereinswappen, Initalien, etc bedruckt\/beflockt wird) gilt als Sonderanfertigung und ist von einem Umtausch leider ausgeschlossen.<\/p>\n","protected":false},"excerpt":{"rendered":"<p><strong>HML Basics T-Shirt Herren LSV inklusive Vereinswappen<\/strong><\/p>\n<p>Das hummel\u00ae HMLGO COTTON T-SHIRT S \/ S aus weicher Baumwolle mit \u00c4rmel-Chevrons und dezentem Logo-Print vereint die heilige Dreifaltigkeit der Fashion S \u2013 sportlich, stylish und super-bequem. Soft-Feel, sportliche \u00c4rmelchevrons subtil gedrucktes Logo, Qualit\u00e4t: 100 % Baumwolle \u2013 Farbe 2006: 86 % Baumwolle, 14 % Polyester. Vereinswappen des Lehrter SV auf der Brust.Unisexschnitt\u00a0 Art 203566<\/p>\n<p>UVP 19,99 \u20ac zuz\u00fcgl zweifarbiger Direktflock<\/p>\n<p>FB 2001= schwarz\/wei\u00df<\/p>\n<p>FB 9001= wei\u00df\/schwarz<\/p>\n<p>FB 2006= grau\/wei\u00df<\/p>\n<p>Gr\u00f6\u00dfe\u00a0 S &#8211; 3XL<\/p>\n<p>Lieferzeit: ca 10 &#8211; 20 Tage<\/p>\n<p>&nbsp;<\/p>\n<table border=\"1\" cellspacing=\"0\" cellpadding=\"0\">\n<tbody>\n<tr>\n<td><strong>Menge<\/strong><\/td>\n<td><strong>Preis<\/strong><\/td>\n<\/tr>\n<tr>\n<td>1 &#8211; 4<\/td>\n<td>27,99 \u20ac<\/td>\n<\/tr>\n<tr>\n<td>5 &#8211; 19<\/td>\n<td>22,99 \u20ac<\/td>\n<\/tr>\n<tr>\n<td>20-50<\/td>\n<td>21,99 \u20ac<\/td>\n<\/tr>\n<\/tbody>\n<\/table>\n<p>&nbsp;<\/p>\n<p>&nbsp;<\/p>\n","protected":false},"featured_media":1281,"template":"","meta":[],"product_brand":[],"product_cat":[258,222],"product_tag":[],"class_list":{"0":"post-1279","1":"product","2":"type-product","3":"status-publish","4":"has-post-thumbnail","6":"product_cat-kollektion-lehrter-sv","7":"product_cat-lehrter-sv","8":"description-off","10":"first","11":"instock","12":"sale","13":"taxable","14":"shipping-taxable","15":"purchasable","16":"product-type-variable"},"_links":{"self":[{"href":"https:\/\/sport-goslar.de\/verein-shop\/wp-json\/wp\/v2\/product\/1279","targetHints":{"allow":["GET"]}}],"collection":[{"href":"https:\/\/sport-goslar.de\/verein-shop\/wp-json\/wp\/v2\/product"}],"about":[{"href":"https:\/\/sport-goslar.de\/verein-shop\/wp-json\/wp\/v2\/types\/product"}],"wp:featuredmedia":[{"embeddable":true,"href":"https:\/\/sport-goslar.de\/verein-shop\/wp-json\/wp\/v2\/media\/1281"}],"wp:attachment":[{"href":"https:\/\/sport-goslar.de\/verein-shop\/wp-json\/wp\/v2\/media?parent=1279"}],"wp:term":[{"taxonomy":"product_brand","embeddable":true,"href":"https:\/\/sport-goslar.de\/verein-shop\/wp-json\/wp\/v2\/product_brand?post=1279"},{"taxonomy":"product_cat","embeddable":true,"href":"https:\/\/sport-goslar.de\/verein-shop\/wp-json\/wp\/v2\/product_cat?post=1279"},{"taxonomy":"product_tag","embeddable":true,"href":"https:\/\/sport-goslar.de\/verein-shop\/wp-json\/wp\/v2\/product_tag?post=1279"}],"curies":[{"name":"wp","href":"https:\/\/api.w.org\/{rel}","templated":true}]}}