{"id":1276,"date":"2021-04-15T18:25:01","date_gmt":"2021-04-15T16:25:01","guid":{"rendered":"https:\/\/sport-goslar.de\/verein-shop\/?post_type=product&#038;p=1276"},"modified":"2024-05-07T17:48:44","modified_gmt":"2024-05-07T15:48:44","slug":"hml-basics-polo-kinder-lsv-inklusive-vereinswappen","status":"publish","type":"product","link":"https:\/\/sport-goslar.de\/verein-shop\/produkt\/hml-basics-polo-kinder-lsv-inklusive-vereinswappen\/","title":{"rendered":"HML Basics Polo Kinder LSV inklusive Vereinswappen"},"content":{"rendered":"<p>Hey Nachwuchstalente des <strong>Lehrter Sport Vereins<\/strong>,<\/p>\n<p>seid ihr schon auf unseren abgefahrenen Onlineshop f\u00fcr den<strong> Lehrter SV<\/strong> gesto\u00dfen?<\/p>\n<p>Wir sind mega stolz darauf, euch die M\u00f6glichkeit zu geben, eure Vereinskollektion online zu rocken und die hei\u00dfesten Produkte f\u00fcr euer Team abzusahnen.<\/p>\n<p>Aber checkt das: Unser Shop wurde nicht nur f\u00fcr den Lehrter SV gemacht, wir k\u00f6nnen auch f\u00fcr andere Vereine ma\u00dfgeschneiderte Shops zaubern!<\/p>\n<p>Unser Team steht in den Startl\u00f6chern, um euren Verein oder euer Team pers\u00f6nlich zu beraten und den geilsten Onlineshop ever zu kreieren.<\/p>\n<p>&nbsp;<\/p>\n<p>&nbsp;<\/p>\n<p><strong>Jetzt Shop einrichten:<\/strong><\/p>\n<p>Lasst uns zusammenkommen und eure individuelle Kollektion f\u00fcr euer Team besprechen. In einem pers\u00f6nlichen Gespr\u00e4ch beraten wir euch, welcher deutsche oder europ\u00e4ische Hersteller am besten zu eurem Verein, eurer Firma oder auch zum Verband passt.<\/p>\n<p>&nbsp;<\/p>\n<p><strong>Bestkonditionen und Gratisware sichern:<\/strong><\/p>\n<p>Wir m\u00f6chten auch euer Team professionell ausstatten und gro\u00dfz\u00fcgig unterst\u00fctzen. Als Ausr\u00fcster von verschiedenen Landesverb\u00e4nden mit insgesamt 283.920 Mitgliedern aus 2.971 angeschlossenen Vereinen haben wir au\u00dferordentlich gute Beziehungen zu sehr interessanten Partnern in der Sportartikelindustrie. Sichert euch jetzt TOP-Konditionen und attraktive Sponsoring-Vereinbarungen.<\/p>\n<p>&nbsp;<\/p>\n<p><strong>Eure Kollektion Online ohne zus\u00e4tzliche Kosten!<\/strong><\/p>\n<p>Keine Sorge, es entstehen keine Kosten f\u00fcr euren Vereinsshop. Wir programmieren den Onlineshop, bef\u00fcllen ihn mit den von euch ausgesuchten Artikeln, hinterlegen die Sonderpreise und \u00fcbernehmen die Pflege.<\/p>\n<p>&nbsp;<\/p>\n<p>D<strong>as \u201eMIA SAN MIA\u201c \u2013 Gef\u00fchl f\u00fcr dein Team!<\/strong><\/p>\n<p>Durch einen einheitlichen, professionellen Auftritt st\u00e4rken wir das WIR-Gef\u00fchl in eurem Team. Ob als Sportverein, Fan, Firma oder Landesverband \u2013 DEIN TEAM, EURE FARBEN!<\/p>\n<p>&nbsp;<\/p>\n<p><strong>Entlastung von Ehrenamtlichen!<\/strong><\/p>\n<p>Jedes Teammitglied kann sich die Artikel einfach und bequem \u00fcber den individuellen Onlineshop bestellen. Die Verantwortlichen in einem Verein oder Team k\u00f6nnen sich ab sofort auf das Wesentliche konzentrieren.<\/p>\n<p>&nbsp;<\/p>\n<p><strong>Pers\u00f6nliche Betreuung!<\/strong><\/p>\n<p>Egal wo der Schuh dr\u00fcckt, euer pers\u00f6nlicher Ansprechpartner ber\u00e4t euch individuell zu allen Fragen von der richtigen Beflockung \u00fcber die Artikelauswahl bis hin zu Lieferterminen oder Sonderanfertigungen.<\/p>\n<p>&nbsp;<\/p>\n<p><strong>Ihr wollt noch mehr?<\/strong><\/p>\n<p>Dann seid ihr bei dem Spezialisten f\u00fcr individuelle Handball-, Vereins- und Team-Ausstattung genau richtig! Bei uns erhaltet ihr nicht nur ma\u00dfgeschneiderte Trikots, die nach euren W\u00fcnschen designt werden, sondern auch eine Vielzahl weiterer Sonderanfertigungen wie Beach Handball Tops, Sportsocken mit Vereinswappen, Handt\u00fccher und sogar Badet\u00fccher im individuellen Vereinslook.<\/p>\n<p>Wir bieten eine breite Palette an Druck- und Veredelungstechniken an, darunter Siebdruck, Bestickung, Flexdruck, Direktflock, Flockdruck, Transferdruck, Digitaldruck und sogar 3D-Flock. Egal, welchen Look ihr euch f\u00fcr euer Team vorstellt, wir k\u00f6nnen es umsetzen!<\/p>\n<p>&nbsp;<\/p>\n<p>Wir legen gro\u00dfen Wert auf Nachhaltigkeit und Qualit\u00e4t, daher garantieren wir Produkte, die auf h\u00f6chstem Niveau produziert werden. Unsere Stickereien sind besonders edel und langlebig.Wir beraten euch gerne pers\u00f6nlich am Telefon oder vor Ort, um sicherzustellen, dass eure Vorstellungen perfekt umgesetzt werden.<\/p>\n<p>&nbsp;<\/p>\n<p>Egal, ob es um Teambekleidung f\u00fcr euren Verein, Arbeitskleidung f\u00fcr den Alltag oder Veranstaltungen geht \u2013 wir haben die L\u00f6sung.Als Ausstatter namhafter Unternehmen, Vereine und Landesverb\u00e4nde setzen wir euren Verein mit hochwertigen Druck- und Veredelungstechniken in Szene. Unsere Produkte sind nicht nur umweltfreundlich, sondern auch strapazierf\u00e4hig und langlebig. Wir setzen auf hochwertige Materialien und Techniken, damit eure Ausr\u00fcstung auch nach vielen Eins\u00e4tzen wie neu aussieht.<\/p>\n<p>&nbsp;<\/p>\n<p>Vertraut auf unsere Fachkompetenz und \u00fcber 125 Jahre Erfahrung im Bereich Sportausr\u00fcstung. Sport Goslar \u2013 euer Partner f\u00fcr hochwertige Teamwear und individuelle Textilveredelung<\/p>\n<p>&nbsp;<\/p>\n<p>Wir freuen uns darauf, von euch zu h\u00f6ren und gemeinsam mit euch durchzustarten!<\/p>\n<p>&nbsp;<\/p>\n<p>&nbsp;<\/p>\n<p>&nbsp;<\/p>\n<p>&nbsp;<\/p>\n<p>&nbsp;<\/p>\n<p>&nbsp;<\/p>\n<p>Ware die invividuell f\u00fcr euch veredelt wird (also z.B. mit Spielernamen, Nummern, Sponsorenlogos, Vereinswappen, Initalien, etc bedruckt\/beflockt wird) gilt als Sonderanfertigung und ist von einem Umtausch leider ausgeschlossen.<\/p>\n","protected":false},"excerpt":{"rendered":"<p><strong>HML Basics Polo Kinder LSV inklusive Vereinswappen<\/strong><\/p>\n<p>Das klassische hummel\u00ae HMLGO COTTON POLO mit Knopfleiste ist perfekt f\u00fcr Streetwear und Smart Wear. \u00c4rmel-Chevrons und ein bedrucktes Brustlogo sorgen f\u00fcr ein sportliches Flair. Button-Up-Kragen, Polo im klassischen Stil, sportliche \u00c4rmelchevrons, gedrucktes Brustlogo, Qualit\u00e4t: 100 % Baumwolle \u2013 Farbe 2006: 90 % Baumwolle, 10 % Viskose.Vereinwappen des Lehrter SV auf der Brust.Art 203521<\/p>\n<p>UVP 27,99 \u20ac zuz\u00fcgl zweifarbiger Direktflock<\/p>\n<p>FB 2001= schwarz\/wei\u00df<\/p>\n<p>FB 9001= wei\u00df\/schwarz<\/p>\n<p>FB 2006= grau\/wei\u00df<\/p>\n<p>Gr\u00f6\u00dfe\u00a0 116 &#8211; 176<\/p>\n<p>Lieferzeit: ca 10 &#8211; 20 Tage<\/p>\n<p>&nbsp;<\/p>\n<table border=\"1\" cellspacing=\"0\" cellpadding=\"0\">\n<tbody>\n<tr>\n<td><strong>Menge<\/strong><\/td>\n<td><strong>Preis<\/strong><\/td>\n<\/tr>\n<tr>\n<td>1 &#8211; 4<\/td>\n<td>29,99 \u20ac<\/td>\n<\/tr>\n<tr>\n<td>5 &#8211; 19<\/td>\n<td>25,99 \u20ac<\/td>\n<\/tr>\n<tr>\n<td>20-50<\/td>\n<td>24,99 \u20ac<\/td>\n<\/tr>\n<\/tbody>\n<\/table>\n<p>&nbsp;<\/p>\n","protected":false},"featured_media":1272,"template":"","meta":[],"product_brand":[],"product_cat":[258,222],"product_tag":[],"class_list":{"0":"post-1276","1":"product","2":"type-product","3":"status-publish","4":"has-post-thumbnail","6":"product_cat-kollektion-lehrter-sv","7":"product_cat-lehrter-sv","8":"description-off","10":"first","11":"instock","12":"sale","13":"taxable","14":"shipping-taxable","15":"purchasable","16":"product-type-variable"},"_links":{"self":[{"href":"https:\/\/sport-goslar.de\/verein-shop\/wp-json\/wp\/v2\/product\/1276","targetHints":{"allow":["GET"]}}],"collection":[{"href":"https:\/\/sport-goslar.de\/verein-shop\/wp-json\/wp\/v2\/product"}],"about":[{"href":"https:\/\/sport-goslar.de\/verein-shop\/wp-json\/wp\/v2\/types\/product"}],"wp:featuredmedia":[{"embeddable":true,"href":"https:\/\/sport-goslar.de\/verein-shop\/wp-json\/wp\/v2\/media\/1272"}],"wp:attachment":[{"href":"https:\/\/sport-goslar.de\/verein-shop\/wp-json\/wp\/v2\/media?parent=1276"}],"wp:term":[{"taxonomy":"product_brand","embeddable":true,"href":"https:\/\/sport-goslar.de\/verein-shop\/wp-json\/wp\/v2\/product_brand?post=1276"},{"taxonomy":"product_cat","embeddable":true,"href":"https:\/\/sport-goslar.de\/verein-shop\/wp-json\/wp\/v2\/product_cat?post=1276"},{"taxonomy":"product_tag","embeddable":true,"href":"https:\/\/sport-goslar.de\/verein-shop\/wp-json\/wp\/v2\/product_tag?post=1276"}],"curies":[{"name":"wp","href":"https:\/\/api.w.org\/{rel}","templated":true}]}}