{"id":1260,"date":"2021-04-15T17:36:10","date_gmt":"2021-04-15T15:36:10","guid":{"rendered":"https:\/\/sport-goslar.de\/verein-shop\/?post_type=product&#038;p=1260"},"modified":"2024-05-07T17:59:34","modified_gmt":"2024-05-07T15:59:34","slug":"hml-herren-hoodie-lsv-inklusive-brustwappen","status":"publish","type":"product","link":"https:\/\/sport-goslar.de\/verein-shop\/produkt\/hml-herren-hoodie-lsv-inklusive-brustwappen\/","title":{"rendered":"HML Herren Hoodie LSV inklusive Brustwappen"},"content":{"rendered":"<p>Hey LSV-Mitglieder,<\/p>\n<p>habt ihr schon unseren coolen Onlineshop f\u00fcr den <strong>Lehrter SV<\/strong> entdeckt? Wir sind richtig begeistert, euch die M\u00f6glichkeit zu geben, eure Vereinskollektion online zu zeigen und die besten Sachen f\u00fcr euer Team zu finden. Und wisst ihr was? Das gilt nicht nur f\u00fcr uns, sondern wir k\u00f6nnen auch f\u00fcr andere Vereine individuelle Shops machen! Unser Team steht bereit, um euch pers\u00f6nlich zu beraten und den perfekten Shop f\u00fcr euer Team zu erstellen.<\/p>\n<p>&nbsp;<\/p>\n<p>Wir bei Sport Goslar sind mehr als nur ein Sportgesch\u00e4ft \u2013 wir sind die Trendsetter f\u00fcr individuelle Volleyballtrikots und Teamwear, die euer Spiel auf ein neues Level heben! Schluss mit langweiligen Standardtrikots \u2013 bei uns gibt es ma\u00dfgeschneiderte Designs, die euer Team zum absoluten Hingucker machen. Von einzigartigen Beach-Volleyball Singlets bis hin zu personalisierten Badet\u00fcchern im Vereinslook \u2013 wir haben alles, was euer sportliches Herz begehrt!<\/p>\n<p>&nbsp;<\/p>\n<p>Aber was macht uns so besonders? Unser Know-how in Sachen Druck- und Veredelungstechniken! Egal ob Siebdruck, Bestickung, Flexdruck oder 3D-Flock \u2013 wir setzen eure Ideen in die Realit\u00e4t um. Denn bei uns ist nichts unm\u00f6glich, wenn es um eure individuelle Teamwear geht.<\/p>\n<p>&nbsp;<\/p>\n<p>Als offizieller Ausstatter zahlreicher Sportverb\u00e4nde und Vereine haben wir uns einen Namen gemacht. Seit \u00fcber einem Jahrhundert stehen wir f\u00fcr Leidenschaft, Teamgeist und das unschlagbare Wir-Gef\u00fchl. Und das seit 1894 \u2013 lange bevor Sport cool war, waren wir schon dabei!<\/p>\n<p>&nbsp;<\/p>\n<p>Egal ob ihr eine Gro\u00dfbestellung f\u00fcr euren gesamten Verein oder nur ein paar Teile f\u00fcr euer Squad braucht \u2013 wir k\u00fcmmern uns darum! Dabei setzen wir auf Top-Marken wie Erima, Hummel und Jako, um euch die beste Qualit\u00e4t zu bieten. Unsere modernen Druckereien sorgen f\u00fcr eine schnelle und zuverl\u00e4ssige Bearbeitung eurer Bestellungen \u2013 und das zu fairen Preisen!<\/p>\n<p>&nbsp;<\/p>\n<p>Doch damit nicht genug! Unser einzigartiges Sublimationsdruckverfahren setzt euren W\u00fcnschen und eurer Fantasie praktisch keine Grenzen mehr. Die Farben werden direkt in das Material eingedampft und sind Teil des Stoffes \u2013 das bedeutet unschlagbare Haltbarkeit und Tragekomfort!<\/p>\n<p>&nbsp;<\/p>\n<p>Unsere sublimierten Textilien sind nicht nur f\u00fcr Volleyball geeignet, sondern auch f\u00fcr Handball, Fu\u00dfball, Basketball, Beachhandball, Laufen und Leichtathletik. Als offizieller Ausstatter namhafter Verb\u00e4nde wie dem Nieders\u00e4chsischen Leichtathletik Verband, dem Nieders\u00e4chsischen Sportsch\u00fctzenverband, dem Landesschwimmverband Niedersachsen, dem Squashverband Niedersachsen und dem Triathlon Verband Niedersachsen sind wir stolz darauf, mit \u00fcber 284.000 Mitgliedern aus 2654 Vereinen zusammenzuarbeiten!<\/p>\n<p>&nbsp;<\/p>\n<p>Wir setzen auf nachhaltige Produkte, die auf h\u00f6chstem Niveau produziert werden. Von der Bearbeitung der Vorlage \u00fcber die Auswahl der Techniken (Sublimation, Siebdruck, Direktflock) bis hin zum eigentlichen Bearbeiten der Textilien \u2013 wir sind mit Sorgfalt und Kompetenz euer verl\u00e4sslicher Partner.<\/p>\n<p>&nbsp;<\/p>\n<p>Also, worauf wartet ihr noch? Holt euch jetzt eure individuelle Teamwear bei Sport Goslar und zeigt der Welt, was in euch steckt!<\/p>\n<p>&nbsp;<\/p>\n<p>&nbsp;<\/p>\n<p>&nbsp;<\/p>\n<p>&nbsp;<\/p>\n<p>&nbsp;<\/p>\n<p>&nbsp;<\/p>\n<p>&nbsp;<\/p>\n<p>&nbsp;<\/p>\n<p>Ware die invividuell f\u00fcr euch veredelt wird (also z.B. mit Spielernamen, Nummern, Sponsorenlogos, Vereinswappen, Initalien, etc bedruckt\/beflockt wird) gilt als Sonderanfertigung und ist von einem Umtausch leider ausgeschlossen.<\/p>\n","protected":false},"excerpt":{"rendered":"<p><strong>HML Herren <\/strong><strong>Kapuzensweat LSV<\/strong><strong> inklusive Brustwappen<br \/>\n<\/strong><\/p>\n<p>Nichts geht \u00fcber einen bequemen Hoodie, wenn Sie unterwegs sind. W\u00e4hlen Sie Ihre Farbe aus unserer HMLGO COTTON HOODIE Kollektion und Sie haben Ihren perfekten Partner f\u00fcr den Casual Fr\u00fchlingsstil. Vier unserer typischen Chevrons zieren beide \u00c4rmel. Dieser hummel\u00ae Hoodie verf\u00fcgt \u00fcber ein Mesh-Futter f\u00fcr zus\u00e4tzliche Bel\u00fcftung und einen gerippten Saum und \u00c4rmelb\u00fcndchen, um an frischen Morgenstunden warm zu bleiben! Sweat-Gewebe, Mesh-Futter, Chevrons an den \u00c4rmeln, Kapuze mit Kordelzug, gedrucktes hummel\u00ae-Logo auf der Brust, B\u00fcndchen an \u00c4rmeln und Saum, Qualit\u00e4t: 80 % Baumwolle, 20 % Polyester. Vereinwappen des LSV auf dem R\u00fccken.Unisexschnitt\u00a0 Art.203508<\/p>\n<p>UVP 49,99 + Druckkosten<\/p>\n<p>&nbsp;<\/p>\n<p>FB 2001=schwarz\/wei\u00df<\/p>\n<p>FB 2006=grau\/wei\u00df<\/p>\n<p>FB 9001=wei\u00df\/schwarz<\/p>\n<p>Gr\u00f6\u00dfe\u00a0 S &#8211; 3XL<\/p>\n<p>Lieferzeit: ca 10 &#8211; 20 Tage<\/p>\n<p>&nbsp;<\/p>\n<table border=\"1\" cellspacing=\"0\" cellpadding=\"0\">\n<tbody>\n<tr>\n<td><strong>Menge<\/strong><\/td>\n<td><strong>Preis<\/strong><\/td>\n<\/tr>\n<tr>\n<td>1 &#8211; 4<\/td>\n<td>44,99 \u20ac<\/td>\n<\/tr>\n<tr>\n<td>5 &#8211; 19<\/td>\n<td>41,99 \u20ac<\/td>\n<\/tr>\n<tr>\n<td>20-50<\/td>\n<td>40,99 \u20ac<\/td>\n<\/tr>\n<\/tbody>\n<\/table>\n<p>&nbsp;<\/p>\n<p>&nbsp;<\/p>\n","protected":false},"featured_media":1262,"template":"","meta":[],"product_brand":[],"product_cat":[258,222],"product_tag":[],"class_list":{"0":"post-1260","1":"product","2":"type-product","3":"status-publish","4":"has-post-thumbnail","6":"product_cat-kollektion-lehrter-sv","7":"product_cat-lehrter-sv","8":"description-off","10":"first","11":"instock","12":"sale","13":"taxable","14":"shipping-taxable","15":"purchasable","16":"product-type-variable"},"_links":{"self":[{"href":"https:\/\/sport-goslar.de\/verein-shop\/wp-json\/wp\/v2\/product\/1260","targetHints":{"allow":["GET"]}}],"collection":[{"href":"https:\/\/sport-goslar.de\/verein-shop\/wp-json\/wp\/v2\/product"}],"about":[{"href":"https:\/\/sport-goslar.de\/verein-shop\/wp-json\/wp\/v2\/types\/product"}],"wp:featuredmedia":[{"embeddable":true,"href":"https:\/\/sport-goslar.de\/verein-shop\/wp-json\/wp\/v2\/media\/1262"}],"wp:attachment":[{"href":"https:\/\/sport-goslar.de\/verein-shop\/wp-json\/wp\/v2\/media?parent=1260"}],"wp:term":[{"taxonomy":"product_brand","embeddable":true,"href":"https:\/\/sport-goslar.de\/verein-shop\/wp-json\/wp\/v2\/product_brand?post=1260"},{"taxonomy":"product_cat","embeddable":true,"href":"https:\/\/sport-goslar.de\/verein-shop\/wp-json\/wp\/v2\/product_cat?post=1260"},{"taxonomy":"product_tag","embeddable":true,"href":"https:\/\/sport-goslar.de\/verein-shop\/wp-json\/wp\/v2\/product_tag?post=1260"}],"curies":[{"name":"wp","href":"https:\/\/api.w.org\/{rel}","templated":true}]}}