{"id":1258,"date":"2021-04-15T17:13:26","date_gmt":"2021-04-15T15:13:26","guid":{"rendered":"https:\/\/sport-goslar.de\/verein-shop\/?post_type=product&#038;p=1258"},"modified":"2024-05-07T18:00:44","modified_gmt":"2024-05-07T16:00:44","slug":"hml-softshelljacke-kinder-inklusive-lsv-brustwappen","status":"publish","type":"product","link":"https:\/\/sport-goslar.de\/verein-shop\/produkt\/hml-softshelljacke-kinder-inklusive-lsv-brustwappen\/","title":{"rendered":"HML Softshelljacke Kinder inklusive LSV Brustwappen"},"content":{"rendered":"<p>Hey LSV-Nachwuchs,<\/p>\n<p>seid ihr schon auf unseren abgefahrenen Onlineshop f\u00fcr den<strong> Lehrter SV<\/strong> gesto\u00dfen?<\/p>\n<p>Wir sind mega stolz darauf, euch die M\u00f6glichkeit zu geben, eure Vereinskollektion online zu rocken und die hei\u00dfesten Produkte f\u00fcr euer Team abzusahnen.<\/p>\n<p>Aber checkt das: Unser Shop wurde nicht nur f\u00fcr den <strong>Lehrter Sport Verein<\/strong> gemacht, wir k\u00f6nnen auch f\u00fcr andere Vereine ma\u00dfgeschneiderte Shops zaubern!<\/p>\n<p>Unser Team steht in den Startl\u00f6chern, um euren Verein oder euer Team pers\u00f6nlich zu beraten und den geilsten Onlineshop ever zu kreieren.<\/p>\n<p>&nbsp;<\/p>\n<p>Als offizieller Ausstatter zahlreicher Sportverb\u00e4nde und Vereine haben wir uns einen Namen gemacht. Seit \u00fcber einem Jahrhundert stehen wir f\u00fcr Leidenschaft, Teamgeist und das unschlagbare Wir-Gef\u00fchl. Und das seit 1894 \u2013 lange bevor Sport cool war, waren wir schon dabei!<\/p>\n<p>&nbsp;<\/p>\n<p>Egal ob ihr eine Gro\u00dfbestellung f\u00fcr euren gesamten Verein oder nur ein paar Teile f\u00fcr euer Squad braucht \u2013 wir k\u00fcmmern uns darum! Dabei setzen wir auf Top-Marken wie Erima, Hummel und Jako, um euch die beste Qualit\u00e4t zu bieten. Unsere modernen Druckereien sorgen f\u00fcr eine schnelle und zuverl\u00e4ssige Bearbeitung eurer Bestellungen \u2013 und das zu fairen Preisen!<\/p>\n<p>&nbsp;<\/p>\n<p>Doch damit nicht genug! Unser einzigartiges Sublimationsdruckverfahren setzt euren W\u00fcnschen und eurer Fantasie praktisch keine Grenzen mehr. Die Farben werden direkt in das Material eingedampft und sind Teil des Stoffes \u2013 das bedeutet unschlagbare Haltbarkeit und Tragekomfort!<\/p>\n<p>&nbsp;<\/p>\n<p>Unsere sublimierten Textilien sind nicht nur f\u00fcr Volleyball geeignet, sondern auch f\u00fcr Handball, Fu\u00dfball, Basketball, Beachhandball, Laufen und Leichtathletik. Als offizieller Ausstatter namhafter Verb\u00e4nde wie dem Nieders\u00e4chsischen Leichtathletik Verband, dem Nieders\u00e4chsischen Sportsch\u00fctzenverband, dem Landesschwimmverband Niedersachsen, dem Squashverband Niedersachsen und dem Triathlon Verband Niedersachsen sind wir stolz darauf, mit \u00fcber 284.000 Mitgliedern aus 2654 Vereinen zusammenzuarbeiten!<\/p>\n<p>&nbsp;<\/p>\n<p>Wir setzen auf nachhaltige Produkte, die auf h\u00f6chstem Niveau produziert werden. Von der Bearbeitung der Vorlage \u00fcber die Auswahl der Techniken (Sublimation, Siebdruck, Direktflock) bis hin zum eigentlichen Bearbeiten der Textilien \u2013 wir sind mit Sorgfalt und Kompetenz euer verl\u00e4sslicher Partner.<\/p>\n<p>&nbsp;<\/p>\n<p>Also, worauf wartet ihr noch? Holt euch jetzt eure individuelle Teamwear bei Sport Goslar und zeigt der Welt, was in euch steckt!<\/p>\n<p>&nbsp;<\/p>\n<p>&nbsp;<\/p>\n<p>&nbsp;<\/p>\n<p>&nbsp;<\/p>\n<p>&nbsp;<\/p>\n<p>&nbsp;<\/p>\n<p>&nbsp;<\/p>\n<p>Ware die invividuell f\u00fcr euch veredelt wird (also z.B. mit Spielernamen, Nummern, Sponsorenlogos, Vereinswappen, Initalien, etc bedruckt\/beflockt wird) gilt als Sonderanfertigung und ist von einem Umtausch leider ausgeschlossen.<\/p>\n","protected":false},"excerpt":{"rendered":"<p><strong>HML Softshelljacke Kinder inklusive LSV Brustwappen<\/strong><\/p>\n<p>Die hmlNORTH SOFTSHELL JACKET h\u00e4lt dich dank des wasserabweisenden Softshell-Au\u00dfenmaterials und Fleece-Innenmaterial bei jedem Herbstwetter warm und trocken. Der Saum ist mit einem Kordelzug ausgestattet, mit dem die Passform angepasst werden kann und der W\u00e4rme einschlie\u00dft sowie Wind abh\u00e4lt! Der Frontrei\u00dfverschluss ist mit einem wasserdichten Logoband versehen. Diese hummel\u00ae Jacke hat eine Rei\u00dfverschlusstasche am linken \u00c4rmel sowie zwei Rei\u00dfverschlusstaschen an den Seiten der Jacke..Vereinwappen des Lehrter SV auf der Brust. Art 206696<\/p>\n<p>UVP 89,99 + Druckkosten<\/p>\n<p>FB 1006= schwarz\/asphalt<\/p>\n<p>Gr\u00f6\u00dfe\u00a0 116 &#8211; 176<\/p>\n<p>Lieferzeit: ca 10 &#8211; 20 Tage<\/p>\n<p>&nbsp;<\/p>\n<table border=\"1\" cellspacing=\"0\" cellpadding=\"0\">\n<tbody>\n<tr>\n<td><strong>Menge<\/strong><\/td>\n<td><strong>Preis<\/strong><\/td>\n<\/tr>\n<tr>\n<td>1 &#8211; 4<\/td>\n<td>67,99 \u20ac<\/td>\n<\/tr>\n<tr>\n<td>5 &#8211; 19<\/td>\n<td>62,99 \u20ac<\/td>\n<\/tr>\n<tr>\n<td>20-50<\/td>\n<td>62,50 \u20ac<\/td>\n<\/tr>\n<\/tbody>\n<\/table>\n<p>&nbsp;<\/p>\n","protected":false},"featured_media":1254,"template":"","meta":[],"product_brand":[],"product_cat":[258,222],"product_tag":[],"class_list":{"0":"post-1258","1":"product","2":"type-product","3":"status-publish","4":"has-post-thumbnail","6":"product_cat-kollektion-lehrter-sv","7":"product_cat-lehrter-sv","8":"description-off","10":"first","11":"instock","12":"sale","13":"taxable","14":"shipping-taxable","15":"purchasable","16":"product-type-variable"},"_links":{"self":[{"href":"https:\/\/sport-goslar.de\/verein-shop\/wp-json\/wp\/v2\/product\/1258","targetHints":{"allow":["GET"]}}],"collection":[{"href":"https:\/\/sport-goslar.de\/verein-shop\/wp-json\/wp\/v2\/product"}],"about":[{"href":"https:\/\/sport-goslar.de\/verein-shop\/wp-json\/wp\/v2\/types\/product"}],"wp:featuredmedia":[{"embeddable":true,"href":"https:\/\/sport-goslar.de\/verein-shop\/wp-json\/wp\/v2\/media\/1254"}],"wp:attachment":[{"href":"https:\/\/sport-goslar.de\/verein-shop\/wp-json\/wp\/v2\/media?parent=1258"}],"wp:term":[{"taxonomy":"product_brand","embeddable":true,"href":"https:\/\/sport-goslar.de\/verein-shop\/wp-json\/wp\/v2\/product_brand?post=1258"},{"taxonomy":"product_cat","embeddable":true,"href":"https:\/\/sport-goslar.de\/verein-shop\/wp-json\/wp\/v2\/product_cat?post=1258"},{"taxonomy":"product_tag","embeddable":true,"href":"https:\/\/sport-goslar.de\/verein-shop\/wp-json\/wp\/v2\/product_tag?post=1258"}],"curies":[{"name":"wp","href":"https:\/\/api.w.org\/{rel}","templated":true}]}}