{"id":1250,"date":"2021-04-15T16:49:50","date_gmt":"2021-04-15T14:49:50","guid":{"rendered":"https:\/\/sport-goslar.de\/verein-shop\/?post_type=product&#038;p=1250"},"modified":"2024-05-07T18:08:36","modified_gmt":"2024-05-07T16:08:36","slug":"hml-fleecejacke-damen-lsv-inklusive-brustwappen","status":"publish","type":"product","link":"https:\/\/sport-goslar.de\/verein-shop\/produkt\/hml-fleecejacke-damen-lsv-inklusive-brustwappen\/","title":{"rendered":"HML Fleecejacke Damen LSV inklusive Brustwappen"},"content":{"rendered":"<p>Liebe Damen des Lehrter Sport Vereins, habt ihr schon unseren coolen Onlineshop f\u00fcr den Lehrter SV entdeckt?<\/p>\n<p>Wir sind richtig begeistert, euch die M\u00f6glichkeit zu geben, eure Vereinskollektion online zu zeigen und die besten Sachen f\u00fcr euer Team zu finden.<\/p>\n<p>Und wisst ihr was? Das gilt nicht nur f\u00fcr uns, sondern wir k\u00f6nnen auch f\u00fcr andere Vereine individuelle Shops machen!<\/p>\n<p>Unser Team steht bereit, um euch pers\u00f6nlich zu beraten und den perfekten Shop f\u00fcr euer Team zu erstellen.<\/p>\n<p>&nbsp;<\/p>\n<p>Wir bei Sport Goslar sind mehr als nur ein Sportgesch\u00e4ft \u2013 wir sind die Trendsetter f\u00fcr individuelle Basketball- und Handballtrikots und Teamwear, die euer Spiel auf ein neues Level heben! Schluss mit langweiligen Standardtrikots \u2013 bei uns gibt es ma\u00dfgeschneiderte Designs, die euer Team zum absoluten Hingucker machen. Von einzigartigen Leichathletik-Singlets bis hin zu personalisierten Badet\u00fcchern im Vereinslook \u2013 wir haben alles, was euer sportliches Herz begehrt!<\/p>\n<p>&nbsp;<\/p>\n<p>Aber was macht uns so besonders? Unser Know-how in Sachen Druck- und Veredelungstechniken! Egal ob Siebdruck, Bestickung, Flexdruck oder 3D-Flock \u2013 wir setzen eure Ideen in die Realit\u00e4t um. Denn bei uns ist nichts unm\u00f6glich, wenn es um eure individuelle Teamwear geht.<\/p>\n<p>&nbsp;<\/p>\n<p>Als offizieller Ausstatter zahlreicher Sportverb\u00e4nde und Vereine haben wir uns einen Namen gemacht. Seit \u00fcber einem Jahrhundert stehen wir f\u00fcr Leidenschaft, Teamgeist und das unschlagbare Wir-Gef\u00fchl. Und das seit 1894 \u2013 lange bevor Sport cool war, waren wir schon dabei!<\/p>\n<p>&nbsp;<\/p>\n<p>Egal ob ihr eine Gro\u00dfbestellung f\u00fcr euren gesamten Verein oder nur ein paar Teile f\u00fcr euer Squad braucht \u2013 wir k\u00fcmmern uns darum! Dabei setzen wir auf Top-Marken wie Erima, Hummel und Jako, um euch die beste Qualit\u00e4t zu bieten. Unsere modernen Druckereien sorgen f\u00fcr eine schnelle und zuverl\u00e4ssige Bearbeitung eurer Bestellungen \u2013 und das zu fairen Preisen!<\/p>\n<p>&nbsp;<\/p>\n<p>Doch damit nicht genug! Unser einzigartiges Sublimationsdruckverfahren setzt euren W\u00fcnschen und eurer Fantasie praktisch keine Grenzen mehr. Die Farben werden direkt in das Material eingedampft und sind Teil des Stoffes \u2013 das bedeutet unschlagbare Haltbarkeit und Tragekomfort!<\/p>\n<p>&nbsp;<\/p>\n<p>Unsere sublimierten Textilien sind nicht nur f\u00fcr Volleyball geeignet, sondern auch f\u00fcr Handball, Fu\u00dfball, Basketball, Beachhandball, Laufen und Leichtathletik. Als offizieller Ausstatter namhafter Verb\u00e4nde wie dem Nieders\u00e4chsischen Leichtathletik Verband, dem Nieders\u00e4chsischen Sportsch\u00fctzenverband, dem Landesschwimmverband Niedersachsen, dem Squashverband Niedersachsen und dem Triathlon Verband Niedersachsen sind wir stolz darauf, mit \u00fcber 284.000 Mitgliedern aus 2654 Vereinen zusammenzuarbeiten!<\/p>\n<p>&nbsp;<\/p>\n<p>Wir setzen auf nachhaltige Produkte, die auf h\u00f6chstem Niveau produziert werden. Von der Bearbeitung der Vorlage \u00fcber die Auswahl der Techniken (Sublimation, Siebdruck, Direktflock) bis hin zum eigentlichen Bearbeiten der Textilien \u2013 wir sind mit Sorgfalt und Kompetenz euer verl\u00e4sslicher Partner.<\/p>\n<p>&nbsp;<\/p>\n<p>Also, worauf wartet ihr noch? Holt euch jetzt eure individuelle Teamwear bei Sport Goslar und zeigt der Welt, was in euch steckt!<\/p>\n<p>&nbsp;<\/p>\n<p>&nbsp;<\/p>\n<p>&nbsp;<\/p>\n<p>&nbsp;<\/p>\n<p>&nbsp;<\/p>\n<p>&nbsp;<\/p>\n<p>Ware die invividuell f\u00fcr euch veredelt wird (also z.B. mit Spielernamen, Nummern, Sponsorenlogos, Vereinswappen, Initalien, etc bedruckt\/beflockt wird) gilt als Sonderanfertigung und ist von einem Umtausch leider ausgeschlossen.<\/p>\n","protected":false},"excerpt":{"rendered":"<p><strong>HML Fleecejacke Damen LSV inklusive Brustwappen<\/strong><\/p>\n<p>Die hmlNORTH FULL ZIP FLEECE JACKET bietet in einem schlanken, einfarbigen Design Schutz vor den Elementen. Diese hummel\u00ae Jacke aus w\u00e4rmendem Fleece verf\u00fcgt \u00fcber einen hohen Kragen zum Abdecken des Halses sowie ein wasserdichtes Logoband am Frontrei\u00dfverschluss. Seitentaschen mit Rei\u00dfverschluss bieten Platz f\u00fcr Kleinigkeiten.Vereinwappen des Lehrter SV auf der Brust.Taillierter Damenschnitt\u00a0 Art 206694 UVP 64,99 + Druckkosten<\/p>\n<p>FB 1006= schwarz\/asphalt<\/p>\n<p>Gr\u00f6\u00dfe\u00a0 XS &#8211; 2XL<\/p>\n<p>Lieferzeit: ca 10 &#8211; 20 Tage<\/p>\n<p>&nbsp;<\/p>\n<table border=\"1\" cellspacing=\"0\" cellpadding=\"0\">\n<tbody>\n<tr>\n<td><strong>Menge<\/strong><\/td>\n<td><strong>Preis<\/strong><\/td>\n<\/tr>\n<tr>\n<td>1 &#8211; 4<\/td>\n<td>52,99 \u20ac<\/td>\n<\/tr>\n<tr>\n<td>5 &#8211; 19<\/td>\n<td>47,99 \u20ac<\/td>\n<\/tr>\n<tr>\n<td>20-50<\/td>\n<td>46,99 \u20ac<\/td>\n<\/tr>\n<\/tbody>\n<\/table>\n<p>&nbsp;<\/p>\n","protected":false},"featured_media":1249,"template":"","meta":[],"product_brand":[],"product_cat":[258,222],"product_tag":[],"class_list":{"0":"post-1250","1":"product","2":"type-product","3":"status-publish","4":"has-post-thumbnail","6":"product_cat-kollektion-lehrter-sv","7":"product_cat-lehrter-sv","8":"description-off","10":"first","11":"instock","12":"sale","13":"taxable","14":"shipping-taxable","15":"purchasable","16":"product-type-variable"},"_links":{"self":[{"href":"https:\/\/sport-goslar.de\/verein-shop\/wp-json\/wp\/v2\/product\/1250","targetHints":{"allow":["GET"]}}],"collection":[{"href":"https:\/\/sport-goslar.de\/verein-shop\/wp-json\/wp\/v2\/product"}],"about":[{"href":"https:\/\/sport-goslar.de\/verein-shop\/wp-json\/wp\/v2\/types\/product"}],"wp:featuredmedia":[{"embeddable":true,"href":"https:\/\/sport-goslar.de\/verein-shop\/wp-json\/wp\/v2\/media\/1249"}],"wp:attachment":[{"href":"https:\/\/sport-goslar.de\/verein-shop\/wp-json\/wp\/v2\/media?parent=1250"}],"wp:term":[{"taxonomy":"product_brand","embeddable":true,"href":"https:\/\/sport-goslar.de\/verein-shop\/wp-json\/wp\/v2\/product_brand?post=1250"},{"taxonomy":"product_cat","embeddable":true,"href":"https:\/\/sport-goslar.de\/verein-shop\/wp-json\/wp\/v2\/product_cat?post=1250"},{"taxonomy":"product_tag","embeddable":true,"href":"https:\/\/sport-goslar.de\/verein-shop\/wp-json\/wp\/v2\/product_tag?post=1250"}],"curies":[{"name":"wp","href":"https:\/\/api.w.org\/{rel}","templated":true}]}}