{"id":1239,"date":"2021-04-15T12:54:31","date_gmt":"2021-04-15T10:54:31","guid":{"rendered":"https:\/\/sport-goslar.de\/verein-shop\/?post_type=product&#038;p=1239"},"modified":"2024-05-06T17:43:24","modified_gmt":"2024-05-06T15:43:24","slug":"duschtuch-mtv-wolfenbuettel","status":"publish","type":"product","link":"https:\/\/sport-goslar.de\/verein-shop\/produkt\/duschtuch-mtv-wolfenbuettel\/","title":{"rendered":"Duschtuch MTV Wolfenb\u00fcttel"},"content":{"rendered":"<p>Na, ihr Sportskanonen und Verb\u00e4nde, habt ihr schon unsere hippe Onlinebude entdeckt?<\/p>\n<p>Wir sind ja so stolz, euch die M\u00f6glichkeit zu bieten, eure Vereinskollektion online zu pr\u00e4sentieren und die absoluten Must-haves f\u00fcr euer Team zu ergattern.<\/p>\n<p>Aber mal ehrlich, das gilt doch nicht nur f\u00fcr den MTV Wolfenb\u00fcttel, oder? Wir k\u00f6nnen doch auch f\u00fcr alle anderen Vereine einen ma\u00dfgeschneiderten Shop aus dem \u00c4rmel sch\u00fctteln!<\/p>\n<p>Unser Team steht bereit, um euch pers\u00f6nlich zu beraten und den krassen Onlineshop eurer Tr\u00e4ume zu bauen.<\/p>\n<p>&nbsp;<\/p>\n<p><strong>Jetzt Shop einrichten:<\/strong><\/p>\n<p>Lasst uns zusammenkommen und eure individuelle Kollektion f\u00fcr euer Team besprechen. In einem pers\u00f6nlichen Gespr\u00e4ch beraten wir euch, welcher deutsche oder europ\u00e4ische Hersteller am besten zu eurem Verein, eurer Firma oder auch zum Verband passt.<\/p>\n<p>&nbsp;<\/p>\n<p><strong>Bestkonditionen und Gratisware sichern:<\/strong><\/p>\n<p>Wir m\u00f6chten auch euer Team professionell ausstatten und gro\u00dfz\u00fcgig unterst\u00fctzen. Als Ausr\u00fcster von verschiedenen Landesverb\u00e4nden mit insgesamt 283.920 Mitgliedern aus 2.971 angeschlossenen Vereinen haben wir au\u00dferordentlich gute Beziehungen zu sehr interessanten Partnern in der Sportartikelindustrie. Sichert euch jetzt TOP-Konditionen und attraktive Sponsoring-Vereinbarungen.<\/p>\n<p>&nbsp;<\/p>\n<p><strong>Eure Kollektion Online ohne zus\u00e4tzliche Kosten!<\/strong><\/p>\n<p>Keine Sorge, es entstehen keine Kosten f\u00fcr euren Vereinsshop. Wir programmieren den Onlineshop, bef\u00fcllen ihn mit den von euch ausgesuchten Artikeln, hinterlegen die Sonderpreise und \u00fcbernehmen die Pflege.<\/p>\n<p>&nbsp;<\/p>\n<p>D<strong>as \u201eMIA SAN MIA\u201c \u2013 Gef\u00fchl f\u00fcr dein Team!<\/strong><\/p>\n<p>Durch einen einheitlichen, professionellen Auftritt st\u00e4rken wir das WIR-Gef\u00fchl in eurem Team. Ob als Sportverein, Fan, Firma oder Landesverband \u2013 DEIN TEAM, EURE FARBEN!<\/p>\n<p>&nbsp;<\/p>\n<p><strong>Entlastung von Ehrenamtlichen!<\/strong><\/p>\n<p>Jedes Teammitglied kann sich die Artikel einfach und bequem \u00fcber den individuellen Onlineshop bestellen. Die Verantwortlichen in einem Verein oder Team k\u00f6nnen sich ab sofort auf das Wesentliche konzentrieren.<\/p>\n<p>&nbsp;<\/p>\n<p><strong>Pers\u00f6nliche Betreuung!<\/strong><\/p>\n<p>Egal wo der Schuh dr\u00fcckt, euer pers\u00f6nlicher Ansprechpartner ber\u00e4t euch individuell zu allen Fragen von der richtigen Beflockung \u00fcber die Artikelauswahl bis hin zu Lieferterminen oder Sonderanfertigungen.<\/p>\n<p>Ich freue mich auf Eure Anfragen<\/p>\n<p>Sven Goslar<\/p>\n<p>&nbsp;<\/p>\n<p>&nbsp;<\/p>\n<p>&nbsp;<\/p>\n<p>&nbsp;<\/p>\n<p>&nbsp;<\/p>\n<p>&nbsp;<\/p>\n<p>Ware die invividuell f\u00fcr euch veredelt wird (also z.B. mit Spielernamen, Nummern, Sponsorenlogos, Vereinswappen, Initalien, etc bedruckt\/beflockt wird) gilt als Sonderanfertigung und ist von einem Umtausch leider ausgeschlossen.<\/p>\n","protected":false},"excerpt":{"rendered":"<p><strong>Gro\u00dfes Duschtuch MTV Wolfenb\u00fcttel<br \/>\n<\/strong><\/p>\n<div class=\"woocommerce-product-details__short-description\">\n<p>Duschtuch mit Sublimationsdruck! Ein optisches Highlight in den Ma\u00dfen 70 x 140 cm. Wir veredeln dies mit einem hochwertigen Sublimationsdruck den wir individuell auftragen. Beim Sublimationdruck-Verfahren wird die Farbe direkt auf dem Material bei einer Temperatur von ca. 200\u00b0C eingedampft (sublimieren) Die Farbe bleibt dabei direkt an jeder einzelnen Faser haften und wird nicht oben drauf mit einer harten Tr\u00e4gerschicht aufgeb\u00fcgelt. Die Farbpigmente sind somit ein Teil des Stoffes und werden nicht aufgeklebt wie z.B. beim Plotterverfahren \u00fcblich. Die HALTBARKEIT ist durch das direkte eindampfen der Farbe in das Material mit keiner andere Methode vergleichbar! Der Sublimationddruck verliert sich bei unz\u00e4hligen hei\u00dfen W\u00e4schen nie an Brillanz. Die UV- und Farbbest\u00e4ndigkeit sucht seinesgleichen. Eine ist Seite ist aus 100% Polyester, das nur bei diesem Material die Drucktechnik m\u00f6glich ist. Die andere Seite ist aus unbedruckter Baumwolle und nimmt die Feutigkeit perfekt auf.<\/p>\n<\/div>\n<p>Gr\u00f6\u00dfe\u00a0 L<\/p>\n<p>Lieferzeit: ca 7- 14 Tage<\/p>\n<table border=\"1\" cellspacing=\"0\" cellpadding=\"0\">\n<tbody>\n<tr>\n<td><strong>Menge<\/strong><\/td>\n<td><strong>Preis<\/strong><\/td>\n<\/tr>\n<tr>\n<td>1 &#8211; 4<\/td>\n<td>35,99 \u20ac<\/td>\n<\/tr>\n<tr>\n<td>5 &#8211; 9<\/td>\n<td>33,99 \u20ac<\/td>\n<\/tr>\n<tr>\n<td>10-20<\/td>\n<td>32,99 \u20ac<\/td>\n<\/tr>\n<\/tbody>\n<\/table>\n<p>&nbsp;<\/p>\n","protected":false},"featured_media":1241,"template":"","meta":[],"product_brand":[],"product_cat":[249,220],"product_tag":[],"class_list":{"0":"post-1239","1":"product","2":"type-product","3":"status-publish","4":"has-post-thumbnail","6":"product_cat-handtuecher-und-badepantoletten-mtv","7":"product_cat-mtv-wolfenbuettel","8":"description-off","10":"first","11":"instock","12":"sale","13":"taxable","14":"shipping-taxable","15":"purchasable","16":"product-type-variable"},"_links":{"self":[{"href":"https:\/\/sport-goslar.de\/verein-shop\/wp-json\/wp\/v2\/product\/1239","targetHints":{"allow":["GET"]}}],"collection":[{"href":"https:\/\/sport-goslar.de\/verein-shop\/wp-json\/wp\/v2\/product"}],"about":[{"href":"https:\/\/sport-goslar.de\/verein-shop\/wp-json\/wp\/v2\/types\/product"}],"wp:featuredmedia":[{"embeddable":true,"href":"https:\/\/sport-goslar.de\/verein-shop\/wp-json\/wp\/v2\/media\/1241"}],"wp:attachment":[{"href":"https:\/\/sport-goslar.de\/verein-shop\/wp-json\/wp\/v2\/media?parent=1239"}],"wp:term":[{"taxonomy":"product_brand","embeddable":true,"href":"https:\/\/sport-goslar.de\/verein-shop\/wp-json\/wp\/v2\/product_brand?post=1239"},{"taxonomy":"product_cat","embeddable":true,"href":"https:\/\/sport-goslar.de\/verein-shop\/wp-json\/wp\/v2\/product_cat?post=1239"},{"taxonomy":"product_tag","embeddable":true,"href":"https:\/\/sport-goslar.de\/verein-shop\/wp-json\/wp\/v2\/product_tag?post=1239"}],"curies":[{"name":"wp","href":"https:\/\/api.w.org\/{rel}","templated":true}]}}